{"id":1570,"date":"2025-10-23T07:08:55","date_gmt":"2025-10-23T06:08:55","guid":{"rendered":"https:\/\/goldzino.org\/registo-e-login\/"},"modified":"2025-11-27T13:37:08","modified_gmt":"2025-11-27T13:37:08","slug":"logowanie-i-rejestracja","status":"publish","type":"page","link":"https:\/\/goldzino.org\/pl\/logowanie-i-rejestracja\/","title":{"rendered":"Logowanie i rejestracja"},"content":{"rendered":"<h1>Zaloguj si\u0119 do Goldzino i zarejestruj si\u0119<\/h1>\n<p>Rejestracja na naszej platformie zazwyczaj rozpoczyna si\u0119 od szybkiego procesu logowania \u2014 Goldzino login jest prosty i nie wymaga \u017cadnych skomplikowanych czynno\u015bci, podobnie jak w przypadku wi\u0119kszo\u015bci nowoczesnych stron. Kasyno Goldzino zapewnia bezpieczny dost\u0119p do szerokiej gamy tytu\u0142\u00f3w, ale bonus mo\u017cna aktywowa\u0107 dopiero po rejestracji. Nasi u\u017cytkownicy mog\u0105 bezzw\u0142ocznie cieszy\u0107 si\u0119 swoimi ulubionymi grami. Ka\u017cdy gracz w Polsce mo\u017ce samodzielnie przej\u015b\u0107 procedur\u0119 rejestracji i logowania oraz zarz\u0105dza\u0107 swoim kontem.<\/p>\n<p><div class=\"banner-wrap\" aria-label=\"Banner\"><img src=\"https:\/\/goldzino.org\/wp-content\/uploads\/2025\/10\/Goldzino-Banner-Desktop.webp\" class=\"w-100 d-none d-lg-block img-pc main-banner-img\" alt=\"Goldzino Bonus\" fetchpriority=\"high\" decoding=\"async\"><img src=\"https:\/\/goldzino.org\/wp-content\/uploads\/2025\/10\/Gold-zino-Mobile-Banner.webp\" class=\"w-100 d-none d-md-block d-lg-none main-banner-img\" alt=\"Goldzino Bonus\" fetchpriority=\"high\" decoding=\"async\"><img src=\"https:\/\/goldzino.org\/wp-content\/uploads\/2025\/10\/Gold-zino-Mobile-Banner.webp\" class=\"w-100 d-md-none\" alt=\"Goldzino Bonus\" fetchpriority=\"high\" decoding=\"async\"><div class=\"banner-description\">\n<div class=\"banner-title\">Bonusy Powitalne<\/div>\n<p class=\"banner-header-title\">1500\u20ac<\/p>\n<div class=\"banner-header-AdditionalText\">+ 250 Darmowych Spin\u00f3w<\/div>\n<button data-item=\"homepage_banner_link\" class=\"goto m-button m-gradient-border m-button--primary m-button--large banner-button btn-orange\">\n            <div class=\"m-button-content\">\n                <span>Zarejestruj si\u0119 teraz<\/span>\n                <span><\/span>\n            <\/div>\n        <\/button>\n<\/div>\n<div class=\"WelcomePack\">\n<p><img decoding=\"async\" src=\"https:\/\/goldzino.org\/wp-content\/uploads\/2025\/10\/welcome-crown.svg\" alt=\"crown\" \/><\/p>\n<div class=\"WelcomePack-Info\">Cotygodniowy zwrot got\u00f3wki do 25%<\/div>\n<p><img decoding=\"async\" src=\"https:\/\/goldzino.org\/wp-content\/uploads\/2025\/10\/welcome-crown.svg\" alt=\"crown\" \/><\/p>\n<\/div>\n<\/div><div class=\"scrollable-content-wrap my-5\"><div class=\"scrollable-content-inner\"><h2>Goldzino logowanie proces<\/h2>\n<p>Za\u0142o\u017cenie konta w Goldzino zapewnia naszym cenionym u\u017cytkownikom dost\u0119p do przyjaznego centrum skupiaj\u0105cego osoby o podobnych pogl\u0105dach i upodobaniach. Uzyskujesz r\u00f3wnie\u017c dost\u0119p do spersonalizowanego zarz\u0105dzania kontem, a tak\u017ce odblokowujesz nasze <a href=\"https:\/\/goldzino.org\/pl\/bonus\/\">ekskluzywne bonusy<\/a> i podnosisz sw\u00f3j poziom, zyskuj\u0105c szans\u0119 do\u0142\u0105czenia do programu VIP. Aktywne konto w Goldzino Casino pomaga graczom wp\u0142aca\u0107 \u015brodki, bra\u0107 udzia\u0142 w promocjach, \u015bledzi\u0107 histori\u0119 gier i bonus\u00f3w, a tak\u017ce weryfikowa\u0107 dokumenty bezpiecze\u0144stwa KYC. Rejestracja jest specjalnie zaprojektowana tak, aby by\u0142a szybka i prosta, zapewniaj\u0105c wszystkim naszym u\u017cytkownikom dost\u0119p do funkcji naszej platformy.<\/p>\n<h3>Za\u0142\u00f3\u017c swoje konto w kasynie Goldzino<\/h3>\n<p>Za\u0142o\u017cenie konta w Goldzino Casino jest zawsze \u0142atwe. Kroki niezb\u0119dne do zalogowania si\u0119 do Goldzino s\u0105 logiczne. Mo\u017cesz si\u0119 o tym przekona\u0107 poni\u017cej:<\/p>\n<ol>\n<li>Na naszej stronie g\u0142\u00f3wnej Goldzino znajd\u017a jasne przyciski w prawym g\u00f3rnym rogu \u2014 logowanie i rejestracja.<\/li>\n<li>Wype\u0142nij kr\u00f3tki formularz rejestracyjny. Prosimy jedynie o podanie adresu e-mail i silnego, przemy\u015blanego has\u0142a.<\/li>\n<li>Zapoznaj si\u0119 dok\u0142adnie z naszymi Warunkami korzystania z serwisu Gold Zino i zaznacz pole.<\/li>\n<li>Je\u015bli chcesz otrzymywa\u0107 nasz promocyjny biuletyn, zaznacz r\u00f3wnie\u017c to pole.<\/li>\n<li>Zako\u0144cz proces rejestracji, przechodz\u0105c do swojej skrzynki odbiorczej.<\/li>\n<li>Przejd\u017a do skrzynki odbiorczej i wyszukaj wiadomo\u015b\u0107 od nas. Je\u015bli nie mo\u017cesz jej znale\u017a\u0107 w skrzynce odbiorczej, sprawd\u017a folder spam.<\/li>\n<li>Aktywuj swoje konto Gold Zino.<\/li>\n<\/ol>\n<h2>Goldzino dost\u0119p do konta i zarz\u0105dzanie nim<\/h2>\n<p>\u0141atwo jest zalogowa\u0107 si\u0119 na swoje konto w <a href=\"https:\/\/goldzino.org\/pl\/\">kasynie Goldzino<\/a>, a dzi\u0119ki niemu masz pe\u0142n\u0105 kontrol\u0119 nad swoj\u0105 gr\u0105.<\/p>\n<table>\n<tbody>\n<tr>\n<td>Kroki<\/td>\n<td>Szczeg\u00f3\u0142y<\/td>\n<\/tr>\n<tr>\n<td>Znajd\u017a przycisk \u201eZaloguj si\u0119\u201d<\/td>\n<td>Ten sam przycisk obok zak\u0142adki rejestracji<\/td>\n<\/tr>\n<tr>\n<td>Wpisz adres e-mail<\/td>\n<td>U\u017cyj adresu e-mail, kt\u00f3ry poda\u0142e\u015b podczas rejestracji.<\/td>\n<\/tr>\n<tr>\n<td>Wprowad\u017a has\u0142o<\/td>\n<td>U\u017cyj has\u0142a utworzonego podczas rejestracji.<\/td>\n<\/tr>\n<tr>\n<td>Kliknij ponownie \u201eZaloguj si\u0119\u201d.<\/td>\n<td>Aby uzyska\u0107 dost\u0119p do swojego konta<\/td>\n<\/tr>\n<\/tbody>\n<\/table>\n<p>Po wej\u015bciu na pulpit nawigacyjny swojego konta mo\u017cesz wp\u0142aca\u0107 i wyp\u0142aca\u0107 pieni\u0105dze, sprawdza\u0107 histori\u0119 konta, zmienia\u0107 ustawienia konta i zarz\u0105dza\u0107 danymi osobowymi, je\u015bli zajdzie taka potrzeba. Ponadto nasza platforma jest wieloj\u0119zyczna, co oznacza, \u017ce u\u017cytkownicy z r\u00f3\u017cnych cz\u0119\u015bci \u015bwiata mog\u0105 z \u0142atwo\u015bci\u0105 porusza\u0107 si\u0119 po stronie. Wystarczy zmieni\u0107 j\u0119zyk strony internetowej, a zostanie ona automatycznie przet\u0142umaczona na jeden z preferowanych j\u0119zyk\u00f3w.<\/p>\n<p>Zarz\u0105dzanie kontem obejmuje dodawanie element\u00f3w zabezpieczaj\u0105cych, takich jak uwierzytelnianie dwusk\u0142adnikowe i funkcje zarz\u0105dzania sesjami, aby zapewni\u0107 odpowiedzialn\u0105 gr\u0119 i kontrol\u0119 nad czasem sp\u0119dzanym na naszej platformie. Ponadto nasi u\u017cytkownicy mog\u0105 zmienia\u0107 swoje dane osobowe, ustawia\u0107 limity wp\u0142at i bra\u0107 udzia\u0142 w ofertach promocyjnych bezpo\u015brednio ze swojego konta.<\/p>\n<h3>Zapomnia\u0142e\u015b Goldzino dane logowania ?<\/h3>\n<p>Zaleca si\u0119 zapisanie danych logowania za pomoc\u0105 funkcji zapisywania hase\u0142 w przegl\u0105darce lub zaufanej aplikacji innej firmy. Je\u015bli korzystasz z tradycyjnego konta, po prostu zapisz dane logowania, aby m\u00f3c je p\u00f3\u017aniej ponownie wprowadzi\u0107, loguj\u0105c si\u0119 na komputerze lub w <a href=\"https:\/\/goldzino.org\/pl\/aplikacja\/\">aplikacji<\/a>.<\/p>\n<p>Ale r\u00f3\u017cne rzeczy si\u0119 zdarzaj\u0105. Je\u015bli zgubisz lub zapomnisz swoje dane logowania do Goldzino, nasza strona z pewno\u015bci\u0105 pomo\u017ce Ci je odzyska\u0107; zapewnia ona rozwi\u0105zanie:<\/p>\n<ol>\n<li>W przypadku utraty has\u0142a mo\u017cna klikn\u0105\u0107 link \u201eNie pami\u0119tasz has\u0142a?\u201d, kt\u00f3ry znajduje si\u0119 na stronie logowania, nieco poni\u017cej, w formie banera.<\/li>\n<li>Prosz\u0119 poda\u0107 sw\u00f3j wcze\u015bniej zarejestrowany adres e-mail.<\/li>\n<li>W momencie wys\u0142ania instrukcji resetowania has\u0142a na Tw\u00f3j adres e-mail, musisz post\u0119powa\u0107 zgodnie z nimi, aby bezpiecznie zresetowa\u0107 has\u0142o.<\/li>\n<li>Je\u015bli nie masz ju\u017c dost\u0119pu do swojej poczty lub zosta\u0142a ona utracona, albo je\u015bli napotkasz problemy z logowaniem, takie jak blokowanie lub problemy z po\u0142\u0105czeniem, mo\u017cesz uzyska\u0107 pomoc od naszego zespo\u0142u wsparcia Goldzino za po\u015brednictwem czatu na \u017cywo lub poczty elektronicznej.<\/li>\n<\/ol>\n<p>Nasz przyjazny zesp\u00f3\u0142 pomocy technicznej jest zawsze gotowy do szybkiego rozwi\u0105zania problem\u00f3w z logowaniem, wi\u0119c nie wahaj si\u0119 klikn\u0105\u0107 ma\u0142ego przycisku pomocy technicznej na naszej stronie internetowej Gold Zino.<\/p>\n<h2>Zweryfikuj swoje konto Gold Zino<\/h2>\n<p>W niekt\u00f3rych szczeg\u00f3lnych przypadkach b\u0119dziemy potrzebowa\u0107 weryfikacji Twojego konta. Obs\u0142uga prawdziwych pieni\u0119dzy (bonusy i wp\u0142aty) wymaga dodatkowej ochrony, dlatego robimy wszystko, co w naszej mocy, aby zapewni\u0107 bezpiecze\u0144stwo Twojego konta i pieni\u0119dzy. Nasz proces weryfikacji jest obowi\u0105zkowy dla os\u00f3b, kt\u00f3re chc\u0105 gra\u0107 poza trybem demo. W Goldzino przestrzegamy przepis\u00f3w prawa. Nasz proces obejmuje:<\/p>\n<ul>\n<li>Dostarczenie dokumentu to\u017csamo\u015bci. Na przyk\u0142ad paszportu lub prawa jazdy.<\/li>\n<li>Dokument potwierdzaj\u0105cy miejsce zamieszkania. Mo\u017ce to by\u0107 rachunek za media lub wyci\u0105g z konta bankowego.<\/li>\n<\/ul>\n<p>Wszystkie prawdziwe skany dokument\u00f3w nale\u017cy przes\u0142a\u0107 za po\u015brednictwem sekcji weryfikacji konta w profilu.<\/p>\n<p>Nast\u0119pnie nasz zesp\u00f3\u0142 Goldzino Casino obs\u0142ugi wieloj\u0119zycznej szybko zajmie si\u0119 Twoimi dokumentami; nie musisz d\u0142ugo czeka\u0107, poniewa\u017c wi\u0119kszo\u015b\u0107 proces\u00f3w jest zmodernizowana i przyjazna dla technologii. Ponadto weryfikacja podnosi limity wp\u0142at i otwiera wi\u0119cej mo\u017cliwo\u015bci dla Twojej gry.<\/p>\n<h2>FAQ<\/h2>\n<h3>Jak zweryfikowa\u0107 swoje konto?<\/h3>\n<p>Potwierdzenie wymaga przedstawienia wa\u017cnych dokument\u00f3w to\u017csamo\u015bci za po\u015brednictwem konta osobistego na naszej platformie Gold Zino. Nasz zesp\u00f3\u0142 pomocy technicznej Goldzino Casino sprawdza wszystkie przes\u0142ane dokumenty, aby upewni\u0107 si\u0119, \u017ce zweryfikowana to\u017csamo\u015b\u0107 jest zgodna z normami prawnymi i zapewnia bezpiecze\u0144stwo wszystkich kont oraz naszego kasyna.<\/p>\n<h3>Czy mog\u0119 zaktualizowa\u0107 swoje has\u0142o lub adres e-mail?<\/h3>\n<p>Je\u015bli kiedykolwiek zapomnisz has\u0142a, kliknij opcj\u0119 \u201eNie pami\u0119tasz has\u0142a?\u201d w sekcji Logowanie do Goldzino. W przypadku problem\u00f3w z poczt\u0105 elektroniczn\u0105 mo\u017cesz skontaktowa\u0107 si\u0119 z naszym zespo\u0142em pomocy technicznej za po\u015brednictwem czatu na \u017cywo lub wys\u0142a\u0107 wiadomo\u015b\u0107 e-mail \u2014 jeste\u015bmy zawsze online. Mo\u017cesz r\u00f3wnie\u017c zosta\u0107 poproszony o potwierdzenie swojej to\u017csamo\u015bci w celu u\u0142atwienia odzyskania konta.<\/p>\n<h3>Co mam zrobi\u0107, je\u015bli moje konto zostanie zablokowane?<\/h3>\n<p>Kiedy pr\u00f3bujesz zalogowa\u0107 si\u0119 do serwisu Goldzino, mog\u0105 wyst\u0105pi\u0107 sytuacje, w kt\u00f3rych Twoje konto zostanie zablokowane lub zawieszone ze wzgl\u0119d\u00f3w bezpiecze\u0144stwa lub z powodu nietypowej aktywno\u015bci na koncie. Bardzo uwa\u017cnie podchodzimy do wszelkich przypadk\u00f3w oszustw, nadu\u017cy\u0107 bonus\u00f3w i nielegalnych praktyk. Dlatego nale\u017cy skontaktowa\u0107 si\u0119 z naszym zespo\u0142em pomocy technicznej za po\u015brednictwem czatu na \u017cywo lub poczty elektronicznej. Pomog\u0105 oni odblokowa\u0107 konto poprzez weryfikacj\u0119 to\u017csamo\u015bci lub inne niezb\u0119dne kroki. Nie ma powodu do obaw.<\/p>\n<h3>Jak mog\u0119 dezaktywowa\u0107 swoje konto?<\/h3>\n<p>Ka\u017cdy z naszych graczy mo\u017ce zamkn\u0105\u0107 swoje konto Gold Zino, wysy\u0142aj\u0105c nam wiadomo\u015b\u0107 z informacj\u0105 o tym poprzez ustawienia swojego konta lub kontaktuj\u0105c si\u0119 z naszym dzia\u0142em pomocy technicznej. Podejmiemy niezb\u0119dne dzia\u0142ania zgodnie z warunkami platformy, aby zapewni\u0107 bezpiecze\u0144stwo Twojego konta Goldzino casino.<\/p>\n<\/div><\/div><\/p>\n","protected":false},"excerpt":{"rendered":"<p>Zaloguj si\u0119 do Goldzino i zarejestruj si\u0119 Rejestracja na naszej platformie zazwyczaj rozpoczyna si\u0119 od szybkiego procesu logowania \u2014 Goldzino login jest prosty i nie wymaga \u017cadnych skomplikowanych czynno\u015bci, podobnie jak w przypadku wi\u0119kszo\u015bci nowoczesnych stron. Kasyno Goldzino zapewnia bezpieczny dost\u0119p do szerokiej gamy tytu\u0142\u00f3w, ale bonus mo\u017cna aktywowa\u0107 dopiero po rejestracji. Nasi u\u017cytkownicy mog\u0105 [&hellip;]<\/p>\n","protected":false},"author":1,"featured_media":0,"parent":0,"menu_order":0,"comment_status":"closed","ping_status":"closed","template":"template-builder.php","meta":{"_acf_changed":false,"inline_featured_image":false,"footnotes":""},"class_list":["post-1570","page","type-page","status-publish","hentry"],"acf":[],"yoast_head":"<!-- This site is optimized with the Yoast SEO plugin v27.3 - https:\/\/yoast.com\/product\/yoast-seo-wordpress\/ -->\n<title>Goldzino login i rejestracja konta<\/title>\n<meta name=\"description\" content=\"Rozpocznij w kilka sekund. Utw\u00f3rz login Gold Zino, aby uzyska\u0107 natychmiastowy dost\u0119p, lub zaloguj si\u0119, aby zarz\u0105dza\u0107 swoim profilem, dokona\u0107 weryfikacji i gra\u0107 bezpiecznie.\" \/>\n<meta name=\"robots\" content=\"index, follow, max-snippet:-1, max-image-preview:large, max-video-preview:-1\" \/>\n<link rel=\"canonical\" href=\"https:\/\/goldzino.org\/pl\/logowanie-i-rejestracja\/\" \/>\n<meta property=\"og:locale\" content=\"pl_PL\" \/>\n<meta property=\"og:type\" content=\"article\" \/>\n<meta property=\"og:title\" content=\"Goldzino login i rejestracja konta\" \/>\n<meta property=\"og:description\" content=\"Rozpocznij w kilka sekund. Utw\u00f3rz login Gold Zino, aby uzyska\u0107 natychmiastowy dost\u0119p, lub zaloguj si\u0119, aby zarz\u0105dza\u0107 swoim profilem, dokona\u0107 weryfikacji i gra\u0107 bezpiecznie.\" \/>\n<meta property=\"og:url\" content=\"https:\/\/goldzino.org\/pl\/logowanie-i-rejestracja\/\" \/>\n<meta property=\"og:site_name\" content=\"goldzino\" \/>\n<meta property=\"article:modified_time\" content=\"2025-11-27T13:37:08+00:00\" \/>\n<meta name=\"twitter:card\" content=\"summary_large_image\" \/>\n<meta name=\"twitter:label1\" content=\"Est. reading time\" \/>\n\t<meta name=\"twitter:data1\" content=\"1 minuta\" \/>\n<script type=\"application\/ld+json\" class=\"yoast-schema-graph\">{\"@context\":\"https:\\\/\\\/schema.org\",\"@graph\":[{\"@type\":\"WebPage\",\"@id\":\"https:\\\/\\\/goldzino.org\\\/pl\\\/logowanie-i-rejestracja\\\/\",\"url\":\"https:\\\/\\\/goldzino.org\\\/pl\\\/logowanie-i-rejestracja\\\/\",\"name\":\"Goldzino login i rejestracja konta\",\"isPartOf\":{\"@id\":\"https:\\\/\\\/goldzino.org\\\/pl\\\/#website\"},\"datePublished\":\"2025-10-23T06:08:55+00:00\",\"dateModified\":\"2025-11-27T13:37:08+00:00\",\"description\":\"Rozpocznij w kilka sekund. Utw\u00f3rz login Gold Zino, aby uzyska\u0107 natychmiastowy dost\u0119p, lub zaloguj si\u0119, aby zarz\u0105dza\u0107 swoim profilem, dokona\u0107 weryfikacji i gra\u0107 bezpiecznie.\",\"breadcrumb\":{\"@id\":\"https:\\\/\\\/goldzino.org\\\/pl\\\/logowanie-i-rejestracja\\\/#breadcrumb\"},\"inLanguage\":\"pl-PL\",\"potentialAction\":[{\"@type\":\"ReadAction\",\"target\":[\"https:\\\/\\\/goldzino.org\\\/pl\\\/logowanie-i-rejestracja\\\/\"]}]},{\"@type\":\"BreadcrumbList\",\"@id\":\"https:\\\/\\\/goldzino.org\\\/pl\\\/logowanie-i-rejestracja\\\/#breadcrumb\",\"itemListElement\":[{\"@type\":\"ListItem\",\"position\":1,\"name\":\"GoldZino\",\"item\":\"https:\\\/\\\/goldzino.org\\\/pl\\\/\"},{\"@type\":\"ListItem\",\"position\":2,\"name\":\"Logowanie i rejestracja\"}]},{\"@type\":\"WebSite\",\"@id\":\"https:\\\/\\\/goldzino.org\\\/pl\\\/#website\",\"url\":\"https:\\\/\\\/goldzino.org\\\/pl\\\/\",\"name\":\"GoldZino\",\"description\":\"\",\"publisher\":{\"@id\":\"https:\\\/\\\/goldzino.org\\\/pl\\\/#organization\"},\"potentialAction\":[{\"@type\":\"SearchAction\",\"target\":{\"@type\":\"EntryPoint\",\"urlTemplate\":\"https:\\\/\\\/goldzino.org\\\/pl\\\/?s={search_term_string}\"},\"query-input\":{\"@type\":\"PropertyValueSpecification\",\"valueRequired\":true,\"valueName\":\"search_term_string\"}}],\"inLanguage\":\"pl-PL\"},{\"@type\":\"Organization\",\"@id\":\"https:\\\/\\\/goldzino.org\\\/pl\\\/#organization\",\"name\":\"GoldZino\",\"url\":\"https:\\\/\\\/goldzino.org\\\/pl\\\/\",\"logo\":{\"@type\":\"ImageObject\",\"inLanguage\":\"pl-PL\",\"@id\":\"https:\\\/\\\/goldzino.org\\\/pl\\\/#\\\/schema\\\/logo\\\/image\\\/\",\"url\":\"https:\\\/\\\/goldzino.org\\\/wp-content\\\/uploads\\\/2025\\\/08\\\/80u1FaquEZeR6OUTeJCc.png\",\"contentUrl\":\"https:\\\/\\\/goldzino.org\\\/wp-content\\\/uploads\\\/2025\\\/08\\\/80u1FaquEZeR6OUTeJCc.png\",\"width\":209,\"height\":46,\"caption\":\"GoldZino\"},\"image\":{\"@id\":\"https:\\\/\\\/goldzino.org\\\/pl\\\/#\\\/schema\\\/logo\\\/image\\\/\"}}]}<\/script>\n<!-- \/ Yoast SEO plugin. -->","yoast_head_json":{"title":"Goldzino login i rejestracja konta","description":"Rozpocznij w kilka sekund. Utw\u00f3rz login Gold Zino, aby uzyska\u0107 natychmiastowy dost\u0119p, lub zaloguj si\u0119, aby zarz\u0105dza\u0107 swoim profilem, dokona\u0107 weryfikacji i gra\u0107 bezpiecznie.","robots":{"index":"index","follow":"follow","max-snippet":"max-snippet:-1","max-image-preview":"max-image-preview:large","max-video-preview":"max-video-preview:-1"},"canonical":"https:\/\/goldzino.org\/pl\/logowanie-i-rejestracja\/","og_locale":"pl_PL","og_type":"article","og_title":"Goldzino login i rejestracja konta","og_description":"Rozpocznij w kilka sekund. Utw\u00f3rz login Gold Zino, aby uzyska\u0107 natychmiastowy dost\u0119p, lub zaloguj si\u0119, aby zarz\u0105dza\u0107 swoim profilem, dokona\u0107 weryfikacji i gra\u0107 bezpiecznie.","og_url":"https:\/\/goldzino.org\/pl\/logowanie-i-rejestracja\/","og_site_name":"goldzino","article_modified_time":"2025-11-27T13:37:08+00:00","twitter_card":"summary_large_image","twitter_misc":{"Est. reading time":"1 minuta"},"schema":{"@context":"https:\/\/schema.org","@graph":[{"@type":"WebPage","@id":"https:\/\/goldzino.org\/pl\/logowanie-i-rejestracja\/","url":"https:\/\/goldzino.org\/pl\/logowanie-i-rejestracja\/","name":"Goldzino login i rejestracja konta","isPartOf":{"@id":"https:\/\/goldzino.org\/pl\/#website"},"datePublished":"2025-10-23T06:08:55+00:00","dateModified":"2025-11-27T13:37:08+00:00","description":"Rozpocznij w kilka sekund. Utw\u00f3rz login Gold Zino, aby uzyska\u0107 natychmiastowy dost\u0119p, lub zaloguj si\u0119, aby zarz\u0105dza\u0107 swoim profilem, dokona\u0107 weryfikacji i gra\u0107 bezpiecznie.","breadcrumb":{"@id":"https:\/\/goldzino.org\/pl\/logowanie-i-rejestracja\/#breadcrumb"},"inLanguage":"pl-PL","potentialAction":[{"@type":"ReadAction","target":["https:\/\/goldzino.org\/pl\/logowanie-i-rejestracja\/"]}]},{"@type":"BreadcrumbList","@id":"https:\/\/goldzino.org\/pl\/logowanie-i-rejestracja\/#breadcrumb","itemListElement":[{"@type":"ListItem","position":1,"name":"GoldZino","item":"https:\/\/goldzino.org\/pl\/"},{"@type":"ListItem","position":2,"name":"Logowanie i rejestracja"}]},{"@type":"WebSite","@id":"https:\/\/goldzino.org\/pl\/#website","url":"https:\/\/goldzino.org\/pl\/","name":"GoldZino","description":"","publisher":{"@id":"https:\/\/goldzino.org\/pl\/#organization"},"potentialAction":[{"@type":"SearchAction","target":{"@type":"EntryPoint","urlTemplate":"https:\/\/goldzino.org\/pl\/?s={search_term_string}"},"query-input":{"@type":"PropertyValueSpecification","valueRequired":true,"valueName":"search_term_string"}}],"inLanguage":"pl-PL"},{"@type":"Organization","@id":"https:\/\/goldzino.org\/pl\/#organization","name":"GoldZino","url":"https:\/\/goldzino.org\/pl\/","logo":{"@type":"ImageObject","inLanguage":"pl-PL","@id":"https:\/\/goldzino.org\/pl\/#\/schema\/logo\/image\/","url":"https:\/\/goldzino.org\/wp-content\/uploads\/2025\/08\/80u1FaquEZeR6OUTeJCc.png","contentUrl":"https:\/\/goldzino.org\/wp-content\/uploads\/2025\/08\/80u1FaquEZeR6OUTeJCc.png","width":209,"height":46,"caption":"GoldZino"},"image":{"@id":"https:\/\/goldzino.org\/pl\/#\/schema\/logo\/image\/"}}]}},"_links":{"self":[{"href":"https:\/\/goldzino.org\/pl\/wp-json\/wp\/v2\/pages\/1570","targetHints":{"allow":["GET"]}}],"collection":[{"href":"https:\/\/goldzino.org\/pl\/wp-json\/wp\/v2\/pages"}],"about":[{"href":"https:\/\/goldzino.org\/pl\/wp-json\/wp\/v2\/types\/page"}],"author":[{"embeddable":true,"href":"https:\/\/goldzino.org\/pl\/wp-json\/wp\/v2\/users\/1"}],"replies":[{"embeddable":true,"href":"https:\/\/goldzino.org\/pl\/wp-json\/wp\/v2\/comments?post=1570"}],"version-history":[{"count":3,"href":"https:\/\/goldzino.org\/pl\/wp-json\/wp\/v2\/pages\/1570\/revisions"}],"predecessor-version":[{"id":2248,"href":"https:\/\/goldzino.org\/pl\/wp-json\/wp\/v2\/pages\/1570\/revisions\/2248"}],"wp:attachment":[{"href":"https:\/\/goldzino.org\/pl\/wp-json\/wp\/v2\/media?parent=1570"}],"curies":[{"name":"wp","href":"https:\/\/api.w.org\/{rel}","templated":true}]}}