{"id":1508,"date":"2025-10-23T07:01:26","date_gmt":"2025-10-23T06:01:26","guid":{"rendered":"https:\/\/goldzino.org\/aplicacao\/"},"modified":"2025-11-27T13:14:35","modified_gmt":"2025-11-27T13:14:35","slug":"aplikacja","status":"publish","type":"page","link":"https:\/\/goldzino.org\/pl\/aplikacja\/","title":{"rendered":"Aplikacja"},"content":{"rendered":"<h1>Aplikacja Goldzino Casino<\/h1>\n<p>Goldzino app stanowi wysokiej klasy platform\u0119 gier mobilnych, dzi\u0119ki kt\u00f3rej polscy gracze mog\u0105 cieszy\u0107 si\u0119 ulubionymi grami kasynowymi w dowolnym miejscu i czasie. Aplikacja Goldzino zosta\u0142a zaprojektowana tak, aby by\u0142a kompatybilna ze wszystkimi urz\u0105dzeniami, dzi\u0119ki czemu u\u017cytkownik mo\u017ce cieszy\u0107 si\u0119 wygodn\u0105 nawigacj\u0105, szybkim \u0142adowaniem oraz bezpiecznymi transakcjami. Aplikacja oferuje wy\u017cszy poziom wygody w mobilnym kasynie dzi\u0119ki intuicyjnemu interfejsowi i szerokiej gamie dost\u0119pnych gier.<\/p>\n<div class=\"banner-wrap\" aria-label=\"Banner\"><img src=\"https:\/\/goldzino.org\/wp-content\/uploads\/2025\/10\/Goldzino-Banner-Desktop.webp\" class=\"w-100 d-none d-lg-block img-pc main-banner-img\" alt=\"Goldzino Bonus\" fetchpriority=\"high\" decoding=\"async\"><img src=\"https:\/\/goldzino.org\/wp-content\/uploads\/2025\/10\/Gold-zino-Mobile-Banner.webp\" class=\"w-100 d-none d-md-block d-lg-none main-banner-img\" alt=\"Goldzino Bonus\" fetchpriority=\"high\" decoding=\"async\"><img src=\"https:\/\/goldzino.org\/wp-content\/uploads\/2025\/10\/Gold-zino-Mobile-Banner.webp\" class=\"w-100 d-md-none\" alt=\"Goldzino Bonus\" fetchpriority=\"high\" decoding=\"async\"><div class=\"banner-description\">\n<div class=\"banner-title\">Bonusy Powitalne<\/div>\n<p class=\"banner-header-title\">1500\u20ac<\/p>\n<div class=\"banner-header-AdditionalText\">+ 250 Darmowych Spin\u00f3w<\/div>\n<button data-item=\"homepage_banner_link\" class=\"goto m-button m-gradient-border m-button--primary m-button--large banner-button btn-orange\">\n            <div class=\"m-button-content\">\n                <span>Zarejestruj si\u0119 teraz<\/span>\n                <span><\/span>\n            <\/div>\n        <\/button>\n<\/div>\n<div class=\"WelcomePack\">\n<p><img decoding=\"async\" src=\"https:\/\/goldzino.org\/wp-content\/uploads\/2025\/10\/welcome-crown.svg\" alt=\"crown\" \/><\/p>\n<div class=\"WelcomePack-Info\">Cotygodniowy zwrot got\u00f3wki do 25%<\/div>\n<p><img decoding=\"async\" src=\"https:\/\/goldzino.org\/wp-content\/uploads\/2025\/10\/welcome-crown.svg\" alt=\"crown\" \/><\/p>\n<\/div>\n<\/div>\n<h2>Graj w podr\u00f3\u017cy dzi\u0119ki Gold Zino<\/h2>\n<p>Aplikacja Goldzino zosta\u0142a zaprojektowana z my\u015bl\u0105 o graczach, kt\u00f3rzy chc\u0105 korzysta\u0107 z urz\u0105dze\u0144 mobilnych do grania w gry kasynowe. Ponadto, zar\u00f3wno na smartfonie, jak i tablecie, aplikacja jest szybka, bezpieczna i przyjazna dla u\u017cytkownika, je\u015bli chodzi o gry. \u0141\u0105czy w sobie pe\u0142n\u0105 funkcjonalno\u015b\u0107 komputera stacjonarnego i wszechstronno\u015b\u0107 urz\u0105dzenia mobilnego, dzi\u0119ki czemu granie w automaty online, gry sto\u0142owe, kasyno na \u017cywo itp. nigdy nie by\u0142o \u0142atwiejsze.<\/p>\n<p>Elastyczno\u015b\u0107 aplikacji sprawia, \u017ce wszystkie funkcje, takie jak wp\u0142aty i wyp\u0142aty, s\u0105 przyjazne dla urz\u0105dze\u0144 mobilnych. Jest ona lekka i szybko si\u0119 \u0142aduje, co oznacza, \u017ce gracze nie musz\u0105 rezygnowa\u0107 z jako\u015bci na rzecz wygody. Oprogramowanie mobilne Gold Zino umo\u017cliwia interaktywne do\u015bwiadczenia, niezale\u017cnie od tego, czy jeste\u015b w domu, w drodze do pracy, czy na wakacjach.<\/p>\n<p>Aplikacja Goldzino zosta\u0142a stworzona specjalnie dla naszych lojalnych i nowych graczy, aby mogli cieszy\u0107 si\u0119 bezpiecznym, elastycznym i bogatym w funkcje procesem na urz\u0105dzeniach mobilnych lub stacjonarnych. Nasze projekty stawiaj\u0105 na \u0142atwo\u015b\u0107 obs\u0142ugi, szybki dost\u0119p i szeroki wyb\u00f3r gier. Jeste\u015bmy w pe\u0142ni przekonani, \u017ce jeste\u015bmy wiod\u0105cym wyborem dla entuzjast\u00f3w kasyn online.<\/p>\n<table>\n<tbody>\n<tr>\n<td>Korzy\u015bci<\/td>\n<td>Opis<\/td>\n<\/tr>\n<tr>\n<td>Kompatybilno\u015b\u0107 z urz\u0105dzeniami mobilnymi<\/td>\n<td>Umo\u017cliwia granie na smartfonach i tabletach<\/td>\n<\/tr>\n<tr>\n<td>Szybko i bezpiecznie<\/td>\n<td>Zapewnia szybki dost\u0119p<\/td>\n<\/tr>\n<tr>\n<td>Wszystkie funkcje s\u0105 tutaj<\/td>\n<td>Obejmuje wszystkie funkcje wersji komputerowej \u2014 wp\u0142aty, wyp\u0142aty i gry.<\/td>\n<\/tr>\n<tr>\n<td>Lekki i szybki<\/td>\n<td>Du\u017ce obci\u0105\u017cenia bez utraty jako\u015bci<\/td>\n<\/tr>\n<tr>\n<td>Interaktywny<\/td>\n<td>Zapewnia wygod\u0119 i komfort<\/td>\n<\/tr>\n<tr>\n<td>Bezpieczny<\/td>\n<td>Zaprojektowany specjalnie z my\u015bl\u0105 o bezpiecznej rozgrywce<\/td>\n<\/tr>\n<tr>\n<td>Mn\u00f3stwo gier<\/td>\n<td>Automaty online, gry sto\u0142owe, kasyno na \u017cywo i wiele wi\u0119cej<\/td>\n<\/tr>\n<tr>\n<td>Przyjazny dla u\u017cytkownika interfejs i wygl\u0105d, kolory<\/td>\n<td>Priorytetem jest \u0142atwo\u015b\u0107 obs\u0142ugi i szybki dost\u0119p<\/td>\n<\/tr>\n<tr>\n<td>Wszechstronny<\/td>\n<td>Graj na urz\u0105dzeniach mobilnych i komputerach stacjonarnych<\/td>\n<\/tr>\n<\/tbody>\n<\/table>\n<p><div style=\"clear: both\"><\/div><div class=\"d-flex justify-content-center\"><button data-item=\"decouvrez_link\" data-group=\"website_links\" class=\"goto fw-bold rounded-pill btn btn-orange\" aria-label=\"Pobierz aplikacj\u0119 Goldzino\" >Pobierz aplikacj\u0119 Goldzino<\/button><\/div><div class=\"scrollable-content-wrap my-5\"><div class=\"scrollable-content-inner\"><h2>Pobierz aplikacj\u0119 na Androida<\/h2>\n<p>Goldzino oferuje \u0142atw\u0105 alternatyw\u0119 dla dost\u0119pu do naszego mobilnego kasyna na urz\u0105dzeniach z systemem Android bez konieczno\u015bci pobierania plik\u00f3w APK. Zamiast tego gracze mog\u0105 korzysta\u0107 z progresywnej aplikacji internetowej (PWA), kt\u00f3ra nie zajmuje miejsca w pami\u0119ci, ale oferuje wszystkie funkcje. Jest to bezpieczna i skuteczna metoda, kt\u00f3ra zapewnia automatyczne aktualizacje i maksymaln\u0105 wydajno\u015b\u0107.<\/p>\n<h3>Aplikacja Goldzino jako PWA<\/h3>\n<p>G\u0142\u00f3wnym sposobem grania w nasze gry kasynowe jest PWA. Wiemy, \u017ce u\u017cytkownicy Androida zazwyczaj my\u015bl\u0105 o zainstalowaniu Gold Zino APK, ale my poszli\u015bmy o krok dalej. Nasza aplikacja Goldzino PWA jest szybsza i \u0142atwiejsza w u\u017cyciu. Na oficjalnej stronie Gold Zino w stopce znajduje si\u0119 specjalny przycisk \u201eCasino Goldzino App\u201d. Po naci\u015bni\u0119ciu tego przycisku rozpocznie si\u0119 proces instalacji, a gracze b\u0119d\u0105 mogli zainstalowa\u0107 aplikacj\u0119 na swoich urz\u0105dzeniach.<\/p>\n<p>Ikona aplikacji Goldzino zostanie wy\u015bwietlona na ekranie g\u0142\u00f3wnym po instalacji i umo\u017cliwia u\u017cytkownikowi natychmiastowy dost\u0119p do mobilnego kasyna. Aktualno\u015bci i <a href=\"https:\/\/goldzino.org\/pl\/bonus\/\">promocje<\/a>, a tak\u017ce aktualizacje pomagaj\u0105 graczom by\u0107 na bie\u017c\u0105co, dzi\u0119ki czemu nie przegapi\u0105 \u017cadnych specjalnych ofert ani premier nowych gier.<\/p>\n<p><img loading=\"lazy\" decoding=\"async\" class=\"alignnone wp-image-1470 size-full\" src=\"https:\/\/goldzino.org\/wp-content\/uploads\/2025\/10\/Gold-Zino-Android.webp\" alt=\"Goldzino Android App\" width=\"1248\" height=\"536\" srcset=\"https:\/\/goldzino.org\/wp-content\/uploads\/2025\/10\/Gold-Zino-Android.webp 1248w, https:\/\/goldzino.org\/wp-content\/uploads\/2025\/10\/Gold-Zino-Android-300x129.webp 300w, https:\/\/goldzino.org\/wp-content\/uploads\/2025\/10\/Gold-Zino-Android-1024x440.webp 1024w, https:\/\/goldzino.org\/wp-content\/uploads\/2025\/10\/Gold-Zino-Android-768x330.webp 768w\" sizes=\"auto, (max-width: 1248px) 100vw, 1248px\" \/><\/p>\n<\/div><\/div><div style=\"clear: both\"><\/div><div class=\"d-flex justify-content-center\"><button data-item=\"decouvrez_link\" data-group=\"website_links\" class=\"goto fw-bold rounded-pill btn btn-orange\" aria-label=\"Pobierz Goldzino\" >Pobierz Goldzino<\/button><\/div><div class=\"scrollable-content-wrap my-5\"><div class=\"scrollable-content-inner\"><h2>Gold Zino aplikacja na iOS<\/h2>\n<p>Dla u\u017cytkownik\u00f3w systemu iOS mamy w zanadrzu dwie niezwykle wygodne opcje: nasz\u0105 progresywn\u0105 aplikacj\u0119 internetow\u0105 (PWA) oraz skr\u00f3t na ekranie g\u0142\u00f3wnym zapewniaj\u0105cy szybszy dost\u0119p \u2014 wystarczy go klikn\u0105\u0107, a kasyno zostanie automatycznie za\u0142adowane. Obie opcje maj\u0105 na celu zapewnienie szybkiej, bezpiecznej i wysokiej jako\u015bci rozgrywki bez konieczno\u015bci wyszukiwania plik\u00f3w APK, pobierania ich i obci\u0105\u017cania pami\u0119ci urz\u0105dzenia. Dzi\u0119ki zastosowaniu nowoczesnego szyfrowania SSL wszystkie dane osobowe i informacje dotycz\u0105ce transakcji pozostaj\u0105 nienaruszone. W Goldzino mamy nadziej\u0119, \u017ce w pe\u0142ni docenisz t\u0119 u\u017cyteczn\u0105 innowacj\u0119.<\/p>\n<p>Nasza aplikacja PWA jest bezp\u0142atna dla wszystkich graczy serwisu Goldzino i mo\u017cna uzyska\u0107 do niej dost\u0119p po prostym procesie konfiguracji. Rozwi\u0105zanie to nie wymaga dodatkowej pami\u0119ci, co sprawia, \u017ce jest ono nieszkodliwe i skuteczne. Nasza aplikacja PWA mo\u017ce by\u0107 aktualizowana automatycznie, dzi\u0119ki czemu wszyscy nasi gracze maj\u0105 zawsze dost\u0119p do najnowszych funkcji i ulepsze\u0144. Oto jak j\u0105 uzyska\u0107:<\/p>\n<ol>\n<li>Przewi\u0144 w d\u00f3\u0142 do ko\u0144ca naszej strony <a href=\"https:\/\/goldzino.org\/pl\/\">Goldzino Casino<\/a>, a\u017c do samego ko\u0144ca.<\/li>\n<li>Zobaczysz ma\u0142y baner z przyciskiem \u201eZainstaluj\u201d.<\/li>\n<li>Po klikni\u0119ciu zostaniesz przeniesiony do naszej aplikacji PWA. \u0141atwo i wygodnie.<\/li>\n<li>Je\u015bli go naci\u015bniesz, jeste\u015b w grze.<\/li>\n<\/ol>\n<h3>Jak utworzy\u0107 ikon\u0119 skr\u00f3tu w systemie iOS<\/h3>\n<p>Istnieje alternatywna opcja, dzi\u0119ki kt\u00f3rej nasze kasyno jest zawsze pod r\u0119k\u0105. Nasi u\u017cytkownicy mog\u0105 utworzy\u0107 ikon\u0119 skr\u00f3tu na swojej stronie g\u0142\u00f3wnej, aby uzyska\u0107 do niego dost\u0119p za pomoc\u0105 jednego klikni\u0119cia. Wymaga to otwarcia przegl\u0105darki Safari, przej\u015bcia do oficjalnej strony Goldzino Casino, naci\u015bni\u0119cia przycisku \u201eUdost\u0119pnij\u201d i wybrania opcji \u201eDodaj do ekranu g\u0142\u00f3wnego\u201d. Nast\u0119pnie wygl\u0105da to jak natywna aplikacja, nawigacja jest \u0142atwa, a wszystkie funkcje kasyna s\u0105 dost\u0119pne.<\/p>\n<p><img loading=\"lazy\" decoding=\"async\" class=\"alignnone wp-image-1471 size-full\" src=\"https:\/\/goldzino.org\/wp-content\/uploads\/2025\/10\/Gold-Zino-iOS.webp\" alt=\"Gold Zino iOS App\" width=\"1248\" height=\"536\" srcset=\"https:\/\/goldzino.org\/wp-content\/uploads\/2025\/10\/Gold-Zino-iOS.webp 1248w, https:\/\/goldzino.org\/wp-content\/uploads\/2025\/10\/Gold-Zino-iOS-300x129.webp 300w, https:\/\/goldzino.org\/wp-content\/uploads\/2025\/10\/Gold-Zino-iOS-1024x440.webp 1024w, https:\/\/goldzino.org\/wp-content\/uploads\/2025\/10\/Gold-Zino-iOS-768x330.webp 768w\" sizes=\"auto, (max-width: 1248px) 100vw, 1248px\" \/><\/p>\n<\/div><\/div><div style=\"clear: both\"><\/div><div class=\"d-flex justify-content-center\"><button data-item=\"decouvrez_link\" data-group=\"website_links\" class=\"goto fw-bold rounded-pill btn btn-orange\" aria-label=\"Pobierz aplikacj\u0119 Goldzino\" >Pobierz aplikacj\u0119 Goldzino<\/button><\/div><div class=\"scrollable-content-wrap my-5\"><div class=\"scrollable-content-inner\"><h2>Goldzino Casino aplikacja dla system\u00f3w Windows i Mac<\/h2>\n<p>Na naszej platformie mamy kilku graczy, kt\u00f3rzy po prostu uwielbiaj\u0105 tradycyjne gry komputerowe! Maj\u0105 oni r\u00f3wnie\u017c do wyboru Goldzino, gdzie mog\u0105 uzyska\u0107 dost\u0119p do platformy internetowej, z kt\u00f3rej mo\u017cna korzysta\u0107 za pomoc\u0105 dowolnej przegl\u0105darki w systemie Windows lub macOS. Nasza wielofunkcyjna, nowoczesna platforma pozostaje w pe\u0142ni funkcjonalna, dzia\u0142a bez wzgl\u0119du na wszystko i jest bezpieczna, dzi\u0119ki czemu mo\u017cesz gra\u0107 w swoje ulubione tytu\u0142y bez \u017cadnych niedogodno\u015bci.<\/p>\n<h3>Skr\u00f3t w przegl\u0105darce lub na pulpicie<\/h3>\n<p>Zaleca si\u0119 dodanie skr\u00f3t\u00f3w, aby u\u0142atwi\u0107 dost\u0119p, a nasz skr\u00f3t Gold Zino jest problemem, kt\u00f3ry nale\u017cy doda\u0107 do komputera. W przegl\u0105darkach internetowych, takich jak Google Chrome, Firefox, Opera i inne, po naci\u015bni\u0119ciu przycisku z trzema kropkami i wybraniu opcji utworzenia skr\u00f3tu, na pasku zada\u0144 lub pulpicie pojawi si\u0119 ikona. Ta ma\u0142a sztuczka pozwala na \u0142atwy dost\u0119p do naszej platformy Goldzino casino, dzi\u0119ki czemu mo\u017cliwe jest p\u0142ynne przej\u015bcie z komputera na urz\u0105dzenie mobilne bez konieczno\u015bci weryfikacji.<\/p>\n<p>Z pewno\u015bci\u0105 ucieszy Ci\u0119 wiadomo\u015b\u0107, \u017ce nasza wersja desktopowa Gold Zino obs\u0142uguje wszystkie rodzaje gier \u2013 karty, ruletk\u0119, pokera, automaty online i magiczne pule, gry kasynowe na \u017cywo, a tak\u017ce gry typu crash. Tryb demo r\u00f3wnie\u017c dzia\u0142a bez zarzutu. Wszystko dzia\u0142a bardzo szybko, dost\u0119pne s\u0105 wszystkie opcje kasyna, a tak\u017ce mo\u017cna bez obaw dokonywa\u0107 wp\u0142at, wyp\u0142at i gra\u0107 w dogodnym dla siebie czasie.<\/p>\n<p><img loading=\"lazy\" decoding=\"async\" class=\"alignnone size-full wp-image-2219\" src=\"https:\/\/goldzino.org\/wp-content\/uploads\/2025\/10\/Gold-Zino-PC-PL.webp\" alt=\"Gold Zino PC\" width=\"1248\" height=\"536\" srcset=\"https:\/\/goldzino.org\/wp-content\/uploads\/2025\/10\/Gold-Zino-PC-PL.webp 1248w, https:\/\/goldzino.org\/wp-content\/uploads\/2025\/10\/Gold-Zino-PC-PL-300x129.webp 300w, https:\/\/goldzino.org\/wp-content\/uploads\/2025\/10\/Gold-Zino-PC-PL-1024x440.webp 1024w, https:\/\/goldzino.org\/wp-content\/uploads\/2025\/10\/Gold-Zino-PC-PL-768x330.webp 768w\" sizes=\"auto, (max-width: 1248px) 100vw, 1248px\" \/><\/p>\n<\/div><\/div><div style=\"clear: both\"><\/div><div class=\"d-flex justify-content-center\"><button data-item=\"decouvrez_link\" data-group=\"website_links\" class=\"goto fw-bold rounded-pill btn btn-orange\" aria-label=\"Pobierz Goldzino\" >Pobierz Goldzino<\/button><\/div><div class=\"scrollable-content-wrap my-5\"><div class=\"scrollable-content-inner\"><h2>Cz\u0119sto zadawane pytania<\/h2>\n<h3>Czy wersja mobilna kasyna Goldzino posiada obs\u0142ug\u0119 klienta?<\/h3>\n<p>Nasza nowoczesna i funkcjonalna aplikacja Goldzino ma \u015bwietny i pe\u0142en entuzjazmu zesp\u00f3\u0142 wsparcia, z kt\u00f3rym mo\u017cna si\u0119 skontaktowa\u0107 za po\u015brednictwem czatu na \u017cywo i poczty elektronicznej w razie pojawienia si\u0119 problem\u00f3w. Nasza obs\u0142uga klienta dzia\u0142a przez ca\u0142\u0105 dob\u0119 i wiemy wszystko, aby zapewni\u0107 Ci profesjonaln\u0105 obs\u0142ug\u0119 w wielu j\u0119zykach. Pomoc techniczna jest dost\u0119pna, aby odpowiedzie\u0107 na wszystkie pytania, gdy tylko gracz napotka trudno\u015bci techniczne lub problemy z weryfikacj\u0105.<\/p>\n<h3>Czy musz\u0119 za\u0142o\u017cy\u0107 konto, aby korzysta\u0107 z aplikacji Gold Zino?<\/h3>\n<p>W rzeczywisto\u015bci <a href=\"https:\/\/goldzino.org\/pl\/logowanie-i-rejestracja\/\">rejestracja<\/a> nie jest obowi\u0105zkowa, ale jest wysoce zalecana. Je\u015bli chcesz tylko wypr\u00f3bowa\u0107 nasze gry demo, nie musisz si\u0119 rejestrowa\u0107. Jednak aby w pe\u0142ni cieszy\u0107 si\u0119 wszystkimi mo\u017cliwo\u015bciami kasyna Goldzino, takimi jak granie w niekt\u00f3re gry, rywalizacja z innymi graczami, dodawanie \u015brodk\u00f3w i wyp\u0142acanie pieni\u0119dzy, potrzebujesz normalnego konta. Rejestracja jest szybkim procesem, kt\u00f3ry zajmuje zaledwie kilka minut i zapewnia bezpieczn\u0105 platform\u0119 do rozpocz\u0119cia gry.<\/p>\n<h3>Czy aplikacja Goldzino Casino zawiera wszystkie gry?<\/h3>\n<p>Aplikacja Gold Zino posiada ogromn\u0105 bibliotek\u0119 ksi\u0105\u017cek, gier sto\u0142owych, gier z natychmiastowymi wygranymi i gier karcianych, automat\u00f3w do gier oraz najlepszych tytu\u0142\u00f3w z ka\u017cdego gatunku. Obecnie mamy ponad 6000 gier i codziennie dodajemy nowe. Wszystkie nasze gry s\u0105 dostosowane do urz\u0105dze\u0144 mobilnych i umo\u017cliwiaj\u0105 graczom obstawianie zak\u0142ad\u00f3w z tak\u0105 sam\u0105 jako\u015bci\u0105 i pe\u0142nym korzystaniem z do\u015bwiadczenia gry, jak w wersji na komputery stacjonarne.<\/p>\n<h3>Jak mog\u0119 zaktualizowa\u0107 aplikacj\u0119 Goldzino Casino?<\/h3>\n<p>Nie musisz nic robi\u0107. Aktualizacja jest praktycznie automatyczna, bo tak zosta\u0142a zaprojektowana \u2013 wygodna i szybka, bez konieczno\u015bci wykonywania innych czynno\u015bci i niepotrzebnych zmartwie\u0144, czy jeste\u015b na bie\u017c\u0105co z najnowszymi zmianami. Goldzino Casino posiada wszystkie najnowsze funkcje, poprawki bezpiecze\u0144stwa i gry, kt\u00f3re s\u0105 automatycznie aktualizowane, aby dzia\u0142a\u0142y jak najlepiej w danym momencie.<\/p>\n<\/div><\/div><\/p>\n","protected":false},"excerpt":{"rendered":"<p>Aplikacja Goldzino Casino Goldzino app stanowi wysokiej klasy platform\u0119 gier mobilnych, dzi\u0119ki kt\u00f3rej polscy gracze mog\u0105 cieszy\u0107 si\u0119 ulubionymi grami kasynowymi w dowolnym miejscu i czasie. Aplikacja Goldzino zosta\u0142a zaprojektowana tak, aby by\u0142a kompatybilna ze wszystkimi urz\u0105dzeniami, dzi\u0119ki czemu u\u017cytkownik mo\u017ce cieszy\u0107 si\u0119 wygodn\u0105 nawigacj\u0105, szybkim \u0142adowaniem oraz bezpiecznymi transakcjami. Aplikacja oferuje wy\u017cszy poziom wygody [&hellip;]<\/p>\n","protected":false},"author":1,"featured_media":0,"parent":0,"menu_order":0,"comment_status":"closed","ping_status":"closed","template":"template-builder.php","meta":{"_acf_changed":false,"inline_featured_image":false,"footnotes":""},"class_list":["post-1508","page","type-page","status-publish","hentry"],"acf":[],"yoast_head":"<!-- This site is optimized with the Yoast SEO plugin v27.3 - https:\/\/yoast.com\/product\/yoast-seo-wordpress\/ -->\n<title>Goldzino Casino App | Pobierz na iOS i Androida<\/title>\n<meta name=\"description\" content=\"Zabierz kasyno ze sob\u0105! Pobierz aplikacj\u0119 Gold Zino Casino na urz\u0105dzenie z Androidem lub iOS, aby uzyska\u0107 natychmiastowy i \u0142atwy dost\u0119p do wszystkich ulubionych gier w podr\u00f3\u017cy.\" \/>\n<meta name=\"robots\" content=\"index, follow, max-snippet:-1, max-image-preview:large, max-video-preview:-1\" \/>\n<link rel=\"canonical\" href=\"https:\/\/goldzino.org\/pl\/aplikacja\/\" \/>\n<meta property=\"og:locale\" content=\"pl_PL\" \/>\n<meta property=\"og:type\" content=\"article\" \/>\n<meta property=\"og:title\" content=\"Goldzino Casino App | Pobierz na iOS i Androida\" \/>\n<meta property=\"og:description\" content=\"Zabierz kasyno ze sob\u0105! Pobierz aplikacj\u0119 Gold Zino Casino na urz\u0105dzenie z Androidem lub iOS, aby uzyska\u0107 natychmiastowy i \u0142atwy dost\u0119p do wszystkich ulubionych gier w podr\u00f3\u017cy.\" \/>\n<meta property=\"og:url\" content=\"https:\/\/goldzino.org\/pl\/aplikacja\/\" \/>\n<meta property=\"og:site_name\" content=\"goldzino\" \/>\n<meta property=\"article:modified_time\" content=\"2025-11-27T13:14:35+00:00\" \/>\n<meta name=\"twitter:card\" content=\"summary_large_image\" \/>\n<meta name=\"twitter:label1\" content=\"Est. reading time\" \/>\n\t<meta name=\"twitter:data1\" content=\"2 minuty\" \/>\n<script type=\"application\/ld+json\" class=\"yoast-schema-graph\">{\"@context\":\"https:\\\/\\\/schema.org\",\"@graph\":[{\"@type\":\"WebPage\",\"@id\":\"https:\\\/\\\/goldzino.org\\\/pl\\\/aplikacja\\\/\",\"url\":\"https:\\\/\\\/goldzino.org\\\/pl\\\/aplikacja\\\/\",\"name\":\"Goldzino Casino App | Pobierz na iOS i Androida\",\"isPartOf\":{\"@id\":\"https:\\\/\\\/goldzino.org\\\/pl\\\/#website\"},\"datePublished\":\"2025-10-23T06:01:26+00:00\",\"dateModified\":\"2025-11-27T13:14:35+00:00\",\"description\":\"Zabierz kasyno ze sob\u0105! Pobierz aplikacj\u0119 Gold Zino Casino na urz\u0105dzenie z Androidem lub iOS, aby uzyska\u0107 natychmiastowy i \u0142atwy dost\u0119p do wszystkich ulubionych gier w podr\u00f3\u017cy.\",\"breadcrumb\":{\"@id\":\"https:\\\/\\\/goldzino.org\\\/pl\\\/aplikacja\\\/#breadcrumb\"},\"inLanguage\":\"pl-PL\",\"potentialAction\":[{\"@type\":\"ReadAction\",\"target\":[\"https:\\\/\\\/goldzino.org\\\/pl\\\/aplikacja\\\/\"]}]},{\"@type\":\"BreadcrumbList\",\"@id\":\"https:\\\/\\\/goldzino.org\\\/pl\\\/aplikacja\\\/#breadcrumb\",\"itemListElement\":[{\"@type\":\"ListItem\",\"position\":1,\"name\":\"GoldZino\",\"item\":\"https:\\\/\\\/goldzino.org\\\/pl\\\/\"},{\"@type\":\"ListItem\",\"position\":2,\"name\":\"Aplikacja\"}]},{\"@type\":\"WebSite\",\"@id\":\"https:\\\/\\\/goldzino.org\\\/pl\\\/#website\",\"url\":\"https:\\\/\\\/goldzino.org\\\/pl\\\/\",\"name\":\"GoldZino\",\"description\":\"\",\"publisher\":{\"@id\":\"https:\\\/\\\/goldzino.org\\\/pl\\\/#organization\"},\"potentialAction\":[{\"@type\":\"SearchAction\",\"target\":{\"@type\":\"EntryPoint\",\"urlTemplate\":\"https:\\\/\\\/goldzino.org\\\/pl\\\/?s={search_term_string}\"},\"query-input\":{\"@type\":\"PropertyValueSpecification\",\"valueRequired\":true,\"valueName\":\"search_term_string\"}}],\"inLanguage\":\"pl-PL\"},{\"@type\":\"Organization\",\"@id\":\"https:\\\/\\\/goldzino.org\\\/pl\\\/#organization\",\"name\":\"GoldZino\",\"url\":\"https:\\\/\\\/goldzino.org\\\/pl\\\/\",\"logo\":{\"@type\":\"ImageObject\",\"inLanguage\":\"pl-PL\",\"@id\":\"https:\\\/\\\/goldzino.org\\\/pl\\\/#\\\/schema\\\/logo\\\/image\\\/\",\"url\":\"https:\\\/\\\/goldzino.org\\\/wp-content\\\/uploads\\\/2025\\\/08\\\/80u1FaquEZeR6OUTeJCc.png\",\"contentUrl\":\"https:\\\/\\\/goldzino.org\\\/wp-content\\\/uploads\\\/2025\\\/08\\\/80u1FaquEZeR6OUTeJCc.png\",\"width\":209,\"height\":46,\"caption\":\"GoldZino\"},\"image\":{\"@id\":\"https:\\\/\\\/goldzino.org\\\/pl\\\/#\\\/schema\\\/logo\\\/image\\\/\"}}]}<\/script>\n<!-- \/ Yoast SEO plugin. -->","yoast_head_json":{"title":"Goldzino Casino App | Pobierz na iOS i Androida","description":"Zabierz kasyno ze sob\u0105! Pobierz aplikacj\u0119 Gold Zino Casino na urz\u0105dzenie z Androidem lub iOS, aby uzyska\u0107 natychmiastowy i \u0142atwy dost\u0119p do wszystkich ulubionych gier w podr\u00f3\u017cy.","robots":{"index":"index","follow":"follow","max-snippet":"max-snippet:-1","max-image-preview":"max-image-preview:large","max-video-preview":"max-video-preview:-1"},"canonical":"https:\/\/goldzino.org\/pl\/aplikacja\/","og_locale":"pl_PL","og_type":"article","og_title":"Goldzino Casino App | Pobierz na iOS i Androida","og_description":"Zabierz kasyno ze sob\u0105! Pobierz aplikacj\u0119 Gold Zino Casino na urz\u0105dzenie z Androidem lub iOS, aby uzyska\u0107 natychmiastowy i \u0142atwy dost\u0119p do wszystkich ulubionych gier w podr\u00f3\u017cy.","og_url":"https:\/\/goldzino.org\/pl\/aplikacja\/","og_site_name":"goldzino","article_modified_time":"2025-11-27T13:14:35+00:00","twitter_card":"summary_large_image","twitter_misc":{"Est. reading time":"2 minuty"},"schema":{"@context":"https:\/\/schema.org","@graph":[{"@type":"WebPage","@id":"https:\/\/goldzino.org\/pl\/aplikacja\/","url":"https:\/\/goldzino.org\/pl\/aplikacja\/","name":"Goldzino Casino App | Pobierz na iOS i Androida","isPartOf":{"@id":"https:\/\/goldzino.org\/pl\/#website"},"datePublished":"2025-10-23T06:01:26+00:00","dateModified":"2025-11-27T13:14:35+00:00","description":"Zabierz kasyno ze sob\u0105! Pobierz aplikacj\u0119 Gold Zino Casino na urz\u0105dzenie z Androidem lub iOS, aby uzyska\u0107 natychmiastowy i \u0142atwy dost\u0119p do wszystkich ulubionych gier w podr\u00f3\u017cy.","breadcrumb":{"@id":"https:\/\/goldzino.org\/pl\/aplikacja\/#breadcrumb"},"inLanguage":"pl-PL","potentialAction":[{"@type":"ReadAction","target":["https:\/\/goldzino.org\/pl\/aplikacja\/"]}]},{"@type":"BreadcrumbList","@id":"https:\/\/goldzino.org\/pl\/aplikacja\/#breadcrumb","itemListElement":[{"@type":"ListItem","position":1,"name":"GoldZino","item":"https:\/\/goldzino.org\/pl\/"},{"@type":"ListItem","position":2,"name":"Aplikacja"}]},{"@type":"WebSite","@id":"https:\/\/goldzino.org\/pl\/#website","url":"https:\/\/goldzino.org\/pl\/","name":"GoldZino","description":"","publisher":{"@id":"https:\/\/goldzino.org\/pl\/#organization"},"potentialAction":[{"@type":"SearchAction","target":{"@type":"EntryPoint","urlTemplate":"https:\/\/goldzino.org\/pl\/?s={search_term_string}"},"query-input":{"@type":"PropertyValueSpecification","valueRequired":true,"valueName":"search_term_string"}}],"inLanguage":"pl-PL"},{"@type":"Organization","@id":"https:\/\/goldzino.org\/pl\/#organization","name":"GoldZino","url":"https:\/\/goldzino.org\/pl\/","logo":{"@type":"ImageObject","inLanguage":"pl-PL","@id":"https:\/\/goldzino.org\/pl\/#\/schema\/logo\/image\/","url":"https:\/\/goldzino.org\/wp-content\/uploads\/2025\/08\/80u1FaquEZeR6OUTeJCc.png","contentUrl":"https:\/\/goldzino.org\/wp-content\/uploads\/2025\/08\/80u1FaquEZeR6OUTeJCc.png","width":209,"height":46,"caption":"GoldZino"},"image":{"@id":"https:\/\/goldzino.org\/pl\/#\/schema\/logo\/image\/"}}]}},"_links":{"self":[{"href":"https:\/\/goldzino.org\/pl\/wp-json\/wp\/v2\/pages\/1508","targetHints":{"allow":["GET"]}}],"collection":[{"href":"https:\/\/goldzino.org\/pl\/wp-json\/wp\/v2\/pages"}],"about":[{"href":"https:\/\/goldzino.org\/pl\/wp-json\/wp\/v2\/types\/page"}],"author":[{"embeddable":true,"href":"https:\/\/goldzino.org\/pl\/wp-json\/wp\/v2\/users\/1"}],"replies":[{"embeddable":true,"href":"https:\/\/goldzino.org\/pl\/wp-json\/wp\/v2\/comments?post=1508"}],"version-history":[{"count":3,"href":"https:\/\/goldzino.org\/pl\/wp-json\/wp\/v2\/pages\/1508\/revisions"}],"predecessor-version":[{"id":2228,"href":"https:\/\/goldzino.org\/pl\/wp-json\/wp\/v2\/pages\/1508\/revisions\/2228"}],"wp:attachment":[{"href":"https:\/\/goldzino.org\/pl\/wp-json\/wp\/v2\/media?parent=1508"}],"curies":[{"name":"wp","href":"https:\/\/api.w.org\/{rel}","templated":true}]}}