{"id":1569,"date":"2025-10-23T07:08:55","date_gmt":"2025-10-23T06:08:55","guid":{"rendered":"https:\/\/goldzino.org\/registo-e-login\/"},"modified":"2025-11-27T13:36:00","modified_gmt":"2025-11-27T13:36:00","slug":"accesso-e-registrazione","status":"publish","type":"page","link":"https:\/\/goldzino.org\/it\/accesso-e-registrazione\/","title":{"rendered":"Accesso e registrazione"},"content":{"rendered":"<h1>Accesso a Goldzino e registrazione<\/h1>\n<p>La registrazione sulla nostra piattaforma inizia solitamente con una rapida procedura di Goldzino login, senza passaggi complicati, proprio come qualsiasi altro sito su cui ti registri. Goldzino Casino in Italia offre un accesso sicuro a una vasta gamma di titoli, ma il bonus pu\u00f2 essere attivato solo dopo la registrazione. I nostri utenti possono divertirsi con i loro giochi preferiti senza ritardi. Qualsiasi giocatore pu\u00f2 completare le procedure di registrazione e login e gestire il proprio account in modo indipendente.<\/p>\n<p><div class=\"banner-wrap\" aria-label=\"Banner\"><img src=\"https:\/\/goldzino.org\/wp-content\/uploads\/2025\/10\/Goldzino-Banner-Desktop.webp\" class=\"w-100 d-none d-lg-block img-pc main-banner-img\" alt=\"Goldzino Bonus\" fetchpriority=\"high\" decoding=\"async\"><img src=\"https:\/\/goldzino.org\/wp-content\/uploads\/2025\/10\/Gold-zino-Mobile-Banner.webp\" class=\"w-100 d-none d-md-block d-lg-none main-banner-img\" alt=\"Goldzino Bonus\" fetchpriority=\"high\" decoding=\"async\"><img src=\"https:\/\/goldzino.org\/wp-content\/uploads\/2025\/10\/Gold-zino-Mobile-Banner.webp\" class=\"w-100 d-md-none\" alt=\"Goldzino Bonus\" fetchpriority=\"high\" decoding=\"async\"><div class=\"banner-description\">\n<div class=\"banner-title\">Bonus di Benvenuto<\/div>\n<p class=\"banner-header-title\">1500\u20ac<\/p>\n<div class=\"banner-header-AdditionalText\">+ 250 Giri Gratuiti<\/div>\n<button data-item=\"homepage_banner_link\" class=\"goto m-button m-gradient-border m-button--primary m-button--large banner-button btn-orange\">\n            <div class=\"m-button-content\">\n                <span>Registrati ora<\/span>\n                <span><\/span>\n            <\/div>\n        <\/button>\n<\/div>\n<div class=\"WelcomePack\">\n<p><img decoding=\"async\" src=\"https:\/\/goldzino.org\/wp-content\/uploads\/2025\/10\/welcome-crown.svg\" alt=\"crown\" \/><\/p>\n<div class=\"WelcomePack-Info\">Cashback Settimanale fino al 25%<\/div>\n<p><img decoding=\"async\" src=\"https:\/\/goldzino.org\/wp-content\/uploads\/2025\/10\/welcome-crown.svg\" alt=\"crown\" \/><\/p>\n<\/div>\n<\/div><div class=\"scrollable-content-wrap my-5\"><div class=\"scrollable-content-inner\"><h2>Goldzino login processo<\/h2>\n<p>Creando un account su Goldzino, i nostri stimati utenti avranno accesso a una community accogliente composta da persone che la pensano allo stesso modo e giocano allo stesso modo. Sar\u00e0 inoltre disponibile la gestione personalizzata dell&#8217;account, che consentir\u00e0 di sbloccare i nostri <a href=\"https:\/\/goldzino.org\/it\/bonus\/\">bonus esclusivi<\/a> e di aumentare il proprio livello con la possibilit\u00e0 di diventare VIP. Un account attivo su Goldzino Casino aiuta i giocatori a depositare fondi, partecipare a promozioni, tenere traccia della propria cronologia di gioco e dei bonus e anche a verificare i propri documenti di sicurezza KYC. La registrazione \u00e8 stata appositamente studiata per essere rapida e semplice, fornendo a tutti i nostri utenti l&#8217;accesso alle funzionalit\u00e0 della nostra piattaforma.<\/p>\n<h3>Crea il tuo account Goldzino Casino<\/h3>\n<p>Creare un account \u00e8 sempre facile su Goldzino Casino. I passaggi per accedere a Goldzino sono logici. Puoi verificarlo tu stesso qui sotto:<\/p>\n<ol>\n<li>Nella nostra pagina principale Goldzino, individua i pulsanti luminosi nell&#8217;angolo in alto a destra: login e registrazione.<\/li>\n<li>Compila il breve modulo di registrazione. Ti chiediamo solo il tuo indirizzo e-mail e una password sicura e ben ponderata.<\/li>\n<li>Leggi attentamente i nostri Termini e condizioni di Gold Zino e seleziona la casella.<\/li>\n<li>Se desideri ricevere la nostra newsletter promozionale, spunta anche questa casella.<\/li>\n<li>Completa la procedura di registrazione accedendo alla tua casella di posta elettronica.<\/li>\n<li>Vai alla tua casella di posta in arrivo e cerca la nostra e-mail. Se non riesci a trovarla nella casella di posta in arrivo, controlla la cartella dello spam.<\/li>\n<li>Attiva il tuo account Gold Zino.<\/li>\n<\/ol>\n<h2>Goldzino accesso e gestione dell&#8217;account<\/h2>\n<p>\u00c8 facile accedere al tuo account <a href=\"https:\/\/goldzino.org\/it\/\">Goldzino Casino<\/a> e hai il pieno controllo delle tue giocate tramite il tuo account.<\/p>\n<table>\n<tbody>\n<tr>\n<td>Passaggi<\/td>\n<td>Dettagli<\/td>\n<\/tr>\n<tr>\n<td>Trova il pulsante &#8220;Accedi&#8221;<\/td>\n<td>Stesso pulsante vicino alla scheda di registrazione<\/td>\n<\/tr>\n<tr>\n<td>Inserisci l&#8217;indirizzo e-mail<\/td>\n<td>Utilizza l&#8217;indirizzo e-mail che hai creato al momento della registrazione.<\/td>\n<\/tr>\n<tr>\n<td>Inserisci la password<\/td>\n<td>Utilizza la password creata durante la registrazione<\/td>\n<\/tr>\n<tr>\n<td>Clicca nuovamente su &#8220;Accedi&#8221;<\/td>\n<td>Per accedere al tuo account<\/td>\n<\/tr>\n<\/tbody>\n<\/table>\n<p>Quando visualizzi la dashboard del tuo account, puoi depositare e prelevare denaro, controllare la cronologia dell&#8217;account, modificare le impostazioni dell&#8217;account e gestire le informazioni personali, se necessario. Inoltre, la nostra piattaforma \u00e8 multilingue, il che significa che i nostri utenti provenienti da diverse parti del mondo possono facilmente orientarsi nel sito. Basta cambiare la lingua del sito web e questo verr\u00e0 automaticamente tradotto in una delle tue lingue preferite.<\/p>\n<p>La gestione di un account comporta l&#8217;aggiunta di elementi di sicurezza, come l&#8217;autenticazione a due fattori e le funzioni di gestione delle sessioni, per garantire un gioco responsabile e il controllo del tempo trascorso sulla nostra piattaforma. Inoltre, i nostri utenti possono modificare i propri dati personali, impostare limiti di deposito e partecipare a offerte promozionali direttamente dal proprio account.<\/p>\n<h3>Hai dimenticato Goldzino login dettagli?<\/h3>\n<p>Si consiglia di salvare i dati di accesso con il salvassecuole password nel browser o in un&#8217;applicazione di terze parti affidabile. Se sei un utente tradizionale, ti baster\u00e0 annotare le credenziali per reinserirle quando effettuerai l&#8217;accesso da PC o <a href=\"https:\/\/goldzino.org\/it\/app\/\">app<\/a>.<\/p>\n<p>Ma gli imprevisti capitano. Se dovessi smarrire o dimenticare i tuoi dati di accesso a Goldzino, il nostro sito ti aiuter\u00e0 sicuramente a recuperarli, fornendoti una soluzione:<\/p>\n<ol>\n<li>In caso di smarrimento della password, puoi cliccare sul link &#8220;Hai dimenticato la password?&#8221;, che troverai nella pagina di login, poco pi\u00f9 in basso, come un banner.<\/li>\n<li>Si prega di fornire l&#8217;indirizzo e-mail precedentemente registrato.<\/li>\n<li>Nel momento in cui ricevi le istruzioni per reimpostare la password via e-mail, devi seguirle per reimpostare la password in modo sicuro.<\/li>\n<li>Se non riesci pi\u00f9 ad accedere alla tua posta elettronica o l&#8217;hai smarrita, oppure se riscontri problemi di accesso, come blocchi o problemi di connessione, puoi richiedere assistenza al nostro team di assistenza Goldzino tramite live chat o e-mail.<\/li>\n<\/ol>\n<p>Il nostro cordiale team di assistenza \u00e8 sempre pronto a risolvere rapidamente i tuoi problemi di accesso, quindi non esitare a cliccare sul piccolo pulsante di assistenza sul nostro sito web Gold Zino.<\/p>\n<h2>Verifica il tuo account Gold Zino<\/h2>\n<p>In alcune occasioni particolari, ti chiederemo di verificare il tuo account. Gestire denaro reale (bonus e depositi) richiede una protezione aggiuntiva e stiamo facendo tutto il possibile per garantire che il tuo account e il tuo denaro siano protetti e al sicuro. Il nostro processo di verifica \u00e8 un&#8217;attivit\u00e0 obbligatoria per coloro che desiderano giocare oltre la modalit\u00e0 demo. Noi di Goldzino rispettiamo le leggi. Il nostro processo include:<\/p>\n<ul>\n<li>Fornitura di un documento di identit\u00e0. Ad esempio, il passaporto o la patente di guida.<\/li>\n<li>Presentazione di un documento comprovante la residenza. Pu\u00f2 trattarsi di bollette o estratti conto bancari.<\/li>\n<\/ul>\n<p>Tutte le scansioni dei documenti reali devono essere inviate tramite la sezione di verifica dell&#8217;account nel tuo profilo.<\/p>\n<p>Successivamente, il nostro team di assistenza multilingue di Goldzino Casino gestir\u00e0 rapidamente i tuoi documenti; non dovrai attendere a lungo, poich\u00e9 la maggior parte dei processi \u00e8 modernizzata e basata su tecnologie all&#8217;avanguardia. Inoltre, la verifica aumenta i limiti di deposito e apre pi\u00f9 porte al tuo gioco.<\/p>\n<h2>Domande frequenti<\/h2>\n<h3>Come posso verificare il mio account?<\/h3>\n<p>La conferma comporta la presentazione di documenti di identit\u00e0 validi tramite il tuo account personale sulla nostra piattaforma Gold Zino. Il nostro Goldzino Casino team di assistenza esamina tutti i documenti inviati per garantire che l&#8217;identit\u00e0 verificata sia conforme alle norme legali e alla sicurezza di tutti gli account e della nostra attivit\u00e0 di casin\u00f2.<\/p>\n<h3>Posso aggiornare la mia password o il mio indirizzo e-mail?<\/h3>\n<p>Se dovessi dimenticare la tua password, clicca sull&#8217;opzione &#8220;Hai dimenticato la password?&#8221; nella sezione Accesso a Goldzino. In caso di problemi con l&#8217;e-mail, puoi contattare il nostro team di assistenza tramite live chat o inviare un&#8217;e-mail: siamo sempre online. Potrebbe anche esserti richiesto di dimostrare la tua identit\u00e0 per facilitare il recupero dell&#8217;account.<\/p>\n<h3>Cosa devo fare se il mio account viene bloccato?<\/h3>\n<p>Quando provi a completare il tuo login Goldzino, potrebbero verificarsi casi in cui il tuo account potrebbe essere bloccato o sospeso per motivi di sicurezza o attivit\u00e0 insolite dell&#8217;account. Siamo molto attenti a qualsiasi caso di frode, rafforzamento dei bonus e schemi illegali. Pertanto, dovresti contattare il nostro staff di assistenza tramite live chat o e-mail. Ti aiuteranno a sbloccare il tuo account verificando la tua identit\u00e0 o attraverso altre misure necessarie. Non c&#8217;\u00e8 motivo di preoccuparsi.<\/p>\n<h3>Come posso disattivare il mio account?<\/h3>\n<p>Tutti i nostri giocatori possono chiudere il proprio account Gold Zino semplicemente inviandoci un messaggio di notifica tramite le impostazioni del proprio account o contattando il nostro servizio di assistenza. Adotteremo le misure necessarie in conformit\u00e0 con i termini e le condizioni della piattaforma per garantire la sicurezza del tuo account Goldzino casino.<\/p>\n<\/div><\/div><\/p>\n","protected":false},"excerpt":{"rendered":"<p>Accesso a Goldzino e registrazione La registrazione sulla nostra piattaforma inizia solitamente con una rapida procedura di Goldzino login, senza passaggi complicati, proprio come qualsiasi altro sito su cui ti registri. Goldzino Casino in Italia offre un accesso sicuro a una vasta gamma di titoli, ma il bonus pu\u00f2 essere attivato solo dopo la registrazione. [&hellip;]<\/p>\n","protected":false},"author":1,"featured_media":0,"parent":0,"menu_order":0,"comment_status":"closed","ping_status":"closed","template":"template-builder.php","meta":{"_acf_changed":false,"inline_featured_image":false,"footnotes":""},"class_list":["post-1569","page","type-page","status-publish","hentry"],"acf":[],"yoast_head":"<!-- This site is optimized with the Yoast SEO plugin v27.3 - https:\/\/yoast.com\/product\/yoast-seo-wordpress\/ -->\n<title>Goldzino login e registrazione dell&#039;account<\/title>\n<meta name=\"description\" content=\"Inizia in pochi secondi. Crea il tuo login Gold Zino per un accesso immediato, oppure accedi per gestire il tuo profilo, completare la verifica e giocare in sicurezza.\" \/>\n<meta name=\"robots\" content=\"index, follow, max-snippet:-1, max-image-preview:large, max-video-preview:-1\" \/>\n<link rel=\"canonical\" href=\"https:\/\/goldzino.org\/it\/accesso-e-registrazione\/\" \/>\n<meta property=\"og:locale\" content=\"it_IT\" \/>\n<meta property=\"og:type\" content=\"article\" \/>\n<meta property=\"og:title\" content=\"Goldzino login e registrazione dell&#039;account\" \/>\n<meta property=\"og:description\" content=\"Inizia in pochi secondi. Crea il tuo login Gold Zino per un accesso immediato, oppure accedi per gestire il tuo profilo, completare la verifica e giocare in sicurezza.\" \/>\n<meta property=\"og:url\" content=\"https:\/\/goldzino.org\/it\/accesso-e-registrazione\/\" \/>\n<meta property=\"og:site_name\" content=\"goldzino\" \/>\n<meta property=\"article:modified_time\" content=\"2025-11-27T13:36:00+00:00\" \/>\n<meta name=\"twitter:card\" content=\"summary_large_image\" \/>\n<meta name=\"twitter:label1\" content=\"Est. reading time\" \/>\n\t<meta name=\"twitter:data1\" content=\"1 minuto\" \/>\n<script type=\"application\/ld+json\" class=\"yoast-schema-graph\">{\"@context\":\"https:\\\/\\\/schema.org\",\"@graph\":[{\"@type\":\"WebPage\",\"@id\":\"https:\\\/\\\/goldzino.org\\\/it\\\/accesso-e-registrazione\\\/\",\"url\":\"https:\\\/\\\/goldzino.org\\\/it\\\/accesso-e-registrazione\\\/\",\"name\":\"Goldzino login e registrazione dell'account\",\"isPartOf\":{\"@id\":\"https:\\\/\\\/goldzino.org\\\/it\\\/#website\"},\"datePublished\":\"2025-10-23T06:08:55+00:00\",\"dateModified\":\"2025-11-27T13:36:00+00:00\",\"description\":\"Inizia in pochi secondi. Crea il tuo login Gold Zino per un accesso immediato, oppure accedi per gestire il tuo profilo, completare la verifica e giocare in sicurezza.\",\"breadcrumb\":{\"@id\":\"https:\\\/\\\/goldzino.org\\\/it\\\/accesso-e-registrazione\\\/#breadcrumb\"},\"inLanguage\":\"it-IT\",\"potentialAction\":[{\"@type\":\"ReadAction\",\"target\":[\"https:\\\/\\\/goldzino.org\\\/it\\\/accesso-e-registrazione\\\/\"]}]},{\"@type\":\"BreadcrumbList\",\"@id\":\"https:\\\/\\\/goldzino.org\\\/it\\\/accesso-e-registrazione\\\/#breadcrumb\",\"itemListElement\":[{\"@type\":\"ListItem\",\"position\":1,\"name\":\"GoldZino\",\"item\":\"https:\\\/\\\/goldzino.org\\\/it\\\/\"},{\"@type\":\"ListItem\",\"position\":2,\"name\":\"Accesso e registrazione\"}]},{\"@type\":\"WebSite\",\"@id\":\"https:\\\/\\\/goldzino.org\\\/it\\\/#website\",\"url\":\"https:\\\/\\\/goldzino.org\\\/it\\\/\",\"name\":\"GoldZino\",\"description\":\"\",\"publisher\":{\"@id\":\"https:\\\/\\\/goldzino.org\\\/it\\\/#organization\"},\"potentialAction\":[{\"@type\":\"SearchAction\",\"target\":{\"@type\":\"EntryPoint\",\"urlTemplate\":\"https:\\\/\\\/goldzino.org\\\/it\\\/?s={search_term_string}\"},\"query-input\":{\"@type\":\"PropertyValueSpecification\",\"valueRequired\":true,\"valueName\":\"search_term_string\"}}],\"inLanguage\":\"it-IT\"},{\"@type\":\"Organization\",\"@id\":\"https:\\\/\\\/goldzino.org\\\/it\\\/#organization\",\"name\":\"GoldZino\",\"url\":\"https:\\\/\\\/goldzino.org\\\/it\\\/\",\"logo\":{\"@type\":\"ImageObject\",\"inLanguage\":\"it-IT\",\"@id\":\"https:\\\/\\\/goldzino.org\\\/it\\\/#\\\/schema\\\/logo\\\/image\\\/\",\"url\":\"https:\\\/\\\/goldzino.org\\\/wp-content\\\/uploads\\\/2025\\\/08\\\/80u1FaquEZeR6OUTeJCc.png\",\"contentUrl\":\"https:\\\/\\\/goldzino.org\\\/wp-content\\\/uploads\\\/2025\\\/08\\\/80u1FaquEZeR6OUTeJCc.png\",\"width\":209,\"height\":46,\"caption\":\"GoldZino\"},\"image\":{\"@id\":\"https:\\\/\\\/goldzino.org\\\/it\\\/#\\\/schema\\\/logo\\\/image\\\/\"}}]}<\/script>\n<!-- \/ Yoast SEO plugin. -->","yoast_head_json":{"title":"Goldzino login e registrazione dell'account","description":"Inizia in pochi secondi. Crea il tuo login Gold Zino per un accesso immediato, oppure accedi per gestire il tuo profilo, completare la verifica e giocare in sicurezza.","robots":{"index":"index","follow":"follow","max-snippet":"max-snippet:-1","max-image-preview":"max-image-preview:large","max-video-preview":"max-video-preview:-1"},"canonical":"https:\/\/goldzino.org\/it\/accesso-e-registrazione\/","og_locale":"it_IT","og_type":"article","og_title":"Goldzino login e registrazione dell'account","og_description":"Inizia in pochi secondi. Crea il tuo login Gold Zino per un accesso immediato, oppure accedi per gestire il tuo profilo, completare la verifica e giocare in sicurezza.","og_url":"https:\/\/goldzino.org\/it\/accesso-e-registrazione\/","og_site_name":"goldzino","article_modified_time":"2025-11-27T13:36:00+00:00","twitter_card":"summary_large_image","twitter_misc":{"Est. reading time":"1 minuto"},"schema":{"@context":"https:\/\/schema.org","@graph":[{"@type":"WebPage","@id":"https:\/\/goldzino.org\/it\/accesso-e-registrazione\/","url":"https:\/\/goldzino.org\/it\/accesso-e-registrazione\/","name":"Goldzino login e registrazione dell'account","isPartOf":{"@id":"https:\/\/goldzino.org\/it\/#website"},"datePublished":"2025-10-23T06:08:55+00:00","dateModified":"2025-11-27T13:36:00+00:00","description":"Inizia in pochi secondi. Crea il tuo login Gold Zino per un accesso immediato, oppure accedi per gestire il tuo profilo, completare la verifica e giocare in sicurezza.","breadcrumb":{"@id":"https:\/\/goldzino.org\/it\/accesso-e-registrazione\/#breadcrumb"},"inLanguage":"it-IT","potentialAction":[{"@type":"ReadAction","target":["https:\/\/goldzino.org\/it\/accesso-e-registrazione\/"]}]},{"@type":"BreadcrumbList","@id":"https:\/\/goldzino.org\/it\/accesso-e-registrazione\/#breadcrumb","itemListElement":[{"@type":"ListItem","position":1,"name":"GoldZino","item":"https:\/\/goldzino.org\/it\/"},{"@type":"ListItem","position":2,"name":"Accesso e registrazione"}]},{"@type":"WebSite","@id":"https:\/\/goldzino.org\/it\/#website","url":"https:\/\/goldzino.org\/it\/","name":"GoldZino","description":"","publisher":{"@id":"https:\/\/goldzino.org\/it\/#organization"},"potentialAction":[{"@type":"SearchAction","target":{"@type":"EntryPoint","urlTemplate":"https:\/\/goldzino.org\/it\/?s={search_term_string}"},"query-input":{"@type":"PropertyValueSpecification","valueRequired":true,"valueName":"search_term_string"}}],"inLanguage":"it-IT"},{"@type":"Organization","@id":"https:\/\/goldzino.org\/it\/#organization","name":"GoldZino","url":"https:\/\/goldzino.org\/it\/","logo":{"@type":"ImageObject","inLanguage":"it-IT","@id":"https:\/\/goldzino.org\/it\/#\/schema\/logo\/image\/","url":"https:\/\/goldzino.org\/wp-content\/uploads\/2025\/08\/80u1FaquEZeR6OUTeJCc.png","contentUrl":"https:\/\/goldzino.org\/wp-content\/uploads\/2025\/08\/80u1FaquEZeR6OUTeJCc.png","width":209,"height":46,"caption":"GoldZino"},"image":{"@id":"https:\/\/goldzino.org\/it\/#\/schema\/logo\/image\/"}}]}},"_links":{"self":[{"href":"https:\/\/goldzino.org\/it\/wp-json\/wp\/v2\/pages\/1569","targetHints":{"allow":["GET"]}}],"collection":[{"href":"https:\/\/goldzino.org\/it\/wp-json\/wp\/v2\/pages"}],"about":[{"href":"https:\/\/goldzino.org\/it\/wp-json\/wp\/v2\/types\/page"}],"author":[{"embeddable":true,"href":"https:\/\/goldzino.org\/it\/wp-json\/wp\/v2\/users\/1"}],"replies":[{"embeddable":true,"href":"https:\/\/goldzino.org\/it\/wp-json\/wp\/v2\/comments?post=1569"}],"version-history":[{"count":3,"href":"https:\/\/goldzino.org\/it\/wp-json\/wp\/v2\/pages\/1569\/revisions"}],"predecessor-version":[{"id":2064,"href":"https:\/\/goldzino.org\/it\/wp-json\/wp\/v2\/pages\/1569\/revisions\/2064"}],"wp:attachment":[{"href":"https:\/\/goldzino.org\/it\/wp-json\/wp\/v2\/media?parent=1569"}],"curies":[{"name":"wp","href":"https:\/\/api.w.org\/{rel}","templated":true}]}}