{"id":1506,"date":"2025-10-23T07:01:26","date_gmt":"2025-10-23T06:01:26","guid":{"rendered":"https:\/\/goldzino.org\/aplicacao\/"},"modified":"2025-11-27T13:13:39","modified_gmt":"2025-11-27T13:13:39","slug":"app","status":"publish","type":"page","link":"https:\/\/goldzino.org\/it\/app\/","title":{"rendered":"App"},"content":{"rendered":"<h1>Goldzino Casino app<\/h1>\n<p>La Goldzino app offre una piattaforma di gioco mobile di alta qualit\u00e0, dove i giocatori italiani possono divertirsi con i loro giochi da casin\u00f2 preferiti ovunque si trovino e in qualsiasi momento. L&#8217;app Goldzino \u00e8 progettata per essere compatibile con tutti i dispositivi, in modo che l&#8217;utente possa godere di un&#8217;esperienza di navigazione confortevole, un caricamento rapido e transazioni sicure e protette. L&#8217;app offre un livello di praticit\u00e0 migliorato in un casin\u00f2 mobile grazie alla sua interfaccia intuitiva e all&#8217;ampia variet\u00e0 di giochi disponibili.<\/p>\n<div class=\"banner-wrap\" aria-label=\"Banner\"><img src=\"https:\/\/goldzino.org\/wp-content\/uploads\/2025\/10\/Goldzino-Banner-Desktop.webp\" class=\"w-100 d-none d-lg-block img-pc main-banner-img\" alt=\"Goldzino Bonus\" fetchpriority=\"high\" decoding=\"async\"><img src=\"https:\/\/goldzino.org\/wp-content\/uploads\/2025\/10\/Gold-zino-Mobile-Banner.webp\" class=\"w-100 d-none d-md-block d-lg-none main-banner-img\" alt=\"Goldzino Bonus\" fetchpriority=\"high\" decoding=\"async\"><img src=\"https:\/\/goldzino.org\/wp-content\/uploads\/2025\/10\/Gold-zino-Mobile-Banner.webp\" class=\"w-100 d-md-none\" alt=\"Goldzino Bonus\" fetchpriority=\"high\" decoding=\"async\"><div class=\"banner-description\">\n<div class=\"banner-title\">Bonus di Benvenuto<\/div>\n<p class=\"banner-header-title\">1500\u20ac<\/p>\n<div class=\"banner-header-AdditionalText\">+ 250 Giri Gratuiti<\/div>\n<button data-item=\"homepage_banner_link\" class=\"goto m-button m-gradient-border m-button--primary m-button--large banner-button btn-orange\">\n            <div class=\"m-button-content\">\n                <span>Registrati ora<\/span>\n                <span><\/span>\n            <\/div>\n        <\/button>\n<\/div>\n<div class=\"WelcomePack\">\n<p><img decoding=\"async\" src=\"https:\/\/goldzino.org\/wp-content\/uploads\/2025\/10\/welcome-crown.svg\" alt=\"crown\" \/><\/p>\n<div class=\"WelcomePack-Info\">Cashback Settimanale fino al 25%<\/div>\n<p><img decoding=\"async\" src=\"https:\/\/goldzino.org\/wp-content\/uploads\/2025\/10\/welcome-crown.svg\" alt=\"crown\" \/><\/p>\n<\/div>\n<\/div>\n<h2>Gioca ovunque ti trovi con Gold Zino<\/h2>\n<p>L&#8217;applicazione Goldzino \u00e8 stata progettata per soddisfare le esigenze dei nostri giocatori che desiderano utilizzare dispositivi mobili per giocare ai giochi da casin\u00f2. Inoltre, sia su smartphone che su tablet, l&#8217;applicazione \u00e8 veloce, sicura e facile da usare quando si tratta di giocare. Unisce la completa funzionalit\u00e0 di un computer desktop alla versatilit\u00e0 di un dispositivo mobile, e giocare alle slot online, ai giochi da tavolo, al casin\u00f2 live, ecc. non \u00e8 mai stato cos\u00ec facile.<\/p>\n<p>La flessibilit\u00e0 dell&#8217;app rende tutte le funzionalit\u00e0, come depositi e prelievi, compatibili con i dispositivi mobili. \u00c8 leggera e si carica velocemente, il che significa che i giocatori non devono rinunciare alla qualit\u00e0 per la comodit\u00e0. Il software mobile di Gold Zino ti permette di vivere un&#8217;esperienza interattiva, sia che tu sia a casa, in viaggio o in vacanza.<\/p>\n<p>L&#8217;app Goldzino \u00e8 stata creata appositamente per i nostri giocatori fedeli e nuovi, affinch\u00e9 possano godere di un&#8217;esperienza sicura, flessibile e ricca di funzionalit\u00e0 su dispositivi mobili o desktop. Il nostro design privilegia la facilit\u00e0 d&#8217;uso, l&#8217;accesso rapido e un&#8217;ampia selezione di giochi. Siamo certi di essere la scelta migliore per gli appassionati di casin\u00f2 online.<\/p>\n<table>\n<tbody>\n<tr>\n<td>Vantaggi<\/td>\n<td>Descrizione<\/td>\n<\/tr>\n<tr>\n<td>Compatibilit\u00e0 mobile<\/td>\n<td>Consente di giocare su smartphone e tablet<\/td>\n<\/tr>\n<tr>\n<td>Veloce e sicuro<\/td>\n<td>Garantisce un accesso rapido<\/td>\n<\/tr>\n<tr>\n<td>Tutte le funzioni sono qui<\/td>\n<td>Include tutte le funzionalit\u00e0 desktop: depositi, prelievi e giochi.<\/td>\n<\/tr>\n<tr>\n<td>Leggero e veloce<\/td>\n<td>Carichi senza compromettere la qualit\u00e0<\/td>\n<\/tr>\n<tr>\n<td>Interattivo<\/td>\n<td>Offre praticit\u00e0 e comfort<\/td>\n<\/tr>\n<tr>\n<td>Sicuro<\/td>\n<td>Progettato specificamente per il gioco sicuro<\/td>\n<\/tr>\n<tr>\n<td>Tonnellate di giochi<\/td>\n<td>Slot online, giochi da tavolo, casin\u00f2 dal vivo e altro ancora<\/td>\n<\/tr>\n<tr>\n<td>Interfaccia e design intuitivi, colori<\/td>\n<td>D\u00e0 priorit\u00e0 alla facilit\u00e0 d&#8217;uso e all&#8217;accesso rapido<\/td>\n<\/tr>\n<tr>\n<td>Versatile<\/td>\n<td>Gioca su dispositivi mobili e desktop<\/td>\n<\/tr>\n<\/tbody>\n<\/table>\n<p><div style=\"clear: both\"><\/div><div class=\"d-flex justify-content-center\"><button data-item=\"decouvrez_link\" data-group=\"website_links\" class=\"goto fw-bold rounded-pill btn btn-orange\" aria-label=\"Scarica l&#039;app Goldzino\" >Scarica l&#039;app Goldzino<\/button><\/div><div class=\"scrollable-content-wrap my-5\"><div class=\"scrollable-content-inner\"><h2>Scarica l&#8217;app su Android<\/h2>\n<p>Goldzino offre una semplice alternativa per accedere al nostro casin\u00f2 mobile su dispositivi Android senza scaricare file APK. I giocatori possono invece utilizzare una Progressive Web App (PWA), che non occupa spazio di archiviazione ma offre tutte le funzionalit\u00e0. Si tratta di un metodo sicuro ed efficace che garantisce aggiornamenti automatici e prestazioni ottimali.<\/p>\n<h3>App Goldzino come PWA<\/h3>\n<p>Il modo principale per giocare ai nostri giochi da casin\u00f2 \u00e8 tramite PWA. Sappiamo che gli utenti Android penserebbero abitualmente di installare l&#8217;APK Gold Zino, ma noi siamo andati oltre. La nostra PWA Goldzino \u00e8 pi\u00f9 veloce e migliore da usare. Nella pagina ufficiale di Gold Zino, \u00e8 possibile trovare un pulsante speciale per la &#8220;Casino Goldzino App&#8221; nel footer. Premendo questo pulsante, inizier\u00e0 il processo di installazione e i giocatori potranno installare l&#8217;app sui propri dispositivi.<\/p>\n<p>L&#8217;icona dell&#8217;app Goldzino verr\u00e0 visualizzata sulla schermata iniziale dopo l&#8217;installazione e consentir\u00e0 all&#8217;utente di accedere immediatamente al casin\u00f2 mobile. Notizie e <a href=\"https:\/\/goldzino.org\/it\/bonus\/\">promozioni<\/a>, cos\u00ec come gli aggiornamenti, aiutano a tenere informati i giocatori in modo che non perdano nessuna offerta speciale o il lancio di nuovi giochi.<\/p>\n<p><img loading=\"lazy\" decoding=\"async\" class=\"alignnone wp-image-1470 size-full\" src=\"https:\/\/goldzino.org\/wp-content\/uploads\/2025\/10\/Gold-Zino-Android.webp\" alt=\"Goldzino Android App\" width=\"1248\" height=\"536\" srcset=\"https:\/\/goldzino.org\/wp-content\/uploads\/2025\/10\/Gold-Zino-Android.webp 1248w, https:\/\/goldzino.org\/wp-content\/uploads\/2025\/10\/Gold-Zino-Android-300x129.webp 300w, https:\/\/goldzino.org\/wp-content\/uploads\/2025\/10\/Gold-Zino-Android-1024x440.webp 1024w, https:\/\/goldzino.org\/wp-content\/uploads\/2025\/10\/Gold-Zino-Android-768x330.webp 768w\" sizes=\"auto, (max-width: 1248px) 100vw, 1248px\" \/><\/p>\n<\/div><\/div><div style=\"clear: both\"><\/div><div class=\"d-flex justify-content-center\"><button data-item=\"decouvrez_link\" data-group=\"website_links\" class=\"goto fw-bold rounded-pill btn btn-orange\" aria-label=\"Scarica Goldzino\" >Scarica Goldzino<\/button><\/div><div class=\"scrollable-content-wrap my-5\"><div class=\"scrollable-content-inner\"><h2>Gold Zino Applicazione iOS<\/h2>\n<p>Per gli utenti iOS, abbiamo due opzioni super convenienti: la nostra Progressive Web App (PWA) e un collegamento sulla schermata iniziale per un accesso pi\u00f9 veloce: basta cliccarci sopra e il casin\u00f2 si carica automaticamente. Entrambe sono pensate per offrirti un&#8217;esperienza di gioco veloce, sicura e di qualit\u00e0 senza dover cercare tutti quei file APK, scaricarli e occupare spazio nella memoria. Grazie all&#8217;uso della moderna crittografia SSL, tutte le tue informazioni personali e di transazione sono al sicuro. Noi di Goldzino speriamo che apprezzerai appieno questa utile innovazione.<\/p>\n<p>La nostra PWA \u00e8 gratuita per tutti i giocatori del sito Goldzino ed \u00e8 possibile accedervi dopo una semplice procedura di configurazione. L&#8217;approccio non comporta un ulteriore utilizzo della memoria, il che contribuisce a renderla una soluzione innocua ed efficace. Inoltre, la nostra PWA pu\u00f2 essere aggiornata automaticamente in modo che tutti i nostri scommettitori possano sempre usufruire delle ultime funzionalit\u00e0 e miglioramenti. Ecco come ottenerla:<\/p>\n<ol>\n<li>Scorri fino alla fine della nostra pagina <a href=\"https:\/\/goldzino.org\/it\/\">Goldzino Casino<\/a>, fino alla fine.<\/li>\n<li>Vedrai un piccolo banner con il pulsante &#8220;Installa&#8221;.<\/li>\n<li>Cliccandoci sopra, potrai vedere la nostra PWA. Facile e comodo.<\/li>\n<li>Se lo premi, sei nel gioco.<\/li>\n<\/ol>\n<h3>Come creare un&#8217;icona di collegamento in iOS<\/h3>\n<p>Esiste una variante alternativa per avere il nostro casin\u00f2 sempre a portata di mano. I nostri utenti possono creare un&#8217;icona di collegamento sulla loro homepage per accedervi con un solo clic. \u00c8 sufficiente aprire Safari, andare sul sito ufficiale Goldzino Casino, toccare il pulsante Condividi e selezionare Aggiungi alla schermata Home. Dopodich\u00e9, apparir\u00e0 come un&#8217;app nativa, la navigazione sar\u00e0 facile e tutte le funzioni del casin\u00f2 saranno disponibili.<\/p>\n<p><img loading=\"lazy\" decoding=\"async\" class=\"alignnone wp-image-1471 size-full\" src=\"https:\/\/goldzino.org\/wp-content\/uploads\/2025\/10\/Gold-Zino-iOS.webp\" alt=\"Gold Zino iOS App\" width=\"1248\" height=\"536\" srcset=\"https:\/\/goldzino.org\/wp-content\/uploads\/2025\/10\/Gold-Zino-iOS.webp 1248w, https:\/\/goldzino.org\/wp-content\/uploads\/2025\/10\/Gold-Zino-iOS-300x129.webp 300w, https:\/\/goldzino.org\/wp-content\/uploads\/2025\/10\/Gold-Zino-iOS-1024x440.webp 1024w, https:\/\/goldzino.org\/wp-content\/uploads\/2025\/10\/Gold-Zino-iOS-768x330.webp 768w\" sizes=\"auto, (max-width: 1248px) 100vw, 1248px\" \/><\/p>\n<\/div><\/div><div style=\"clear: both\"><\/div><div class=\"d-flex justify-content-center\"><button data-item=\"decouvrez_link\" data-group=\"website_links\" class=\"goto fw-bold rounded-pill btn btn-orange\" aria-label=\"Scarica l&#039;app Goldzino\" >Scarica l&#039;app Goldzino<\/button><\/div><div class=\"scrollable-content-wrap my-5\"><div class=\"scrollable-content-inner\"><h2>Goldzino Casino applicazione per Windows e Mac<\/h2>\n<p>Abbiamo alcuni giocatori particolari sulla nostra piattaforma che sono semplicemente appassionati dei giochi tradizionali da tavolo! Hanno anche la possibilit\u00e0 di scegliere Goldzino, dove possono accedere a una piattaforma web che pu\u00f2 essere utilizzata con qualsiasi browser su Windows o macOS. La nostra piattaforma moderna e multifunzionale rimane sempre a portata di mano, funziona in qualsiasi circostanza ed \u00e8 sicura, cos\u00ec potrai giocare ai tuoi titoli preferiti senza alcun inconveniente.<\/p>\n<h3>Collegamento sul browser o sul desktop<\/h3>\n<p>Si consiglia di aggiungere dei collegamenti per facilitare l&#8217;accesso, e il nostro Gold Zino collegamento \u00e8 un problema da aggiungere al tuo PC. Sui browser web, ad esempio Google Chrome, Firefox, Opera e altri, quando si preme il pulsante con i tre puntini e si sceglie l&#8217;opzione per creare un collegamento, apparir\u00e0 un&#8217;icona sulla barra delle applicazioni o sul desktop. Questa piccola manovra consente di accedere facilmente alla nostra piattaforma Goldzino casino, grazie alla quale \u00e8 possibile passare dal desktop al cellulare senza interruzioni e senza alcun processo di verifica.<\/p>\n<p>Ti far\u00e0 piacere sapere che la nostra versione desktop Gold Zino \u00e8 in grado di eseguire tutti i tipi di giochi: carte, roulette, poker, slot online e magic pot, giochi di casin\u00f2 dal vivo e crash game. Anche la modalit\u00e0 demo funziona perfettamente. Tutto funziona molto velocemente, tutte le opzioni del casin\u00f2 sono disponibili e facilita depositi, prelievi e gioco senza preoccupazioni, a tuo piacimento.<\/p>\n<p><img loading=\"lazy\" decoding=\"async\" class=\"alignnone size-full wp-image-2044\" src=\"https:\/\/goldzino.org\/wp-content\/uploads\/2025\/10\/Gold-Zino-PC-IT.webp\" alt=\"Gold Zino PC\" width=\"1248\" height=\"536\" srcset=\"https:\/\/goldzino.org\/wp-content\/uploads\/2025\/10\/Gold-Zino-PC-IT.webp 1248w, https:\/\/goldzino.org\/wp-content\/uploads\/2025\/10\/Gold-Zino-PC-IT-300x129.webp 300w, https:\/\/goldzino.org\/wp-content\/uploads\/2025\/10\/Gold-Zino-PC-IT-1024x440.webp 1024w, https:\/\/goldzino.org\/wp-content\/uploads\/2025\/10\/Gold-Zino-PC-IT-768x330.webp 768w\" sizes=\"auto, (max-width: 1248px) 100vw, 1248px\" \/><\/p>\n<\/div><\/div><div style=\"clear: both\"><\/div><div class=\"d-flex justify-content-center\"><button data-item=\"decouvrez_link\" data-group=\"website_links\" class=\"goto fw-bold rounded-pill btn btn-orange\" aria-label=\"Scarica Goldzino\" >Scarica Goldzino<\/button><\/div><div class=\"scrollable-content-wrap my-5\"><div class=\"scrollable-content-inner\"><h2>Domande frequenti<\/h2>\n<h3>La versione mobile di Goldzino Casino dispone di un servizio clienti?<\/h3>\n<p>La nostra moderna e funzionale app Goldzino dispone di un ottimo e appassionato team di assistenza, che puoi contattare tramite live chat ed e-mail in caso di problemi. Il nostro servizio clienti \u00e8 attivo 24 ore su 24 e siamo in grado di fornirti un&#8217;assistenza professionale in molte lingue. Il supporto \u00e8 disponibile per rispondere a tutte le domande non appena un giocatore incontra difficolt\u00e0 tecniche o ha problemi con la verifica.<\/p>\n<h3>Devo registrarmi per creare un account per utilizzare l&#8217;app Gold Zino?<\/h3>\n<p>In realt\u00e0, la <a href=\"https:\/\/goldzino.org\/it\/accesso-e-registrazione\/\">registrazione<\/a> non \u00e8 obbligatoria, ma \u00e8 altamente raccomandata. Se desideri solo provare i nostri giochi demo, non \u00e8 necessaria alcuna registrazione. Tuttavia, per godere appieno di tutte le funzionalit\u00e0 di Goldzino Casino, come giocare ad alcuni giochi, competere con altri scommettitori, aggiungere fondi e prelevare denaro, \u00e8 necessario un account normale. La registrazione \u00e8 un processo veloce che richiede solo un paio di minuti e ti offre una piattaforma sicura per iniziare a giocare.<\/p>\n<h3>L&#8217;applicazione di Goldzino Casino offre tutti i giochi?<\/h3>\n<p>L&#8217;applicazione Gold Zino dispone di una vasta libreria di libri, giochi da tavolo, giochi a vincita immediata e giochi di carte, slot machine e titoli di punta di qualsiasi genere. Al momento disponiamo di oltre 6.000 giochi e ne aggiungiamo altri ogni giorno. Tutti i nostri giochi sono ottimizzati per i dispositivi mobili e consentiamo ai giocatori di scommettere con la stessa qualit\u00e0 e di godersi appieno l&#8217;esperienza di gioco come nella versione desktop.<\/p>\n<h3>Come posso aggiornare l&#8217;app Goldzino Casino?<\/h3>\n<p>Non devi fare nulla. L&#8217;aggiornamento \u00e8 automatico, comodo e veloce, quindi non devi preoccuparti di essere aggiornato o meno. Goldzino Casino ha tutte le ultime funzionalit\u00e0, patch di sicurezza e giochi rilasciati automaticamente, cos\u00ec funzionano al meglio in ogni momento.<\/p>\n<\/div><\/div><\/p>\n","protected":false},"excerpt":{"rendered":"<p>Goldzino Casino app La Goldzino app offre una piattaforma di gioco mobile di alta qualit\u00e0, dove i giocatori italiani possono divertirsi con i loro giochi da casin\u00f2 preferiti ovunque si trovino e in qualsiasi momento. L&#8217;app Goldzino \u00e8 progettata per essere compatibile con tutti i dispositivi, in modo che l&#8217;utente possa godere di un&#8217;esperienza di [&hellip;]<\/p>\n","protected":false},"author":1,"featured_media":0,"parent":0,"menu_order":0,"comment_status":"closed","ping_status":"closed","template":"template-builder.php","meta":{"_acf_changed":false,"inline_featured_image":false,"footnotes":""},"class_list":["post-1506","page","type-page","status-publish","hentry"],"acf":[],"yoast_head":"<!-- This site is optimized with the Yoast SEO plugin v27.3 - https:\/\/yoast.com\/product\/yoast-seo-wordpress\/ -->\n<title>Goldzino Casin\u00f2 App | Scarica per iOS e Android<\/title>\n<meta name=\"description\" content=\"Porta il casin\u00f2 con te! Scarica l&#039;app Gold Zino Casino sul tuo dispositivo Android o iOS per un accesso immediato e facile a tutti i tuoi giochi preferiti, ovunque tu sia.\" \/>\n<meta name=\"robots\" content=\"index, follow, max-snippet:-1, max-image-preview:large, max-video-preview:-1\" \/>\n<link rel=\"canonical\" href=\"https:\/\/goldzino.org\/it\/app\/\" \/>\n<meta property=\"og:locale\" content=\"it_IT\" \/>\n<meta property=\"og:type\" content=\"article\" \/>\n<meta property=\"og:title\" content=\"Goldzino Casin\u00f2 App | Scarica per iOS e Android\" \/>\n<meta property=\"og:description\" content=\"Porta il casin\u00f2 con te! Scarica l&#039;app Gold Zino Casino sul tuo dispositivo Android o iOS per un accesso immediato e facile a tutti i tuoi giochi preferiti, ovunque tu sia.\" \/>\n<meta property=\"og:url\" content=\"https:\/\/goldzino.org\/it\/app\/\" \/>\n<meta property=\"og:site_name\" content=\"goldzino\" \/>\n<meta property=\"article:modified_time\" content=\"2025-11-27T13:13:39+00:00\" \/>\n<meta name=\"twitter:card\" content=\"summary_large_image\" \/>\n<meta name=\"twitter:label1\" content=\"Est. reading time\" \/>\n\t<meta name=\"twitter:data1\" content=\"3 minuti\" \/>\n<script type=\"application\/ld+json\" class=\"yoast-schema-graph\">{\"@context\":\"https:\\\/\\\/schema.org\",\"@graph\":[{\"@type\":\"WebPage\",\"@id\":\"https:\\\/\\\/goldzino.org\\\/it\\\/app\\\/\",\"url\":\"https:\\\/\\\/goldzino.org\\\/it\\\/app\\\/\",\"name\":\"Goldzino Casin\u00f2 App | Scarica per iOS e Android\",\"isPartOf\":{\"@id\":\"https:\\\/\\\/goldzino.org\\\/it\\\/#website\"},\"datePublished\":\"2025-10-23T06:01:26+00:00\",\"dateModified\":\"2025-11-27T13:13:39+00:00\",\"description\":\"Porta il casin\u00f2 con te! Scarica l'app Gold Zino Casino sul tuo dispositivo Android o iOS per un accesso immediato e facile a tutti i tuoi giochi preferiti, ovunque tu sia.\",\"breadcrumb\":{\"@id\":\"https:\\\/\\\/goldzino.org\\\/it\\\/app\\\/#breadcrumb\"},\"inLanguage\":\"it-IT\",\"potentialAction\":[{\"@type\":\"ReadAction\",\"target\":[\"https:\\\/\\\/goldzino.org\\\/it\\\/app\\\/\"]}]},{\"@type\":\"BreadcrumbList\",\"@id\":\"https:\\\/\\\/goldzino.org\\\/it\\\/app\\\/#breadcrumb\",\"itemListElement\":[{\"@type\":\"ListItem\",\"position\":1,\"name\":\"GoldZino\",\"item\":\"https:\\\/\\\/goldzino.org\\\/it\\\/\"},{\"@type\":\"ListItem\",\"position\":2,\"name\":\"App\"}]},{\"@type\":\"WebSite\",\"@id\":\"https:\\\/\\\/goldzino.org\\\/it\\\/#website\",\"url\":\"https:\\\/\\\/goldzino.org\\\/it\\\/\",\"name\":\"GoldZino\",\"description\":\"\",\"publisher\":{\"@id\":\"https:\\\/\\\/goldzino.org\\\/it\\\/#organization\"},\"potentialAction\":[{\"@type\":\"SearchAction\",\"target\":{\"@type\":\"EntryPoint\",\"urlTemplate\":\"https:\\\/\\\/goldzino.org\\\/it\\\/?s={search_term_string}\"},\"query-input\":{\"@type\":\"PropertyValueSpecification\",\"valueRequired\":true,\"valueName\":\"search_term_string\"}}],\"inLanguage\":\"it-IT\"},{\"@type\":\"Organization\",\"@id\":\"https:\\\/\\\/goldzino.org\\\/it\\\/#organization\",\"name\":\"GoldZino\",\"url\":\"https:\\\/\\\/goldzino.org\\\/it\\\/\",\"logo\":{\"@type\":\"ImageObject\",\"inLanguage\":\"it-IT\",\"@id\":\"https:\\\/\\\/goldzino.org\\\/it\\\/#\\\/schema\\\/logo\\\/image\\\/\",\"url\":\"https:\\\/\\\/goldzino.org\\\/wp-content\\\/uploads\\\/2025\\\/08\\\/80u1FaquEZeR6OUTeJCc.png\",\"contentUrl\":\"https:\\\/\\\/goldzino.org\\\/wp-content\\\/uploads\\\/2025\\\/08\\\/80u1FaquEZeR6OUTeJCc.png\",\"width\":209,\"height\":46,\"caption\":\"GoldZino\"},\"image\":{\"@id\":\"https:\\\/\\\/goldzino.org\\\/it\\\/#\\\/schema\\\/logo\\\/image\\\/\"}}]}<\/script>\n<!-- \/ Yoast SEO plugin. -->","yoast_head_json":{"title":"Goldzino Casin\u00f2 App | Scarica per iOS e Android","description":"Porta il casin\u00f2 con te! Scarica l'app Gold Zino Casino sul tuo dispositivo Android o iOS per un accesso immediato e facile a tutti i tuoi giochi preferiti, ovunque tu sia.","robots":{"index":"index","follow":"follow","max-snippet":"max-snippet:-1","max-image-preview":"max-image-preview:large","max-video-preview":"max-video-preview:-1"},"canonical":"https:\/\/goldzino.org\/it\/app\/","og_locale":"it_IT","og_type":"article","og_title":"Goldzino Casin\u00f2 App | Scarica per iOS e Android","og_description":"Porta il casin\u00f2 con te! Scarica l'app Gold Zino Casino sul tuo dispositivo Android o iOS per un accesso immediato e facile a tutti i tuoi giochi preferiti, ovunque tu sia.","og_url":"https:\/\/goldzino.org\/it\/app\/","og_site_name":"goldzino","article_modified_time":"2025-11-27T13:13:39+00:00","twitter_card":"summary_large_image","twitter_misc":{"Est. reading time":"3 minuti"},"schema":{"@context":"https:\/\/schema.org","@graph":[{"@type":"WebPage","@id":"https:\/\/goldzino.org\/it\/app\/","url":"https:\/\/goldzino.org\/it\/app\/","name":"Goldzino Casin\u00f2 App | Scarica per iOS e Android","isPartOf":{"@id":"https:\/\/goldzino.org\/it\/#website"},"datePublished":"2025-10-23T06:01:26+00:00","dateModified":"2025-11-27T13:13:39+00:00","description":"Porta il casin\u00f2 con te! Scarica l'app Gold Zino Casino sul tuo dispositivo Android o iOS per un accesso immediato e facile a tutti i tuoi giochi preferiti, ovunque tu sia.","breadcrumb":{"@id":"https:\/\/goldzino.org\/it\/app\/#breadcrumb"},"inLanguage":"it-IT","potentialAction":[{"@type":"ReadAction","target":["https:\/\/goldzino.org\/it\/app\/"]}]},{"@type":"BreadcrumbList","@id":"https:\/\/goldzino.org\/it\/app\/#breadcrumb","itemListElement":[{"@type":"ListItem","position":1,"name":"GoldZino","item":"https:\/\/goldzino.org\/it\/"},{"@type":"ListItem","position":2,"name":"App"}]},{"@type":"WebSite","@id":"https:\/\/goldzino.org\/it\/#website","url":"https:\/\/goldzino.org\/it\/","name":"GoldZino","description":"","publisher":{"@id":"https:\/\/goldzino.org\/it\/#organization"},"potentialAction":[{"@type":"SearchAction","target":{"@type":"EntryPoint","urlTemplate":"https:\/\/goldzino.org\/it\/?s={search_term_string}"},"query-input":{"@type":"PropertyValueSpecification","valueRequired":true,"valueName":"search_term_string"}}],"inLanguage":"it-IT"},{"@type":"Organization","@id":"https:\/\/goldzino.org\/it\/#organization","name":"GoldZino","url":"https:\/\/goldzino.org\/it\/","logo":{"@type":"ImageObject","inLanguage":"it-IT","@id":"https:\/\/goldzino.org\/it\/#\/schema\/logo\/image\/","url":"https:\/\/goldzino.org\/wp-content\/uploads\/2025\/08\/80u1FaquEZeR6OUTeJCc.png","contentUrl":"https:\/\/goldzino.org\/wp-content\/uploads\/2025\/08\/80u1FaquEZeR6OUTeJCc.png","width":209,"height":46,"caption":"GoldZino"},"image":{"@id":"https:\/\/goldzino.org\/it\/#\/schema\/logo\/image\/"}}]}},"_links":{"self":[{"href":"https:\/\/goldzino.org\/it\/wp-json\/wp\/v2\/pages\/1506","targetHints":{"allow":["GET"]}}],"collection":[{"href":"https:\/\/goldzino.org\/it\/wp-json\/wp\/v2\/pages"}],"about":[{"href":"https:\/\/goldzino.org\/it\/wp-json\/wp\/v2\/types\/page"}],"author":[{"embeddable":true,"href":"https:\/\/goldzino.org\/it\/wp-json\/wp\/v2\/users\/1"}],"replies":[{"embeddable":true,"href":"https:\/\/goldzino.org\/it\/wp-json\/wp\/v2\/comments?post=1506"}],"version-history":[{"count":3,"href":"https:\/\/goldzino.org\/it\/wp-json\/wp\/v2\/pages\/1506\/revisions"}],"predecessor-version":[{"id":2053,"href":"https:\/\/goldzino.org\/it\/wp-json\/wp\/v2\/pages\/1506\/revisions\/2053"}],"wp:attachment":[{"href":"https:\/\/goldzino.org\/it\/wp-json\/wp\/v2\/media?parent=1506"}],"curies":[{"name":"wp","href":"https:\/\/api.w.org\/{rel}","templated":true}]}}