{"id":1566,"date":"2025-10-23T07:08:55","date_gmt":"2025-10-23T06:08:55","guid":{"rendered":"https:\/\/goldzino.org\/registo-e-login\/"},"modified":"2025-12-25T20:59:02","modified_gmt":"2025-12-25T20:59:02","slug":"connexion-et-inscription","status":"publish","type":"page","link":"https:\/\/goldzino.org\/fr\/connexion-et-inscription\/","title":{"rendered":"Connexion et inscription"},"content":{"rendered":"<h1>Connexion \u00e0 Goldzino et inscription<\/h1>\n<p>L&rsquo;inscription sur notre plateforme commence g\u00e9n\u00e9ralement par un processus rapide de Goldzino login, sans \u00e9tapes compliqu\u00e9es, comme sur n&rsquo;importe quel autre site sur lequel vous vous inscrivez. Goldzino Casino offre un acc\u00e8s s\u00e9curis\u00e9 \u00e0 un large \u00e9ventail de titres, mais le bonus ne peut \u00eatre activ\u00e9 qu&rsquo;apr\u00e8s l&rsquo;inscription. Nos utilisateurs peuvent profiter de leurs jeux pr\u00e9f\u00e9r\u00e9s sans d\u00e9lai. Tout joueur peut effectuer les proc\u00e9dures d&rsquo;inscription et de connexion et g\u00e9rer son compte de mani\u00e8re ind\u00e9pendante.<\/p>\n<p><div class=\"banner-wrap\" aria-label=\"Banner\"><img src=\"https:\/\/goldzino.org\/wp-content\/uploads\/2025\/10\/Goldzino-Banner-Desktop.webp\" class=\"w-100 d-none d-lg-block img-pc main-banner-img\" alt=\"Goldzino Bonus\" fetchpriority=\"high\" decoding=\"async\"><img src=\"https:\/\/goldzino.org\/wp-content\/uploads\/2025\/10\/Gold-zino-Mobile-Banner.webp\" class=\"w-100 d-none d-md-block d-lg-none main-banner-img\" alt=\"Goldzino Bonus\" fetchpriority=\"high\" decoding=\"async\"><img src=\"https:\/\/goldzino.org\/wp-content\/uploads\/2025\/10\/Gold-zino-Mobile-Banner.webp\" class=\"w-100 d-md-none\" alt=\"Goldzino Bonus\" fetchpriority=\"high\" decoding=\"async\"><div class=\"banner-description\">\n<div class=\"banner-title\">Bonus de bienvenue<\/div>\n<p class=\"banner-header-title\">1000\u20ac<\/p>\n<div class=\"banner-header-AdditionalText\">+ 100 Tours Gratuits<\/div>\n<button data-item=\"homepage_banner_link\" class=\"goto m-button m-gradient-border m-button--primary m-button--large banner-button btn-orange\">\n            <div class=\"m-button-content\">\n                <span>Inscrivez-vous d\u00e8s maintenant<\/span>\n                <span><\/span>\n            <\/div>\n        <\/button>\n<\/div>\n<div class=\"WelcomePack\">\n<p><img decoding=\"async\" src=\"https:\/\/goldzino.org\/wp-content\/uploads\/2025\/10\/welcome-crown.svg\" alt=\"crown\" \/><\/p>\n<div class=\"WelcomePack-Info\">Cashback hebdomadaire jusqu&rsquo;\u00e0 25%<\/div>\n<p><img decoding=\"async\" src=\"https:\/\/goldzino.org\/wp-content\/uploads\/2025\/10\/welcome-crown.svg\" alt=\"crown\" \/><\/p>\n<\/div>\n<\/div><div class=\"scrollable-content-wrap my-5\"><div class=\"scrollable-content-inner\"><h2>Goldzino connexion processus<\/h2>\n<p>En cr\u00e9ant un compte chez Goldzino , nos pr\u00e9cieux utilisateurs ont acc\u00e8s \u00e0 une communaut\u00e9 conviviale regroupant des personnes qui partagent les m\u00eames id\u00e9es et les m\u00eames go\u00fbts en mati\u00e8re de jeux. Vous b\u00e9n\u00e9ficiez \u00e9galement d&rsquo;une gestion personnalis\u00e9e de votre compte, et vous d\u00e9bloquez nos bonus exclusifs et am\u00e9liorez votre niveau avec la possibilit\u00e9 de rejoindre le programme VIP. Un compte actif sur Goldzino Casino permet aux joueurs de d\u00e9poser des fonds, de participer \u00e0 des <a href=\"https:\/\/goldzino.org\/fr\/bonus\/\">promotions<\/a>, de suivre leur historique de jeu et de bonus, et \u00e9galement de v\u00e9rifier leurs documents de s\u00e9curit\u00e9 KYC. L&rsquo;inscription est sp\u00e9cialement con\u00e7ue pour \u00eatre rapide et simple, afin de permettre \u00e0 tous nos utilisateurs d&rsquo;acc\u00e9der aux fonctionnalit\u00e9s de notre plateforme.<\/p>\n<h3>Cr\u00e9ez votre compte Goldzino Casino<\/h3>\n<p>La cr\u00e9ation d&rsquo;un compte est toujours facile chez Goldzino Casino. Les \u00e9tapes pour se connecter \u00e0 Goldzino sont logiques. Vous pouvez vous en assurer par vous-m\u00eame ci-dessous :<\/p>\n<ol>\n<li>Sur notre Goldzino page principale, rep\u00e9rez les boutons lumineux dans le coin sup\u00e9rieur droit : connexion et inscription.<\/li>\n<li>Remplissez le court formulaire d&rsquo;inscription. Nous vous demandons uniquement votre adresse e-mail et un mot de passe fort et bien pens\u00e9.<\/li>\n<li>Lisez attentivement nos conditions g\u00e9n\u00e9rales Gold Zino et cochez la case.<\/li>\n<li>Si vous souhaitez recevoir notre newsletter promotionnelle, cochez \u00e9galement la case.<\/li>\n<li>Terminez le processus d&rsquo;inscription en vous rendant dans votre bo\u00eete de r\u00e9ception.<\/li>\n<li>Allez dans votre bo\u00eete de r\u00e9ception et recherchez le courrier que nous vous avons envoy\u00e9. Si vous ne le trouvez pas dans votre bo\u00eete de r\u00e9ception, veuillez v\u00e9rifier le dossier spam.<\/li>\n<li>Activez votre compte Gold Zino .<\/li>\n<\/ol>\n<h2>Goldzino acc\u00e8s et gestion du compte<\/h2>\n<p>Il est facile de se connecter \u00e0 votre compte <a href=\"https:\/\/goldzino.org\/fr\/\">Goldzino Casino<\/a> , et vous avez un contr\u00f4le total sur votre jeu via votre compte.<\/p>\n<table>\n<tbody>\n<tr>\n<td>\u00c9tapes<\/td>\n<td>D\u00e9tails<\/td>\n<\/tr>\n<tr>\n<td>Trouvez le bouton \u00ab Connexion \u00bb.<\/td>\n<td>M\u00eame bouton pr\u00e8s de l&rsquo;onglet d&rsquo;inscription<\/td>\n<\/tr>\n<tr>\n<td>Entrez votre adresse e-mail<\/td>\n<td>Utilisez l&rsquo;adresse e-mail que vous avez cr\u00e9\u00e9e lors de votre inscription.<\/td>\n<\/tr>\n<tr>\n<td>Entrez le mot de passe<\/td>\n<td>Utilisez le mot de passe cr\u00e9\u00e9 lors de l&rsquo;inscription.<\/td>\n<\/tr>\n<tr>\n<td>Cliquez \u00e0 nouveau sur \u00ab Connexion \u00bb.<\/td>\n<td>Pour acc\u00e9der \u00e0 votre compte<\/td>\n<\/tr>\n<\/tbody>\n<\/table>\n<p>Lorsque vous consultez le tableau de bord de votre compte, vous pouvez d\u00e9poser et retirer de l&rsquo;argent, consulter l&rsquo;historique du compte, modifier les param\u00e8tres du compte et g\u00e9rer vos informations personnelles si n\u00e9cessaire. De plus, notre plateforme est multilingue, ce qui signifie que nos utilisateurs provenant de diff\u00e9rentes parties du monde peuvent facilement s&rsquo;y retrouver. Il vous suffit de changer la langue du site web, et celui-ci sera automatiquement traduit dans l&rsquo;une de vos langues pr\u00e9f\u00e9r\u00e9es.<\/p>\n<p>La gestion d&rsquo;un compte implique l&rsquo;ajout d&rsquo;\u00e9l\u00e9ments de s\u00e9curit\u00e9, tels que l&rsquo;authentification \u00e0 deux facteurs et des fonctionnalit\u00e9s de gestion de session, afin de garantir un jeu responsable et un contr\u00f4le du temps pass\u00e9 sur notre plateforme. De plus, nos utilisateurs sont autoris\u00e9s \u00e0 modifier leurs informations personnelles, \u00e0 d\u00e9finir des limites de d\u00e9p\u00f4t et \u00e0 participer \u00e0 des offres promotionnelles directement depuis leur compte.<\/p>\n<h3>Vous avez oubli\u00e9 vos Goldzino identifiants de connexion ?<\/h3>\n<p>Il est recommand\u00e9 d&rsquo;enregistrer vos identifiants de connexion \u00e0 l&rsquo;aide du gestionnaire de mots de passe de votre navigateur ou d&rsquo;une application tierce de confiance. Si vous \u00eates de m\u00e9thode traditionnelle, notez simplement vos identifiants pour les saisir \u00e0 nouveau lors de votre connexion sur PC ou <a href=\"https:\/\/goldzino.org\/fr\/app\/\">application<\/a>.<\/p>\n<p>Mais tout peut arriver. Si vous \u00e9garez ou oubliez vos identifiants Goldzino , notre site vous aidera \u00e0 les r\u00e9cup\u00e9rer ; il vous offre une solution :<\/p>\n<ol>\n<li>En cas de perte de mot de passe, vous pouvez cliquer sur le lien \u00ab Mot de passe oubli\u00e9 ? \u00bb, que vous trouverez sur la page de connexion, un peu plus bas, sous forme de banni\u00e8re.<\/li>\n<li>Veuillez fournir l&rsquo;adresse e-mail que vous avez enregistr\u00e9e pr\u00e9c\u00e9demment.<\/li>\n<li>D\u00e8s que les instructions pour r\u00e9initialiser votre mot de passe vous sont envoy\u00e9es par e-mail, vous devez les suivre pour r\u00e9initialiser votre mot de passe en toute s\u00e9curit\u00e9.<\/li>\n<li>Si vous ne pouvez plus acc\u00e9der \u00e0 votre messagerie ou si vous avez perdu vos identifiants, ou si vous rencontrez des probl\u00e8mes pour vous connecter, tels que des blocages ou des probl\u00e8mes de connexion, vous pouvez obtenir de l&rsquo;aide aupr\u00e8s de notre \u00e9quipe d&rsquo;assistance Goldzino via le chat en direct ou par e-mail.<\/li>\n<\/ol>\n<p>Notre \u00e9quipe d&rsquo;assistance conviviale est toujours pr\u00eate \u00e0 r\u00e9soudre rapidement vos probl\u00e8mes de connexion, alors n&rsquo;h\u00e9sitez pas \u00e0 cliquer sur le petit bouton d&rsquo;assistance sur notre site web Gold Zino .<\/p>\n<h2>V\u00e9rifiez votre compte Gold Zino<\/h2>\n<p>Dans certaines circonstances particuli\u00e8res, nous vous demanderons de v\u00e9rifier votre compte. Les transactions en argent r\u00e9el (bonus et d\u00e9p\u00f4ts) n\u00e9cessitent une protection suppl\u00e9mentaire, et nous mettons tout en \u0153uvre pour garantir la s\u00e9curit\u00e9 de votre compte et de votre argent. Notre processus de v\u00e9rification est obligatoire pour ceux qui souhaitent jouer au-del\u00e0 du mode d\u00e9mo. Chez Goldzino , nous respectons les lois. Notre processus comprend :<\/p>\n<ul>\n<li>Fourniture d&rsquo;une pi\u00e8ce d&rsquo;identit\u00e9. Par exemple, votre passeport ou votre permis de conduire.<\/li>\n<li>Une preuve de domicile. Il peut s&rsquo;agir de factures de services publics ou de relev\u00e9s bancaires.<\/li>\n<\/ul>\n<p>Tous vos scans r\u00e9els de documents doivent \u00eatre envoy\u00e9s via la section de v\u00e9rification de votre compte dans votre profil.<\/p>\n<p>Apr\u00e8s cela, notre \u00e9quipe d&rsquo;assistance multilingue Goldzino Casino traitera rapidement vos documents ; vous n&rsquo;aurez pas \u00e0 attendre trop longtemps, car la plupart des processus sont modernis\u00e9s et adapt\u00e9s aux technologies de pointe. De plus, la v\u00e9rification augmente les limites de d\u00e9p\u00f4t et vous ouvre davantage de possibilit\u00e9s pour vos jeux.<\/p>\n<h2>FAQ<\/h2>\n<h3>Comment puis-je v\u00e9rifier mon compte ?<\/h3>\n<p>La confirmation implique la pr\u00e9sentation de documents d&rsquo;identit\u00e9 valides via votre compte personnel sur notre plateforme Gold Zino . Notre \u00e9quipe d&rsquo;assistance Goldzino Casino examine tous les documents que vous avez envoy\u00e9s afin de s&rsquo;assurer que l&rsquo;identit\u00e9 v\u00e9rifi\u00e9e est conforme aux normes l\u00e9gales et \u00e0 la s\u00e9curit\u00e9 de tous les comptes et de notre casino.<\/p>\n<h3>Puis-je mettre \u00e0 jour mon mot de passe ou mon adresse e-mail ?<\/h3>\n<p>Si jamais vous oubliez votre mot de passe, cliquez sur l&rsquo;option \u00ab Mot de passe oubli\u00e9 ? \u00bb dans la section Connexion Goldzino . En cas de probl\u00e8me avec votre messagerie \u00e9lectronique, vous pouvez contacter notre \u00e9quipe d&rsquo;assistance via le chat en direct ou lui envoyer un e-mail. Nous sommes toujours en ligne. Il se peut \u00e9galement que l&rsquo;on vous demande de prouver votre identit\u00e9 afin de faciliter la r\u00e9cup\u00e9ration de votre compte.<\/p>\n<h3>Que faire si mon compte est bloqu\u00e9 ?<\/h3>\n<p>Lorsque vous essayez de vous connecter \u00e0 Goldzino, il peut arriver que votre compte soit bloqu\u00e9 ou suspendu pour des raisons de s\u00e9curit\u00e9 ou en raison d&rsquo;activit\u00e9s inhabituelles. Nous sommes tr\u00e8s vigilants face \u00e0 tout cas de fraude, d&rsquo;abus de bonus ou de man\u0153uvres ill\u00e9gales. Par cons\u00e9quent, nous vous invitons \u00e0 contacter notre service d&rsquo;assistance via le chat en direct ou par e-mail. Nos conseillers vous aideront \u00e0 d\u00e9bloquer votre compte en v\u00e9rifiant votre identit\u00e9 ou en prenant les mesures n\u00e9cessaires. Ne vous inqui\u00e9tez pas.<\/p>\n<h3>Comment puis-je d\u00e9sactiver mon compte ?<\/h3>\n<p>Tous nos joueurs peuvent fermer leur compte Gold Zino en nous envoyant simplement un message via les param\u00e8tres de leur compte ou en contactant notre service d&rsquo;assistance. Nous prendrons les mesures n\u00e9cessaires conform\u00e9ment aux conditions g\u00e9n\u00e9rales de la plateforme afin de garantir la s\u00e9curit\u00e9 de votre compte Goldzino Casino.<\/p>\n<\/div><\/div><\/p>\n","protected":false},"excerpt":{"rendered":"<p>Connexion \u00e0 Goldzino et inscription L&rsquo;inscription sur notre plateforme commence g\u00e9n\u00e9ralement par un processus rapide de Goldzino login, sans \u00e9tapes compliqu\u00e9es, comme sur n&rsquo;importe quel autre site sur lequel vous vous inscrivez. Goldzino Casino offre un acc\u00e8s s\u00e9curis\u00e9 \u00e0 un large \u00e9ventail de titres, mais le bonus ne peut \u00eatre activ\u00e9 qu&rsquo;apr\u00e8s l&rsquo;inscription. Nos utilisateurs [&hellip;]<\/p>\n","protected":false},"author":1,"featured_media":0,"parent":0,"menu_order":0,"comment_status":"closed","ping_status":"closed","template":"template-builder.php","meta":{"_acf_changed":false,"inline_featured_image":false,"footnotes":""},"class_list":["post-1566","page","type-page","status-publish","hentry"],"acf":[],"yoast_head":"<!-- This site is optimized with the Yoast SEO plugin v27.3 - https:\/\/yoast.com\/product\/yoast-seo-wordpress\/ -->\n<title>Goldzino login et cr\u00e9ation de compte<\/title>\n<meta name=\"description\" content=\"D\u00e9marrez en quelques secondes. Cr\u00e9ez votre login Gold Zino pour un acc\u00e8s instantan\u00e9, ou connectez-vous pour g\u00e9rer votre profil, finaliser la v\u00e9rification et jouer en toute s\u00e9curit\u00e9.\" \/>\n<meta name=\"robots\" content=\"index, follow, max-snippet:-1, max-image-preview:large, max-video-preview:-1\" \/>\n<link rel=\"canonical\" href=\"https:\/\/goldzino.org\/fr\/connexion-et-inscription\/\" \/>\n<meta property=\"og:locale\" content=\"fr_FR\" \/>\n<meta property=\"og:type\" content=\"article\" \/>\n<meta property=\"og:title\" content=\"Goldzino login et cr\u00e9ation de compte\" \/>\n<meta property=\"og:description\" content=\"D\u00e9marrez en quelques secondes. Cr\u00e9ez votre login Gold Zino pour un acc\u00e8s instantan\u00e9, ou connectez-vous pour g\u00e9rer votre profil, finaliser la v\u00e9rification et jouer en toute s\u00e9curit\u00e9.\" \/>\n<meta property=\"og:url\" content=\"https:\/\/goldzino.org\/fr\/connexion-et-inscription\/\" \/>\n<meta property=\"og:site_name\" content=\"goldzino\" \/>\n<meta property=\"article:modified_time\" content=\"2025-12-25T20:59:02+00:00\" \/>\n<meta name=\"twitter:card\" content=\"summary_large_image\" \/>\n<meta name=\"twitter:label1\" content=\"Dur\u00e9e de lecture estim\u00e9e\" \/>\n\t<meta name=\"twitter:data1\" content=\"1 minute\" \/>\n<script type=\"application\/ld+json\" class=\"yoast-schema-graph\">{\"@context\":\"https:\\\/\\\/schema.org\",\"@graph\":[{\"@type\":\"WebPage\",\"@id\":\"https:\\\/\\\/goldzino.org\\\/fr\\\/connexion-et-inscription\\\/\",\"url\":\"https:\\\/\\\/goldzino.org\\\/fr\\\/connexion-et-inscription\\\/\",\"name\":\"Goldzino login et cr\u00e9ation de compte\",\"isPartOf\":{\"@id\":\"https:\\\/\\\/goldzino.org\\\/fr\\\/#website\"},\"datePublished\":\"2025-10-23T06:08:55+00:00\",\"dateModified\":\"2025-12-25T20:59:02+00:00\",\"description\":\"D\u00e9marrez en quelques secondes. Cr\u00e9ez votre login Gold Zino pour un acc\u00e8s instantan\u00e9, ou connectez-vous pour g\u00e9rer votre profil, finaliser la v\u00e9rification et jouer en toute s\u00e9curit\u00e9.\",\"breadcrumb\":{\"@id\":\"https:\\\/\\\/goldzino.org\\\/fr\\\/connexion-et-inscription\\\/#breadcrumb\"},\"inLanguage\":\"fr-FR\",\"potentialAction\":[{\"@type\":\"ReadAction\",\"target\":[\"https:\\\/\\\/goldzino.org\\\/fr\\\/connexion-et-inscription\\\/\"]}]},{\"@type\":\"BreadcrumbList\",\"@id\":\"https:\\\/\\\/goldzino.org\\\/fr\\\/connexion-et-inscription\\\/#breadcrumb\",\"itemListElement\":[{\"@type\":\"ListItem\",\"position\":1,\"name\":\"GoldZino\",\"item\":\"https:\\\/\\\/goldzino.org\\\/fr\\\/\"},{\"@type\":\"ListItem\",\"position\":2,\"name\":\"Connexion et inscription\"}]},{\"@type\":\"WebSite\",\"@id\":\"https:\\\/\\\/goldzino.org\\\/fr\\\/#website\",\"url\":\"https:\\\/\\\/goldzino.org\\\/fr\\\/\",\"name\":\"GoldZino\",\"description\":\"\",\"publisher\":{\"@id\":\"https:\\\/\\\/goldzino.org\\\/fr\\\/#organization\"},\"potentialAction\":[{\"@type\":\"SearchAction\",\"target\":{\"@type\":\"EntryPoint\",\"urlTemplate\":\"https:\\\/\\\/goldzino.org\\\/fr\\\/?s={search_term_string}\"},\"query-input\":{\"@type\":\"PropertyValueSpecification\",\"valueRequired\":true,\"valueName\":\"search_term_string\"}}],\"inLanguage\":\"fr-FR\"},{\"@type\":\"Organization\",\"@id\":\"https:\\\/\\\/goldzino.org\\\/fr\\\/#organization\",\"name\":\"GoldZino\",\"url\":\"https:\\\/\\\/goldzino.org\\\/fr\\\/\",\"logo\":{\"@type\":\"ImageObject\",\"inLanguage\":\"fr-FR\",\"@id\":\"https:\\\/\\\/goldzino.org\\\/fr\\\/#\\\/schema\\\/logo\\\/image\\\/\",\"url\":\"https:\\\/\\\/goldzino.org\\\/wp-content\\\/uploads\\\/2025\\\/08\\\/80u1FaquEZeR6OUTeJCc.png\",\"contentUrl\":\"https:\\\/\\\/goldzino.org\\\/wp-content\\\/uploads\\\/2025\\\/08\\\/80u1FaquEZeR6OUTeJCc.png\",\"width\":209,\"height\":46,\"caption\":\"GoldZino\"},\"image\":{\"@id\":\"https:\\\/\\\/goldzino.org\\\/fr\\\/#\\\/schema\\\/logo\\\/image\\\/\"}}]}<\/script>\n<!-- \/ Yoast SEO plugin. -->","yoast_head_json":{"title":"Goldzino login et cr\u00e9ation de compte","description":"D\u00e9marrez en quelques secondes. Cr\u00e9ez votre login Gold Zino pour un acc\u00e8s instantan\u00e9, ou connectez-vous pour g\u00e9rer votre profil, finaliser la v\u00e9rification et jouer en toute s\u00e9curit\u00e9.","robots":{"index":"index","follow":"follow","max-snippet":"max-snippet:-1","max-image-preview":"max-image-preview:large","max-video-preview":"max-video-preview:-1"},"canonical":"https:\/\/goldzino.org\/fr\/connexion-et-inscription\/","og_locale":"fr_FR","og_type":"article","og_title":"Goldzino login et cr\u00e9ation de compte","og_description":"D\u00e9marrez en quelques secondes. Cr\u00e9ez votre login Gold Zino pour un acc\u00e8s instantan\u00e9, ou connectez-vous pour g\u00e9rer votre profil, finaliser la v\u00e9rification et jouer en toute s\u00e9curit\u00e9.","og_url":"https:\/\/goldzino.org\/fr\/connexion-et-inscription\/","og_site_name":"goldzino","article_modified_time":"2025-12-25T20:59:02+00:00","twitter_card":"summary_large_image","twitter_misc":{"Dur\u00e9e de lecture estim\u00e9e":"1 minute"},"schema":{"@context":"https:\/\/schema.org","@graph":[{"@type":"WebPage","@id":"https:\/\/goldzino.org\/fr\/connexion-et-inscription\/","url":"https:\/\/goldzino.org\/fr\/connexion-et-inscription\/","name":"Goldzino login et cr\u00e9ation de compte","isPartOf":{"@id":"https:\/\/goldzino.org\/fr\/#website"},"datePublished":"2025-10-23T06:08:55+00:00","dateModified":"2025-12-25T20:59:02+00:00","description":"D\u00e9marrez en quelques secondes. Cr\u00e9ez votre login Gold Zino pour un acc\u00e8s instantan\u00e9, ou connectez-vous pour g\u00e9rer votre profil, finaliser la v\u00e9rification et jouer en toute s\u00e9curit\u00e9.","breadcrumb":{"@id":"https:\/\/goldzino.org\/fr\/connexion-et-inscription\/#breadcrumb"},"inLanguage":"fr-FR","potentialAction":[{"@type":"ReadAction","target":["https:\/\/goldzino.org\/fr\/connexion-et-inscription\/"]}]},{"@type":"BreadcrumbList","@id":"https:\/\/goldzino.org\/fr\/connexion-et-inscription\/#breadcrumb","itemListElement":[{"@type":"ListItem","position":1,"name":"GoldZino","item":"https:\/\/goldzino.org\/fr\/"},{"@type":"ListItem","position":2,"name":"Connexion et inscription"}]},{"@type":"WebSite","@id":"https:\/\/goldzino.org\/fr\/#website","url":"https:\/\/goldzino.org\/fr\/","name":"GoldZino","description":"","publisher":{"@id":"https:\/\/goldzino.org\/fr\/#organization"},"potentialAction":[{"@type":"SearchAction","target":{"@type":"EntryPoint","urlTemplate":"https:\/\/goldzino.org\/fr\/?s={search_term_string}"},"query-input":{"@type":"PropertyValueSpecification","valueRequired":true,"valueName":"search_term_string"}}],"inLanguage":"fr-FR"},{"@type":"Organization","@id":"https:\/\/goldzino.org\/fr\/#organization","name":"GoldZino","url":"https:\/\/goldzino.org\/fr\/","logo":{"@type":"ImageObject","inLanguage":"fr-FR","@id":"https:\/\/goldzino.org\/fr\/#\/schema\/logo\/image\/","url":"https:\/\/goldzino.org\/wp-content\/uploads\/2025\/08\/80u1FaquEZeR6OUTeJCc.png","contentUrl":"https:\/\/goldzino.org\/wp-content\/uploads\/2025\/08\/80u1FaquEZeR6OUTeJCc.png","width":209,"height":46,"caption":"GoldZino"},"image":{"@id":"https:\/\/goldzino.org\/fr\/#\/schema\/logo\/image\/"}}]}},"_links":{"self":[{"href":"https:\/\/goldzino.org\/fr\/wp-json\/wp\/v2\/pages\/1566","targetHints":{"allow":["GET"]}}],"collection":[{"href":"https:\/\/goldzino.org\/fr\/wp-json\/wp\/v2\/pages"}],"about":[{"href":"https:\/\/goldzino.org\/fr\/wp-json\/wp\/v2\/types\/page"}],"author":[{"embeddable":true,"href":"https:\/\/goldzino.org\/fr\/wp-json\/wp\/v2\/users\/1"}],"replies":[{"embeddable":true,"href":"https:\/\/goldzino.org\/fr\/wp-json\/wp\/v2\/comments?post=1566"}],"version-history":[{"count":4,"href":"https:\/\/goldzino.org\/fr\/wp-json\/wp\/v2\/pages\/1566\/revisions"}],"predecessor-version":[{"id":2379,"href":"https:\/\/goldzino.org\/fr\/wp-json\/wp\/v2\/pages\/1566\/revisions\/2379"}],"wp:attachment":[{"href":"https:\/\/goldzino.org\/fr\/wp-json\/wp\/v2\/media?parent=1566"}],"curies":[{"name":"wp","href":"https:\/\/api.w.org\/{rel}","templated":true}]}}