{"id":1500,"date":"2025-10-23T07:01:26","date_gmt":"2025-10-23T06:01:26","guid":{"rendered":"https:\/\/goldzino.org\/aplicacao\/"},"modified":"2025-12-25T20:55:10","modified_gmt":"2025-12-25T20:55:10","slug":"app","status":"publish","type":"page","link":"https:\/\/goldzino.org\/fr\/app\/","title":{"rendered":"App"},"content":{"rendered":"<h1>Application Goldzino Casino<\/h1>\n<p>L&rsquo;application Goldzino offre une plateforme de jeux mobile haut de gamme, o\u00f9 les joueurs peuvent profiter de leurs jeux de casino pr\u00e9f\u00e9r\u00e9s o\u00f9 qu&rsquo;ils soient et \u00e0 tout moment. La Goldzino app est con\u00e7ue pour \u00eatre compatible avec tous les appareils afin que l&rsquo;utilisateur puisse b\u00e9n\u00e9ficier d&rsquo;une exp\u00e9rience de navigation confortable, d&rsquo;un chargement rapide et de transactions s\u00fbres et s\u00e9curis\u00e9es. L&rsquo;application offre un niveau de confort am\u00e9lior\u00e9 dans un casino mobile gr\u00e2ce \u00e0 son interface intuitive et \u00e0 une grande vari\u00e9t\u00e9 de jeux disponibles.<\/p>\n<div class=\"banner-wrap\" aria-label=\"Banner\"><img src=\"https:\/\/goldzino.org\/wp-content\/uploads\/2025\/10\/Goldzino-Banner-Desktop.webp\" class=\"w-100 d-none d-lg-block img-pc main-banner-img\" alt=\"Goldzino Bonus\" fetchpriority=\"high\" decoding=\"async\"><img src=\"https:\/\/goldzino.org\/wp-content\/uploads\/2025\/10\/Gold-zino-Mobile-Banner.webp\" class=\"w-100 d-none d-md-block d-lg-none main-banner-img\" alt=\"Goldzino Bonus\" fetchpriority=\"high\" decoding=\"async\"><img src=\"https:\/\/goldzino.org\/wp-content\/uploads\/2025\/10\/Gold-zino-Mobile-Banner.webp\" class=\"w-100 d-md-none\" alt=\"Goldzino Bonus\" fetchpriority=\"high\" decoding=\"async\"><div class=\"banner-description\">\n<div class=\"banner-title\">Bonus de bienvenue<\/div>\n<p class=\"banner-header-title\">1000\u20ac<\/p>\n<div class=\"banner-header-AdditionalText\">+ 100 Tours Gratuits<\/div>\n<button data-item=\"homepage_banner_link\" class=\"goto m-button m-gradient-border m-button--primary m-button--large banner-button btn-orange\">\n            <div class=\"m-button-content\">\n                <span>Inscrivez-vous d\u00e8s maintenant<\/span>\n                <span><\/span>\n            <\/div>\n        <\/button>\n<\/div>\n<div class=\"WelcomePack\">\n<p><img decoding=\"async\" src=\"https:\/\/goldzino.org\/wp-content\/uploads\/2025\/10\/welcome-crown.svg\" alt=\"crown\" \/><\/p>\n<div class=\"WelcomePack-Info\">Cashback hebdomadaire jusqu&rsquo;\u00e0 25%<\/div>\n<p><img decoding=\"async\" src=\"https:\/\/goldzino.org\/wp-content\/uploads\/2025\/10\/welcome-crown.svg\" alt=\"crown\" \/><\/p>\n<\/div>\n<\/div>\n<h2>Jouez o\u00f9 que vous soyez avec Gold Zino<\/h2>\n<p>L&rsquo;application Goldzino est con\u00e7ue pour r\u00e9pondre aux besoins de nos joueurs qui souhaitent utiliser des appareils mobiles pour jouer \u00e0 leurs jeux de casino. De plus, que ce soit sur un smartphone ou une tablette, l&rsquo;application est rapide, s\u00fbre et conviviale pour jouer. Elle combine toutes les fonctionnalit\u00e9s d&rsquo;un ordinateur de bureau et la polyvalence d&rsquo;un appareil mobile, et il n&rsquo;a jamais \u00e9t\u00e9 aussi facile de jouer aux machines \u00e0 sous en ligne, aux jeux de table, au casino en direct, etc.<\/p>\n<p>La flexibilit\u00e9 de l&rsquo;application rend toutes les fonctionnalit\u00e9s, telles que les d\u00e9p\u00f4ts et les retraits, compatibles avec les appareils mobiles. Elle est l\u00e9g\u00e8re et se charge rapidement, ce qui signifie que les joueurs n&rsquo;ont pas \u00e0 sacrifier la qualit\u00e9 au profit de la commodit\u00e9. Le logiciel mobile de Gold Zino vous permet de vivre une exp\u00e9rience interactive, que vous soyez chez vous, dans les transports ou en vacances.<\/p>\n<p>L&rsquo;application Goldzino est sp\u00e9cialement con\u00e7ue pour permettre \u00e0 nos joueurs fid\u00e8les et nouveaux de profiter d&rsquo;un processus s\u00e9curis\u00e9, flexible et riche en fonctionnalit\u00e9s sur mobile ou ordinateur de bureau. Notre conception privil\u00e9gie la facilit\u00e9 d&rsquo;utilisation, l&rsquo;acc\u00e8s rapide et un large choix de jeux. Nous sommes convaincus d&rsquo;\u00eatre le choix num\u00e9ro un des amateurs de casinos en ligne.<\/p>\n<table>\n<tbody>\n<tr>\n<td>Avantages<\/td>\n<td>Description<\/td>\n<\/tr>\n<tr>\n<td>Compatibilit\u00e9 mobile<\/td>\n<td>Permet de jouer sur smartphones et tablettes<\/td>\n<\/tr>\n<tr>\n<td>Rapide et s\u00e9curis\u00e9<\/td>\n<td>Assure un acc\u00e8s rapide<\/td>\n<\/tr>\n<tr>\n<td>Toutes les fonctions sont ici<\/td>\n<td>Comprend toutes les fonctionnalit\u00e9s du bureau : d\u00e9p\u00f4ts, retraits et jeux.<\/td>\n<\/tr>\n<tr>\n<td>L\u00e9ger et rapide<\/td>\n<td>Chargements sans nuire \u00e0 la qualit\u00e9<\/td>\n<\/tr>\n<tr>\n<td>Interactif<\/td>\n<td>Offre commodit\u00e9 et confort<\/td>\n<\/tr>\n<tr>\n<td>S\u00fbr<\/td>\n<td>Con\u00e7u sp\u00e9cialement pour jouer en toute s\u00e9curit\u00e9<\/td>\n<\/tr>\n<tr>\n<td>Des tonnes de jeux<\/td>\n<td>Machines \u00e0 sous en ligne, jeux de table, casino en direct, et plus encore<\/td>\n<\/tr>\n<tr>\n<td>Interface et conception conviviales, couleurs<\/td>\n<td>Priorit\u00e9 \u00e0 la facilit\u00e9 d&rsquo;utilisation et \u00e0 l&rsquo;acc\u00e8s rapide<\/td>\n<\/tr>\n<tr>\n<td>Polyvalent<\/td>\n<td>Jouez sur appareils mobiles et ordinateurs de bureau<\/td>\n<\/tr>\n<\/tbody>\n<\/table>\n<p><div style=\"clear: both\"><\/div><div class=\"d-flex justify-content-center\"><button data-item=\"decouvrez_link\" data-group=\"website_links\" class=\"goto fw-bold rounded-pill btn btn-orange\" aria-label=\"T\u00e9l\u00e9chargez l&#039;application Goldzino\" >T\u00e9l\u00e9chargez l&#039;application Goldzino<\/button><\/div><div class=\"scrollable-content-wrap my-5\"><div class=\"scrollable-content-inner\"><h2>T\u00e9l\u00e9chargez l&rsquo;application sur Android<\/h2>\n<p>Goldzino offre une alternative simple pour acc\u00e9der \u00e0 notre casino mobile sur les appareils Android sans t\u00e9l\u00e9charger de fichiers APK. Les joueurs peuvent plut\u00f4t utiliser une application web progressive (PWA), qui n&rsquo;occupe aucun espace de stockage mais offre toutes les fonctionnalit\u00e9s. Il s&rsquo;agit d&rsquo;une m\u00e9thode s\u00fbre et efficace qui b\u00e9n\u00e9ficie de mises \u00e0 jour automatiques et d&rsquo;une performance maximale.<\/p>\n<h3>Application Goldzino en tant que PWA<\/h3>\n<p>La principale fa\u00e7on de jouer \u00e0 nos jeux de casino est via PWA. Nous savons que les utilisateurs d&rsquo;Android auraient tendance \u00e0 penser \u00e0 installer l&rsquo;APK Gold Zino , mais nous sommes all\u00e9s plus loin. Notre PWA Goldzino est plus rapide et plus facile \u00e0 utiliser. Sur la page officielle de Gold Zino, un bouton sp\u00e9cial pour l&rsquo;application \u00ab Casino Goldzino App \u00bb se trouve en bas de page. En appuyant sur ce bouton, le processus d&rsquo;installation commencera et les joueurs pourront installer l&rsquo;application sur leurs appareils.<\/p>\n<p>L&rsquo;ic\u00f4ne de l&rsquo;application Goldzino s&rsquo;affichera sur l&rsquo;\u00e9cran d&rsquo;accueil apr\u00e8s l&rsquo;installation et permettra \u00e0 l&rsquo;utilisateur d&rsquo;acc\u00e9der imm\u00e9diatement au casino mobile. Les actualit\u00e9s, les <a href=\"https:\/\/goldzino.org\/fr\/bonus\/\">promotions<\/a> et les mises \u00e0 jour permettent aux joueurs de rester inform\u00e9s afin de ne manquer aucune offre sp\u00e9ciale ni sortie de nouveaux jeux.<\/p>\n<p><img loading=\"lazy\" decoding=\"async\" class=\"alignnone wp-image-1470 size-full\" src=\"https:\/\/goldzino.org\/wp-content\/uploads\/2025\/10\/Gold-Zino-Android.webp\" alt=\"Goldzino Android App\" width=\"1248\" height=\"536\" srcset=\"https:\/\/goldzino.org\/wp-content\/uploads\/2025\/10\/Gold-Zino-Android.webp 1248w, https:\/\/goldzino.org\/wp-content\/uploads\/2025\/10\/Gold-Zino-Android-300x129.webp 300w, https:\/\/goldzino.org\/wp-content\/uploads\/2025\/10\/Gold-Zino-Android-1024x440.webp 1024w, https:\/\/goldzino.org\/wp-content\/uploads\/2025\/10\/Gold-Zino-Android-768x330.webp 768w\" sizes=\"auto, (max-width: 1248px) 100vw, 1248px\" \/><\/p>\n<\/div><\/div><div style=\"clear: both\"><\/div><div class=\"d-flex justify-content-center\"><button data-item=\"decouvrez_link\" data-group=\"website_links\" class=\"goto fw-bold rounded-pill btn btn-orange\" aria-label=\"T\u00e9l\u00e9charger Goldzino\" >T\u00e9l\u00e9charger Goldzino<\/button><\/div><div class=\"scrollable-content-wrap my-5\"><div class=\"scrollable-content-inner\"><h2>Gold Zino Application iOS<\/h2>\n<p>Pour nos utilisateurs iOS, nous proposons deux options tr\u00e8s pratiques : notre application web progressive (PWA) et un raccourci sur l&rsquo;\u00e9cran d&rsquo;accueil pour un acc\u00e8s plus rapide. Il vous suffit de cliquer dessus pour que le casino se charge automatiquement. Ces deux options vous permettent de jouer rapidement, en toute s\u00e9curit\u00e9 et avec une qualit\u00e9 optimale, sans avoir \u00e0 rechercher tous ces fichiers APK, \u00e0 les t\u00e9l\u00e9charger et \u00e0 encombrer votre m\u00e9moire. Gr\u00e2ce \u00e0 l&rsquo;utilisation du cryptage SSL moderne, toutes vos informations personnelles et transactionnelles sont prot\u00e9g\u00e9es. Chez Goldzino, nous esp\u00e9rons que vous appr\u00e9cierez pleinement cette innovation utile.<\/p>\n<p>Notre PWA est gratuite pour tous les joueurs du site Goldzino , et vous pouvez y acc\u00e9der apr\u00e8s un processus de configuration simple. Cette approche n&rsquo;implique pas de stockage suppl\u00e9mentaire dans votre m\u00e9moire, ce qui contribue \u00e0 en faire une solution inoffensive et efficace. De plus, notre PWA peut \u00eatre mise \u00e0 jour automatiquement afin que tous nos parieurs b\u00e9n\u00e9ficient toujours des derni\u00e8res fonctionnalit\u00e9s et am\u00e9liorations. Voici comment l&rsquo;obtenir :<\/p>\n<ol>\n<li>Faites d\u00e9filer jusqu&rsquo;\u00e0 la fin de notre page <a href=\"https:\/\/goldzino.org\/fr\/\">Goldzino Casino<\/a> , jusqu&rsquo;\u00e0 la toute fin.<\/li>\n<li>Vous verrez une petite banni\u00e8re avec le bouton \u00ab Installer \u00bb.<\/li>\n<li>En cliquant dessus, vous acc\u00e9dez \u00e0 notre PWA. Facile et pratique.<\/li>\n<li>Si vous appuyez dessus, vous \u00eates dans le jeu.<\/li>\n<\/ol>\n<h3>Comment cr\u00e9er une ic\u00f4ne de raccourci dans iOS<\/h3>\n<p>Il existe une autre solution pour avoir notre casino toujours \u00e0 port\u00e9e de main. Nos utilisateurs peuvent cr\u00e9er un raccourci sur leur page d&rsquo;accueil pour y acc\u00e9der en un seul clic. Il suffit d&rsquo;ouvrir Safari, puis de se rendre sur le site officiel Goldzino Casino , d&rsquo;appuyer sur le bouton Partager et de s\u00e9lectionner Ajouter \u00e0 l&rsquo;\u00e9cran d&rsquo;accueil. Ensuite, l&rsquo;application ressemble \u00e0 une application native, la navigation est facile et toutes les fonctions du casino sont disponibles.<\/p>\n<p><img loading=\"lazy\" decoding=\"async\" class=\"alignnone wp-image-1471 size-full\" src=\"https:\/\/goldzino.org\/wp-content\/uploads\/2025\/10\/Gold-Zino-iOS.webp\" alt=\"Gold Zino iOS App\" width=\"1248\" height=\"536\" srcset=\"https:\/\/goldzino.org\/wp-content\/uploads\/2025\/10\/Gold-Zino-iOS.webp 1248w, https:\/\/goldzino.org\/wp-content\/uploads\/2025\/10\/Gold-Zino-iOS-300x129.webp 300w, https:\/\/goldzino.org\/wp-content\/uploads\/2025\/10\/Gold-Zino-iOS-1024x440.webp 1024w, https:\/\/goldzino.org\/wp-content\/uploads\/2025\/10\/Gold-Zino-iOS-768x330.webp 768w\" sizes=\"auto, (max-width: 1248px) 100vw, 1248px\" \/><\/p>\n<\/div><\/div><div style=\"clear: both\"><\/div><div class=\"d-flex justify-content-center\"><button data-item=\"decouvrez_link\" data-group=\"website_links\" class=\"goto fw-bold rounded-pill btn btn-orange\" aria-label=\"T\u00e9l\u00e9chargez l&#039;application Goldzino\" >T\u00e9l\u00e9chargez l&#039;application Goldzino<\/button><\/div><div class=\"scrollable-content-wrap my-5\"><div class=\"scrollable-content-inner\"><h2>Goldzino Casino application pour Windows et Mac<\/h2>\n<p>Notre plateforme compte certains joueurs qui sont particuli\u00e8rement friands des jeux de table traditionnels ! Ils ont \u00e9galement la possibilit\u00e9 d&rsquo;utiliser Goldzino, une plateforme web accessible depuis n&rsquo;importe quel navigateur sous Windows ou macOS. Notre plateforme moderne et multifonctionnelle reste tr\u00e8s pratique, fonctionne dans toutes les circonstances et est s\u00e9curis\u00e9e, vous permettant ainsi de jouer \u00e0 vos titres pr\u00e9f\u00e9r\u00e9s sans aucun inconv\u00e9nient.<\/p>\n<h3>Raccourci sur votre navigateur ou votre bureau<\/h3>\n<p>Il est recommand\u00e9 d&rsquo;ajouter des raccourcis pour faciliter l&rsquo;acc\u00e8s, et notre raccourci Gold Zino est un probl\u00e8me \u00e0 ajouter \u00e0 votre PC. Sur les navigateurs web, tels que Google Chrome, Firefox, Opera et autres, lorsque vous appuyez sur le bouton \u00e0 trois points et que vous choisissez l&rsquo;option permettant de cr\u00e9er un raccourci, une ic\u00f4ne appara\u00eetra sur votre barre des t\u00e2ches ou votre bureau. Cette petite man\u0153uvre vous permet d&rsquo;acc\u00e9der facilement \u00e0 notre plateforme Goldzino casino, gr\u00e2ce \u00e0 laquelle une transition ininterrompue entre votre ordinateur de bureau et votre mobile est possible sans aucun processus de v\u00e9rification.<\/p>\n<p>Vous serez heureux d&rsquo;apprendre que notre version de bureau Gold Zino peut ex\u00e9cuter tous les types de jeux : cartes, roulette, poker, machines \u00e0 sous en ligne et pots magiques, jeux de casino en direct, ainsi que les jeux crash. Le mode d\u00e9mo fonctionne \u00e9galement tr\u00e8s bien. Tout fonctionne tr\u00e8s rapidement, toutes les options du casino sont disponibles et cela facilite les d\u00e9p\u00f4ts, les retraits et le jeu sans souci, \u00e0 votre convenance.<\/p>\n<p><img loading=\"lazy\" decoding=\"async\" class=\"alignnone size-full wp-image-2145\" src=\"https:\/\/goldzino.org\/wp-content\/uploads\/2025\/10\/Gold-Zino-PC-FR.webp\" alt=\"Gold Zino PC\" width=\"1248\" height=\"536\" srcset=\"https:\/\/goldzino.org\/wp-content\/uploads\/2025\/10\/Gold-Zino-PC-FR.webp 1248w, https:\/\/goldzino.org\/wp-content\/uploads\/2025\/10\/Gold-Zino-PC-FR-300x129.webp 300w, https:\/\/goldzino.org\/wp-content\/uploads\/2025\/10\/Gold-Zino-PC-FR-1024x440.webp 1024w, https:\/\/goldzino.org\/wp-content\/uploads\/2025\/10\/Gold-Zino-PC-FR-768x330.webp 768w\" sizes=\"auto, (max-width: 1248px) 100vw, 1248px\" \/><\/p>\n<\/div><\/div><div style=\"clear: both\"><\/div><div class=\"d-flex justify-content-center\"><button data-item=\"decouvrez_link\" data-group=\"website_links\" class=\"goto fw-bold rounded-pill btn btn-orange\" aria-label=\"T\u00e9l\u00e9charger Goldzino\" >T\u00e9l\u00e9charger Goldzino<\/button><\/div><div class=\"scrollable-content-wrap my-5\"><div class=\"scrollable-content-inner\"><h2>Foire aux questions<\/h2>\n<h3>La version mobile de Goldzino Casino dispose-t-elle d&rsquo;un service client ?<\/h3>\n<p>Notre application Goldzino, moderne et fonctionnelle, dispose d&rsquo;une \u00e9quipe d&rsquo;assistance formidable et enthousiaste. Vous pouvez nous contacter via le chat en direct et par e-mail en cas de probl\u00e8me. Notre service client\u00e8le est disponible 24 heures sur 24 et nous avons toutes les connaissances n\u00e9cessaires pour vous fournir une assistance professionnelle dans plusieurs langues. L&rsquo;assistance est disponible pour r\u00e9pondre \u00e0 toutes les questions d\u00e8s qu&rsquo;un joueur rencontre des difficult\u00e9s techniques ou des probl\u00e8mes de v\u00e9rification.<\/p>\n<h3>Dois-je cr\u00e9er un compte pour utiliser l&rsquo;application Gold Zino ?<\/h3>\n<p>En r\u00e9alit\u00e9, <a href=\"https:\/\/goldzino.org\/fr\/connexion-et-inscription\/\">l&rsquo;inscription<\/a> n&rsquo;est pas obligatoire, mais elle est fortement recommand\u00e9e. Si vous souhaitez simplement essayer nos jeux en mode d\u00e9mo, vous n&rsquo;avez pas besoin de vous inscrire. Cependant, pour profiter pleinement de toutes les fonctionnalit\u00e9s de Goldzino Casino, telles que jouer \u00e0 certains jeux, affronter d&rsquo;autres parieurs, ajouter des fonds et retirer de l&rsquo;argent, vous devez disposer d&rsquo;un compte normal. L&rsquo;inscription est un processus rapide qui ne prend que quelques minutes et vous offre une plateforme s\u00e9curis\u00e9e pour commencer \u00e0 jouer.<\/p>\n<h3>L&rsquo;application Goldzino Casino propose-t-elle tous les jeux ?<\/h3>\n<p>L&rsquo;application Gold Zino dispose d&rsquo;une immense biblioth\u00e8que de livres, de jeux de table, de jeux \u00e0 gains instantan\u00e9s et de jeux de cartes, de machines \u00e0 sous et des meilleurs titres de tous les genres. \u00c0 l&rsquo;heure actuelle, nous proposons plus de 6 000 jeux, et nous en ajoutons chaque jour. Tous nos jeux sont adapt\u00e9s aux appareils mobiles et permettent aux joueurs de miser avec la m\u00eame qualit\u00e9 et de profiter pleinement de l&rsquo;exp\u00e9rience de jeu gaming experience offerte par la version pour ordinateur.<\/p>\n<h3>Comment puis-je mettre \u00e0 jour l&rsquo;application Goldzino Casino ?<\/h3>\n<p>Vous n&rsquo;avez rien \u00e0 faire. Concr\u00e8tement, la mise \u00e0 jour est automatique, car elle est con\u00e7ue de cette mani\u00e8re : pratique et rapide, elle ne n\u00e9cessite aucune autre action et vous n&rsquo;avez pas \u00e0 vous soucier de savoir si vous \u00eates \u00e0 jour ou non. Goldzino Casino dispose de toutes les derni\u00e8res fonctionnalit\u00e9s, correctifs de s\u00e9curit\u00e9 et jeux, qui sont automatiquement mis \u00e0 jour afin de fonctionner de mani\u00e8re optimale \u00e0 tout moment.<\/p>\n<\/div><\/div><\/p>\n","protected":false},"excerpt":{"rendered":"<p>Application Goldzino Casino L&rsquo;application Goldzino offre une plateforme de jeux mobile haut de gamme, o\u00f9 les joueurs peuvent profiter de leurs jeux de casino pr\u00e9f\u00e9r\u00e9s o\u00f9 qu&rsquo;ils soient et \u00e0 tout moment. La Goldzino app est con\u00e7ue pour \u00eatre compatible avec tous les appareils afin que l&rsquo;utilisateur puisse b\u00e9n\u00e9ficier d&rsquo;une exp\u00e9rience de navigation confortable, d&rsquo;un [&hellip;]<\/p>\n","protected":false},"author":1,"featured_media":0,"parent":0,"menu_order":0,"comment_status":"closed","ping_status":"closed","template":"template-builder.php","meta":{"_acf_changed":false,"inline_featured_image":false,"footnotes":""},"class_list":["post-1500","page","type-page","status-publish","hentry"],"acf":[],"yoast_head":"<!-- This site is optimized with the Yoast SEO plugin v27.3 - https:\/\/yoast.com\/product\/yoast-seo-wordpress\/ -->\n<title>Goldzino Casino App | T\u00e9l\u00e9charger pour iOS et Android<\/title>\n<meta name=\"description\" content=\"Emportez le casino avec vous ! T\u00e9l\u00e9chargez l&#039;application Gold Zino Casino sur votre appareil Android ou iOS pour acc\u00e9der instantan\u00e9ment et facilement \u00e0 tous vos jeux pr\u00e9f\u00e9r\u00e9s, o\u00f9 que vous soyez.\" \/>\n<meta name=\"robots\" content=\"index, follow, max-snippet:-1, max-image-preview:large, max-video-preview:-1\" \/>\n<link rel=\"canonical\" href=\"https:\/\/goldzino.org\/fr\/app\/\" \/>\n<meta property=\"og:locale\" content=\"fr_FR\" \/>\n<meta property=\"og:type\" content=\"article\" \/>\n<meta property=\"og:title\" content=\"Goldzino Casino App | T\u00e9l\u00e9charger pour iOS et Android\" \/>\n<meta property=\"og:description\" content=\"Emportez le casino avec vous ! T\u00e9l\u00e9chargez l&#039;application Gold Zino Casino sur votre appareil Android ou iOS pour acc\u00e9der instantan\u00e9ment et facilement \u00e0 tous vos jeux pr\u00e9f\u00e9r\u00e9s, o\u00f9 que vous soyez.\" \/>\n<meta property=\"og:url\" content=\"https:\/\/goldzino.org\/fr\/app\/\" \/>\n<meta property=\"og:site_name\" content=\"goldzino\" \/>\n<meta property=\"article:modified_time\" content=\"2025-12-25T20:55:10+00:00\" \/>\n<meta name=\"twitter:card\" content=\"summary_large_image\" \/>\n<meta name=\"twitter:label1\" content=\"Dur\u00e9e de lecture estim\u00e9e\" \/>\n\t<meta name=\"twitter:data1\" content=\"3 minutes\" \/>\n<script type=\"application\/ld+json\" class=\"yoast-schema-graph\">{\"@context\":\"https:\\\/\\\/schema.org\",\"@graph\":[{\"@type\":\"WebPage\",\"@id\":\"https:\\\/\\\/goldzino.org\\\/fr\\\/app\\\/\",\"url\":\"https:\\\/\\\/goldzino.org\\\/fr\\\/app\\\/\",\"name\":\"Goldzino Casino App | T\u00e9l\u00e9charger pour iOS et Android\",\"isPartOf\":{\"@id\":\"https:\\\/\\\/goldzino.org\\\/fr\\\/#website\"},\"datePublished\":\"2025-10-23T06:01:26+00:00\",\"dateModified\":\"2025-12-25T20:55:10+00:00\",\"description\":\"Emportez le casino avec vous ! T\u00e9l\u00e9chargez l'application Gold Zino Casino sur votre appareil Android ou iOS pour acc\u00e9der instantan\u00e9ment et facilement \u00e0 tous vos jeux pr\u00e9f\u00e9r\u00e9s, o\u00f9 que vous soyez.\",\"breadcrumb\":{\"@id\":\"https:\\\/\\\/goldzino.org\\\/fr\\\/app\\\/#breadcrumb\"},\"inLanguage\":\"fr-FR\",\"potentialAction\":[{\"@type\":\"ReadAction\",\"target\":[\"https:\\\/\\\/goldzino.org\\\/fr\\\/app\\\/\"]}]},{\"@type\":\"BreadcrumbList\",\"@id\":\"https:\\\/\\\/goldzino.org\\\/fr\\\/app\\\/#breadcrumb\",\"itemListElement\":[{\"@type\":\"ListItem\",\"position\":1,\"name\":\"GoldZino\",\"item\":\"https:\\\/\\\/goldzino.org\\\/fr\\\/\"},{\"@type\":\"ListItem\",\"position\":2,\"name\":\"App\"}]},{\"@type\":\"WebSite\",\"@id\":\"https:\\\/\\\/goldzino.org\\\/fr\\\/#website\",\"url\":\"https:\\\/\\\/goldzino.org\\\/fr\\\/\",\"name\":\"GoldZino\",\"description\":\"\",\"publisher\":{\"@id\":\"https:\\\/\\\/goldzino.org\\\/fr\\\/#organization\"},\"potentialAction\":[{\"@type\":\"SearchAction\",\"target\":{\"@type\":\"EntryPoint\",\"urlTemplate\":\"https:\\\/\\\/goldzino.org\\\/fr\\\/?s={search_term_string}\"},\"query-input\":{\"@type\":\"PropertyValueSpecification\",\"valueRequired\":true,\"valueName\":\"search_term_string\"}}],\"inLanguage\":\"fr-FR\"},{\"@type\":\"Organization\",\"@id\":\"https:\\\/\\\/goldzino.org\\\/fr\\\/#organization\",\"name\":\"GoldZino\",\"url\":\"https:\\\/\\\/goldzino.org\\\/fr\\\/\",\"logo\":{\"@type\":\"ImageObject\",\"inLanguage\":\"fr-FR\",\"@id\":\"https:\\\/\\\/goldzino.org\\\/fr\\\/#\\\/schema\\\/logo\\\/image\\\/\",\"url\":\"https:\\\/\\\/goldzino.org\\\/wp-content\\\/uploads\\\/2025\\\/08\\\/80u1FaquEZeR6OUTeJCc.png\",\"contentUrl\":\"https:\\\/\\\/goldzino.org\\\/wp-content\\\/uploads\\\/2025\\\/08\\\/80u1FaquEZeR6OUTeJCc.png\",\"width\":209,\"height\":46,\"caption\":\"GoldZino\"},\"image\":{\"@id\":\"https:\\\/\\\/goldzino.org\\\/fr\\\/#\\\/schema\\\/logo\\\/image\\\/\"}}]}<\/script>\n<!-- \/ Yoast SEO plugin. -->","yoast_head_json":{"title":"Goldzino Casino App | T\u00e9l\u00e9charger pour iOS et Android","description":"Emportez le casino avec vous ! T\u00e9l\u00e9chargez l'application Gold Zino Casino sur votre appareil Android ou iOS pour acc\u00e9der instantan\u00e9ment et facilement \u00e0 tous vos jeux pr\u00e9f\u00e9r\u00e9s, o\u00f9 que vous soyez.","robots":{"index":"index","follow":"follow","max-snippet":"max-snippet:-1","max-image-preview":"max-image-preview:large","max-video-preview":"max-video-preview:-1"},"canonical":"https:\/\/goldzino.org\/fr\/app\/","og_locale":"fr_FR","og_type":"article","og_title":"Goldzino Casino App | T\u00e9l\u00e9charger pour iOS et Android","og_description":"Emportez le casino avec vous ! T\u00e9l\u00e9chargez l'application Gold Zino Casino sur votre appareil Android ou iOS pour acc\u00e9der instantan\u00e9ment et facilement \u00e0 tous vos jeux pr\u00e9f\u00e9r\u00e9s, o\u00f9 que vous soyez.","og_url":"https:\/\/goldzino.org\/fr\/app\/","og_site_name":"goldzino","article_modified_time":"2025-12-25T20:55:10+00:00","twitter_card":"summary_large_image","twitter_misc":{"Dur\u00e9e de lecture estim\u00e9e":"3 minutes"},"schema":{"@context":"https:\/\/schema.org","@graph":[{"@type":"WebPage","@id":"https:\/\/goldzino.org\/fr\/app\/","url":"https:\/\/goldzino.org\/fr\/app\/","name":"Goldzino Casino App | T\u00e9l\u00e9charger pour iOS et Android","isPartOf":{"@id":"https:\/\/goldzino.org\/fr\/#website"},"datePublished":"2025-10-23T06:01:26+00:00","dateModified":"2025-12-25T20:55:10+00:00","description":"Emportez le casino avec vous ! T\u00e9l\u00e9chargez l'application Gold Zino Casino sur votre appareil Android ou iOS pour acc\u00e9der instantan\u00e9ment et facilement \u00e0 tous vos jeux pr\u00e9f\u00e9r\u00e9s, o\u00f9 que vous soyez.","breadcrumb":{"@id":"https:\/\/goldzino.org\/fr\/app\/#breadcrumb"},"inLanguage":"fr-FR","potentialAction":[{"@type":"ReadAction","target":["https:\/\/goldzino.org\/fr\/app\/"]}]},{"@type":"BreadcrumbList","@id":"https:\/\/goldzino.org\/fr\/app\/#breadcrumb","itemListElement":[{"@type":"ListItem","position":1,"name":"GoldZino","item":"https:\/\/goldzino.org\/fr\/"},{"@type":"ListItem","position":2,"name":"App"}]},{"@type":"WebSite","@id":"https:\/\/goldzino.org\/fr\/#website","url":"https:\/\/goldzino.org\/fr\/","name":"GoldZino","description":"","publisher":{"@id":"https:\/\/goldzino.org\/fr\/#organization"},"potentialAction":[{"@type":"SearchAction","target":{"@type":"EntryPoint","urlTemplate":"https:\/\/goldzino.org\/fr\/?s={search_term_string}"},"query-input":{"@type":"PropertyValueSpecification","valueRequired":true,"valueName":"search_term_string"}}],"inLanguage":"fr-FR"},{"@type":"Organization","@id":"https:\/\/goldzino.org\/fr\/#organization","name":"GoldZino","url":"https:\/\/goldzino.org\/fr\/","logo":{"@type":"ImageObject","inLanguage":"fr-FR","@id":"https:\/\/goldzino.org\/fr\/#\/schema\/logo\/image\/","url":"https:\/\/goldzino.org\/wp-content\/uploads\/2025\/08\/80u1FaquEZeR6OUTeJCc.png","contentUrl":"https:\/\/goldzino.org\/wp-content\/uploads\/2025\/08\/80u1FaquEZeR6OUTeJCc.png","width":209,"height":46,"caption":"GoldZino"},"image":{"@id":"https:\/\/goldzino.org\/fr\/#\/schema\/logo\/image\/"}}]}},"_links":{"self":[{"href":"https:\/\/goldzino.org\/fr\/wp-json\/wp\/v2\/pages\/1500","targetHints":{"allow":["GET"]}}],"collection":[{"href":"https:\/\/goldzino.org\/fr\/wp-json\/wp\/v2\/pages"}],"about":[{"href":"https:\/\/goldzino.org\/fr\/wp-json\/wp\/v2\/types\/page"}],"author":[{"embeddable":true,"href":"https:\/\/goldzino.org\/fr\/wp-json\/wp\/v2\/users\/1"}],"replies":[{"embeddable":true,"href":"https:\/\/goldzino.org\/fr\/wp-json\/wp\/v2\/comments?post=1500"}],"version-history":[{"count":4,"href":"https:\/\/goldzino.org\/fr\/wp-json\/wp\/v2\/pages\/1500\/revisions"}],"predecessor-version":[{"id":2377,"href":"https:\/\/goldzino.org\/fr\/wp-json\/wp\/v2\/pages\/1500\/revisions\/2377"}],"wp:attachment":[{"href":"https:\/\/goldzino.org\/fr\/wp-json\/wp\/v2\/media?parent=1500"}],"curies":[{"name":"wp","href":"https:\/\/api.w.org\/{rel}","templated":true}]}}