{"id":1571,"date":"2025-10-23T07:08:55","date_gmt":"2025-10-23T06:08:55","guid":{"rendered":"https:\/\/goldzino.org\/registo-e-login\/"},"modified":"2025-11-27T13:39:05","modified_gmt":"2025-11-27T13:39:05","slug":"inicio-de-sesion-y-registro","status":"publish","type":"page","link":"https:\/\/goldzino.org\/es\/inicio-de-sesion-y-registro\/","title":{"rendered":"Inicio de sesi\u00f3n y registro"},"content":{"rendered":"<h1>Inicio de sesi\u00f3n en Goldzino y registro<\/h1>\n<p>El registro en nuestra plataforma suele comenzar con un r\u00e1pido proceso de Goldzino login, sin pasos complicados, igual que en cualquier otro sitio en el que te registras. Goldzino Casino tiene acceso seguro a una amplia gama de t\u00edtulos, pero el bono solo se puede activar despu\u00e9s del registro. Nuestros usuarios pueden disfrutar de sus juegos favoritos sin demora. Cualquier jugador de Espa\u00f1a puede completar los procedimientos de registro e inicio de sesi\u00f3n y gestionar su cuenta de forma independiente.<\/p>\n<p><div class=\"banner-wrap\" aria-label=\"Banner\"><img src=\"https:\/\/goldzino.org\/wp-content\/uploads\/2025\/10\/Goldzino-Banner-Desktop.webp\" class=\"w-100 d-none d-lg-block img-pc main-banner-img\" alt=\"Goldzino Bonus\" fetchpriority=\"high\" decoding=\"async\"><img src=\"https:\/\/goldzino.org\/wp-content\/uploads\/2025\/10\/Gold-zino-Mobile-Banner.webp\" class=\"w-100 d-none d-md-block d-lg-none main-banner-img\" alt=\"Goldzino Bonus\" fetchpriority=\"high\" decoding=\"async\"><img src=\"https:\/\/goldzino.org\/wp-content\/uploads\/2025\/10\/Gold-zino-Mobile-Banner.webp\" class=\"w-100 d-md-none\" alt=\"Goldzino Bonus\" fetchpriority=\"high\" decoding=\"async\"><div class=\"banner-description\">\n<div class=\"banner-title\">Bonos de Bienvenida<\/div>\n<p class=\"banner-header-title\">1500\u20ac<\/p>\n<div class=\"banner-header-AdditionalText\">+ 250 Giros Gratis<\/div>\n<button data-item=\"homepage_banner_link\" class=\"goto m-button m-gradient-border m-button--primary m-button--large banner-button btn-orange\">\n            <div class=\"m-button-content\">\n                <span>Reg\u00edstrate Ahora<\/span>\n                <span><\/span>\n            <\/div>\n        <\/button>\n<\/div>\n<div class=\"WelcomePack\">\n<p><img decoding=\"async\" src=\"https:\/\/goldzino.org\/wp-content\/uploads\/2025\/10\/welcome-crown.svg\" alt=\"crown\" \/><\/p>\n<div class=\"WelcomePack-Info\">Cashback Semanal hasta 25%<\/div>\n<p><img decoding=\"async\" src=\"https:\/\/goldzino.org\/wp-content\/uploads\/2025\/10\/welcome-crown.svg\" alt=\"crown\" \/><\/p>\n<\/div>\n<\/div><div class=\"scrollable-content-wrap my-5\"><div class=\"scrollable-content-inner\"><h2>Goldzino inicio de sesi\u00f3n proceso<\/h2>\n<p>Al crear una cuenta en Goldzino, nuestros apreciados usuarios obtienen acceso a un centro acogedor para personas que piensan igual y juegan igual. Tambi\u00e9n podr\u00e1s disfrutar de nuestra gesti\u00f3n de cuentas personalizada, desbloquear nuestros <a href=\"https:\/\/goldzino.org\/es\/bonus\/\">bonos exclusivos<\/a> y subir de nivel con la posibilidad de unirte al club VIP. Una cuenta activa en Goldzino Casino ayuda a los jugadores a depositar fondos, participar en promociones, realizar un seguimiento de su historial de juego y bonos, y tambi\u00e9n verificar sus documentos de seguridad KYC. El registro se realiza de esta manera para que sea r\u00e1pido y sencillo, proporcionando a todos nuestros usuarios acceso a las funciones de nuestra plataforma.<\/p>\n<h3>Crea tu cuenta en Goldzino Casino<\/h3>\n<p>Crear una cuenta siempre es f\u00e1cil en Goldzino Casino. Los pasos para iniciar sesi\u00f3n en Goldzino son l\u00f3gicos. Puedes comprobarlo t\u00fa mismo a continuaci\u00f3n:<\/p>\n<ol>\n<li>En nuestra p\u00e1gina principal de Goldzino, localiza los botones brillantes en la esquina superior derecha: iniciar sesi\u00f3n y registrarse.<\/li>\n<li>Rellene el breve formulario de registro. Solo le pedimos su direcci\u00f3n de correo electr\u00f3nico y una contrase\u00f1a segura y bien pensada.<\/li>\n<li>Lea detenidamente nuestros T\u00e9rminos y condiciones de Gold Zino y marque la casilla.<\/li>\n<li>Si desea recibir nuestro bolet\u00edn promocional, marque tambi\u00e9n la casilla.<\/li>\n<li>Completa el proceso de registro accediendo a tu bandeja de entrada.<\/li>\n<li>Ve a tu bandeja de entrada y busca el correo electr\u00f3nico que te hemos enviado. Si no lo encuentras en tu bandeja de entrada, comprueba la carpeta de correo no deseado.<\/li>\n<li>Activa tu cuenta Gold Zino.<\/li>\n<\/ol>\n<h2>Goldzino acceso y gesti\u00f3n de la cuenta<\/h2>\n<p>Es f\u00e1cil iniciar sesi\u00f3n en tu cuenta del <a href=\"https:\/\/goldzino.org\/es\/\">casino Goldzino<\/a>, y tienes control total sobre tu juego a trav\u00e9s de tu cuenta.<\/p>\n<table>\n<tbody>\n<tr>\n<td>Pasos<\/td>\n<td>Detalles<\/td>\n<\/tr>\n<tr>\n<td>Busca el bot\u00f3n \u00abIniciar sesi\u00f3n\u00bb.<\/td>\n<td>El mismo bot\u00f3n cerca de la pesta\u00f1a de registro.<\/td>\n<\/tr>\n<tr>\n<td>Introduzca su correo electr\u00f3nico<\/td>\n<td>Utiliza el correo electr\u00f3nico que creaste al registrarte.<\/td>\n<\/tr>\n<tr>\n<td>Introduzca la contrase\u00f1a<\/td>\n<td>Utilice la contrase\u00f1a creada durante el registro.<\/td>\n<\/tr>\n<tr>\n<td>Vuelve a hacer clic en \u00abIniciar sesi\u00f3n\u00bb.<\/td>\n<td>Para acceder a tu cuenta<\/td>\n<\/tr>\n<\/tbody>\n<\/table>\n<p>Cuando vea el panel de control de su cuenta, podr\u00e1 depositar y retirar dinero, consultar el historial de la cuenta, cambiar la configuraci\u00f3n de la cuenta y gestionar su informaci\u00f3n personal si es necesario. Adem\u00e1s, nuestra plataforma es multiling\u00fce, lo que significa que nuestros usuarios de diferentes partes del mundo pueden navegar f\u00e1cilmente por el sitio. Solo tiene que cambiar el idioma del sitio web y se traducir\u00e1 autom\u00e1ticamente a uno de sus idiomas preferidos.<\/p>\n<p>La gesti\u00f3n de una cuenta implica a\u00f1adir elementos de seguridad, como la autenticaci\u00f3n de dos factores y funciones de gesti\u00f3n de sesiones, para garantizar un juego responsable y el control del tiempo que pasas en nuestra plataforma. Adem\u00e1s, nuestros usuarios pueden modificar sus datos personales, establecer l\u00edmites de dep\u00f3sito y participar en ofertas promocionales directamente desde su cuenta.<\/p>\n<h3>\u00bfHa olvidado Goldzino los datos de acceso ?<\/h3>\n<p>Se recomienda guardar los datos de inicio de sesi\u00f3n con el guardador de contrase\u00f1as de tu navegador o una aplicaci\u00f3n de terceros de confianza. Si eres tradicional, simplemente anota las credenciales para insertarlas nuevamente cuando inicies sesi\u00f3n en PC o <a href=\"https:\/\/goldzino.org\/es\/aplicacion\/\">app<\/a>.<\/p>\n<p>Pero estas cosas pasan. Si pierdes u olvidas tus datos de acceso a Goldzino, nuestra p\u00e1gina web te ayudar\u00e1 a recuperarlos; te ofrece una soluci\u00f3n:<\/p>\n<ol>\n<li>En caso de p\u00e9rdida de la contrase\u00f1a, puede hacer clic en el enlace \u00ab\u00bfHa olvidado su contrase\u00f1a?\u00bb, que encontrar\u00e1 en la p\u00e1gina de inicio de sesi\u00f3n, un poco m\u00e1s abajo, como un banner.<\/li>\n<li>Por favor, introduzca la direcci\u00f3n de correo electr\u00f3nico que registr\u00f3 anteriormente.<\/li>\n<li>En cuanto recibas las instrucciones para restablecer la contrase\u00f1a en tu correo electr\u00f3nico, debes seguirlas para restablecer tu contrase\u00f1a de forma segura.<\/li>\n<li>Si ya no puede acceder a su correo electr\u00f3nico o lo ha perdido, o si tiene problemas para iniciar sesi\u00f3n, como bloqueos o problemas de conexi\u00f3n, puede obtener ayuda de nuestro equipo de asistencia de Goldzino a trav\u00e9s del chat en vivo o por correo electr\u00f3nico.<\/li>\n<\/ol>\n<p>Nuestro amable equipo de asistencia est\u00e1 siempre dispuesto a resolver r\u00e1pidamente tus problemas de inicio de sesi\u00f3n, as\u00ed que no dudes en hacer clic en el peque\u00f1o bot\u00f3n de asistencia de nuestra p\u00e1gina web Gold Zino.<\/p>\n<h2>Verifica tu cuenta Gold Zino<\/h2>\n<p>En algunas ocasiones concretas, necesitaremos que verifiques tu cuenta. El manejo de dinero real (bonificaciones y dep\u00f3sitos) requiere una protecci\u00f3n adicional, y estamos haciendo todo lo posible para garantizar que tu cuenta y tu dinero est\u00e9n protegidos y seguros. Nuestro proceso de verificaci\u00f3n es obligatorio para aquellos que deseen jugar m\u00e1s all\u00e1 del modo demo. En Goldzino cumplimos con la legislaci\u00f3n vigente. Nuestro proceso incluye:<\/p>\n<ul>\n<li>Presentaci\u00f3n de un documento de identificaci\u00f3n. Por ejemplo, su pasaporte o permiso de conducir.<\/li>\n<li>Presentaci\u00f3n de un documento que acredite el domicilio. Puede ser una factura de servicios p\u00fablicos o un extracto bancario.<\/li>\n<\/ul>\n<p>Todos los escaneos reales de tus documentos deben enviarse a trav\u00e9s de la secci\u00f3n de verificaci\u00f3n de cuenta de tu perfil.<\/p>\n<p>Despu\u00e9s de eso, nuestro equipo de Goldzino Casino soporte multiling\u00fce se encargar\u00e1 r\u00e1pidamente de tus documentos; no tendr\u00e1s que esperar mucho tiempo, ya que la mayor\u00eda de los procesos est\u00e1n modernizados y son compatibles con la alta tecnolog\u00eda. Adem\u00e1s, la verificaci\u00f3n aumenta los l\u00edmites de dep\u00f3sito y te abre m\u00e1s puertas para jugar.<\/p>\n<h2>Preguntas frecuentes<\/h2>\n<h3>\u00bfC\u00f3mo verifico mi cuenta?<\/h3>\n<p>La confirmaci\u00f3n implica presentar documentos de identidad v\u00e1lidos a trav\u00e9s de su cuenta personal en nuestra plataforma Gold Zino. Nuestro Goldzino Casino equipo de asistencia revisa todos los documentos que usted env\u00eda para garantizar que la identidad verificada se ajusta a las normas legales y a la seguridad de todas las cuentas y de nosotros como casino.<\/p>\n<h3>\u00bfPuedo actualizar mi contrase\u00f1a o direcci\u00f3n de correo electr\u00f3nico?<\/h3>\n<p>Si alguna vez olvidas tu contrase\u00f1a, haz clic en la opci\u00f3n \u00ab\u00bfHas olvidado tu contrase\u00f1a?\u00bb en la secci\u00f3n Inicio de sesi\u00f3n en Goldzino. Si tienes problemas con el correo electr\u00f3nico, puedes ponerte en contacto con nuestro equipo de asistencia a trav\u00e9s del chat en vivo o enviarles un correo electr\u00f3nico; siempre estamos conectados. Es posible que tambi\u00e9n te pidamos que nos facilites tu identidad para facilitar la recuperaci\u00f3n de tu cuenta.<\/p>\n<h3>\u00bfQu\u00e9 hago si mi cuenta est\u00e1 bloqueada?<\/h3>\n<p>Cuando intentes completar tu inicio de sesi\u00f3n en Goldzino, puede haber casos en los que tu cuenta sea bloqueada o suspendida por motivos de seguridad o por actividades inusuales en la cuenta. Somos muy cuidadosos con cualquier caso de fraude, fortificaci\u00f3n de bonificaciones y esquemas ilegales. Por lo tanto, debe ponerse en contacto con nuestro personal de asistencia mediante el chat en vivo o el correo electr\u00f3nico. Ellos le ayudar\u00e1n a desbloquear su cuenta verificando su identidad o mediante otros pasos necesarios. No hay por qu\u00e9 preocuparse.<\/p>\n<h3>\u00bfC\u00f3mo puedo desactivar mi cuenta?<\/h3>\n<p>Cualquiera de nuestros jugadores puede cerrar su cuenta Gold Zino simplemente envi\u00e1ndonos un mensaje a trav\u00e9s de la configuraci\u00f3n de su cuenta o poni\u00e9ndose en contacto con nuestro departamento de asistencia. Tomaremos las medidas necesarias seg\u00fan los t\u00e9rminos y condiciones de la plataforma para garantizar la seguridad de su cuenta Goldzino casino.<\/p>\n<\/div><\/div><\/p>\n","protected":false},"excerpt":{"rendered":"<p>Inicio de sesi\u00f3n en Goldzino y registro El registro en nuestra plataforma suele comenzar con un r\u00e1pido proceso de Goldzino login, sin pasos complicados, igual que en cualquier otro sitio en el que te registras. Goldzino Casino tiene acceso seguro a una amplia gama de t\u00edtulos, pero el bono solo se puede activar despu\u00e9s del [&hellip;]<\/p>\n","protected":false},"author":1,"featured_media":0,"parent":0,"menu_order":0,"comment_status":"closed","ping_status":"closed","template":"template-builder.php","meta":{"_acf_changed":false,"inline_featured_image":false,"footnotes":""},"class_list":["post-1571","page","type-page","status-publish","hentry"],"acf":[],"yoast_head":"<!-- This site is optimized with the Yoast SEO plugin v27.3 - https:\/\/yoast.com\/product\/yoast-seo-wordpress\/ -->\n<title>Goldzino login y registro de cuenta<\/title>\n<meta name=\"description\" content=\"Empieza en segundos. Crea tu login de Gold Zino para acceder al instante o inicia sesi\u00f3n para administrar tu perfil, completar la verificaci\u00f3n y jugar de forma segura.\" \/>\n<meta name=\"robots\" content=\"index, follow, max-snippet:-1, max-image-preview:large, max-video-preview:-1\" \/>\n<link rel=\"canonical\" href=\"https:\/\/goldzino.org\/es\/inicio-de-sesion-y-registro\/\" \/>\n<meta property=\"og:locale\" content=\"es_ES\" \/>\n<meta property=\"og:type\" content=\"article\" \/>\n<meta property=\"og:title\" content=\"Goldzino login y registro de cuenta\" \/>\n<meta property=\"og:description\" content=\"Empieza en segundos. Crea tu login de Gold Zino para acceder al instante o inicia sesi\u00f3n para administrar tu perfil, completar la verificaci\u00f3n y jugar de forma segura.\" \/>\n<meta property=\"og:url\" content=\"https:\/\/goldzino.org\/es\/inicio-de-sesion-y-registro\/\" \/>\n<meta property=\"og:site_name\" content=\"goldzino\" \/>\n<meta property=\"article:modified_time\" content=\"2025-11-27T13:39:05+00:00\" \/>\n<meta name=\"twitter:card\" content=\"summary_large_image\" \/>\n<meta name=\"twitter:label1\" content=\"Est. reading time\" \/>\n\t<meta name=\"twitter:data1\" content=\"1 minuto\" \/>\n<script type=\"application\/ld+json\" class=\"yoast-schema-graph\">{\"@context\":\"https:\\\/\\\/schema.org\",\"@graph\":[{\"@type\":\"WebPage\",\"@id\":\"https:\\\/\\\/goldzino.org\\\/es\\\/inicio-de-sesion-y-registro\\\/\",\"url\":\"https:\\\/\\\/goldzino.org\\\/es\\\/inicio-de-sesion-y-registro\\\/\",\"name\":\"Goldzino login y registro de cuenta\",\"isPartOf\":{\"@id\":\"https:\\\/\\\/goldzino.org\\\/es\\\/#website\"},\"datePublished\":\"2025-10-23T06:08:55+00:00\",\"dateModified\":\"2025-11-27T13:39:05+00:00\",\"description\":\"Empieza en segundos. Crea tu login de Gold Zino para acceder al instante o inicia sesi\u00f3n para administrar tu perfil, completar la verificaci\u00f3n y jugar de forma segura.\",\"breadcrumb\":{\"@id\":\"https:\\\/\\\/goldzino.org\\\/es\\\/inicio-de-sesion-y-registro\\\/#breadcrumb\"},\"inLanguage\":\"es\",\"potentialAction\":[{\"@type\":\"ReadAction\",\"target\":[\"https:\\\/\\\/goldzino.org\\\/es\\\/inicio-de-sesion-y-registro\\\/\"]}]},{\"@type\":\"BreadcrumbList\",\"@id\":\"https:\\\/\\\/goldzino.org\\\/es\\\/inicio-de-sesion-y-registro\\\/#breadcrumb\",\"itemListElement\":[{\"@type\":\"ListItem\",\"position\":1,\"name\":\"GoldZino\",\"item\":\"https:\\\/\\\/goldzino.org\\\/es\\\/\"},{\"@type\":\"ListItem\",\"position\":2,\"name\":\"Inicio de sesi\u00f3n y registro\"}]},{\"@type\":\"WebSite\",\"@id\":\"https:\\\/\\\/goldzino.org\\\/es\\\/#website\",\"url\":\"https:\\\/\\\/goldzino.org\\\/es\\\/\",\"name\":\"GoldZino\",\"description\":\"\",\"publisher\":{\"@id\":\"https:\\\/\\\/goldzino.org\\\/es\\\/#organization\"},\"potentialAction\":[{\"@type\":\"SearchAction\",\"target\":{\"@type\":\"EntryPoint\",\"urlTemplate\":\"https:\\\/\\\/goldzino.org\\\/es\\\/?s={search_term_string}\"},\"query-input\":{\"@type\":\"PropertyValueSpecification\",\"valueRequired\":true,\"valueName\":\"search_term_string\"}}],\"inLanguage\":\"es\"},{\"@type\":\"Organization\",\"@id\":\"https:\\\/\\\/goldzino.org\\\/es\\\/#organization\",\"name\":\"GoldZino\",\"url\":\"https:\\\/\\\/goldzino.org\\\/es\\\/\",\"logo\":{\"@type\":\"ImageObject\",\"inLanguage\":\"es\",\"@id\":\"https:\\\/\\\/goldzino.org\\\/es\\\/#\\\/schema\\\/logo\\\/image\\\/\",\"url\":\"https:\\\/\\\/goldzino.org\\\/wp-content\\\/uploads\\\/2025\\\/08\\\/80u1FaquEZeR6OUTeJCc.png\",\"contentUrl\":\"https:\\\/\\\/goldzino.org\\\/wp-content\\\/uploads\\\/2025\\\/08\\\/80u1FaquEZeR6OUTeJCc.png\",\"width\":209,\"height\":46,\"caption\":\"GoldZino\"},\"image\":{\"@id\":\"https:\\\/\\\/goldzino.org\\\/es\\\/#\\\/schema\\\/logo\\\/image\\\/\"}}]}<\/script>\n<!-- \/ Yoast SEO plugin. -->","yoast_head_json":{"title":"Goldzino login y registro de cuenta","description":"Empieza en segundos. Crea tu login de Gold Zino para acceder al instante o inicia sesi\u00f3n para administrar tu perfil, completar la verificaci\u00f3n y jugar de forma segura.","robots":{"index":"index","follow":"follow","max-snippet":"max-snippet:-1","max-image-preview":"max-image-preview:large","max-video-preview":"max-video-preview:-1"},"canonical":"https:\/\/goldzino.org\/es\/inicio-de-sesion-y-registro\/","og_locale":"es_ES","og_type":"article","og_title":"Goldzino login y registro de cuenta","og_description":"Empieza en segundos. Crea tu login de Gold Zino para acceder al instante o inicia sesi\u00f3n para administrar tu perfil, completar la verificaci\u00f3n y jugar de forma segura.","og_url":"https:\/\/goldzino.org\/es\/inicio-de-sesion-y-registro\/","og_site_name":"goldzino","article_modified_time":"2025-11-27T13:39:05+00:00","twitter_card":"summary_large_image","twitter_misc":{"Est. reading time":"1 minuto"},"schema":{"@context":"https:\/\/schema.org","@graph":[{"@type":"WebPage","@id":"https:\/\/goldzino.org\/es\/inicio-de-sesion-y-registro\/","url":"https:\/\/goldzino.org\/es\/inicio-de-sesion-y-registro\/","name":"Goldzino login y registro de cuenta","isPartOf":{"@id":"https:\/\/goldzino.org\/es\/#website"},"datePublished":"2025-10-23T06:08:55+00:00","dateModified":"2025-11-27T13:39:05+00:00","description":"Empieza en segundos. Crea tu login de Gold Zino para acceder al instante o inicia sesi\u00f3n para administrar tu perfil, completar la verificaci\u00f3n y jugar de forma segura.","breadcrumb":{"@id":"https:\/\/goldzino.org\/es\/inicio-de-sesion-y-registro\/#breadcrumb"},"inLanguage":"es","potentialAction":[{"@type":"ReadAction","target":["https:\/\/goldzino.org\/es\/inicio-de-sesion-y-registro\/"]}]},{"@type":"BreadcrumbList","@id":"https:\/\/goldzino.org\/es\/inicio-de-sesion-y-registro\/#breadcrumb","itemListElement":[{"@type":"ListItem","position":1,"name":"GoldZino","item":"https:\/\/goldzino.org\/es\/"},{"@type":"ListItem","position":2,"name":"Inicio de sesi\u00f3n y registro"}]},{"@type":"WebSite","@id":"https:\/\/goldzino.org\/es\/#website","url":"https:\/\/goldzino.org\/es\/","name":"GoldZino","description":"","publisher":{"@id":"https:\/\/goldzino.org\/es\/#organization"},"potentialAction":[{"@type":"SearchAction","target":{"@type":"EntryPoint","urlTemplate":"https:\/\/goldzino.org\/es\/?s={search_term_string}"},"query-input":{"@type":"PropertyValueSpecification","valueRequired":true,"valueName":"search_term_string"}}],"inLanguage":"es"},{"@type":"Organization","@id":"https:\/\/goldzino.org\/es\/#organization","name":"GoldZino","url":"https:\/\/goldzino.org\/es\/","logo":{"@type":"ImageObject","inLanguage":"es","@id":"https:\/\/goldzino.org\/es\/#\/schema\/logo\/image\/","url":"https:\/\/goldzino.org\/wp-content\/uploads\/2025\/08\/80u1FaquEZeR6OUTeJCc.png","contentUrl":"https:\/\/goldzino.org\/wp-content\/uploads\/2025\/08\/80u1FaquEZeR6OUTeJCc.png","width":209,"height":46,"caption":"GoldZino"},"image":{"@id":"https:\/\/goldzino.org\/es\/#\/schema\/logo\/image\/"}}]}},"_links":{"self":[{"href":"https:\/\/goldzino.org\/es\/wp-json\/wp\/v2\/pages\/1571","targetHints":{"allow":["GET"]}}],"collection":[{"href":"https:\/\/goldzino.org\/es\/wp-json\/wp\/v2\/pages"}],"about":[{"href":"https:\/\/goldzino.org\/es\/wp-json\/wp\/v2\/types\/page"}],"author":[{"embeddable":true,"href":"https:\/\/goldzino.org\/es\/wp-json\/wp\/v2\/users\/1"}],"replies":[{"embeddable":true,"href":"https:\/\/goldzino.org\/es\/wp-json\/wp\/v2\/comments?post=1571"}],"version-history":[{"count":3,"href":"https:\/\/goldzino.org\/es\/wp-json\/wp\/v2\/pages\/1571\/revisions"}],"predecessor-version":[{"id":2183,"href":"https:\/\/goldzino.org\/es\/wp-json\/wp\/v2\/pages\/1571\/revisions\/2183"}],"wp:attachment":[{"href":"https:\/\/goldzino.org\/es\/wp-json\/wp\/v2\/media?parent=1571"}],"curies":[{"name":"wp","href":"https:\/\/api.w.org\/{rel}","templated":true}]}}