{"id":1510,"date":"2025-10-23T07:01:26","date_gmt":"2025-10-23T06:01:26","guid":{"rendered":"https:\/\/goldzino.org\/aplicacao\/"},"modified":"2025-11-27T13:15:31","modified_gmt":"2025-11-27T13:15:31","slug":"aplicacion","status":"publish","type":"page","link":"https:\/\/goldzino.org\/es\/aplicacion\/","title":{"rendered":"Aplicaci\u00f3n"},"content":{"rendered":"<h1>Aplicaci\u00f3n Goldzino Casino<\/h1>\n<p>La Goldzino app en Espa\u00f1a ofrece una plataforma de juegos m\u00f3viles de alta gama, donde los jugadores pueden disfrutar de sus juegos de casino favoritos en cualquier lugar y en cualquier momento. La aplicaci\u00f3n Goldzino est\u00e1 dise\u00f1ada para ser compatible con todos los dispositivos, de modo que el usuario pueda disfrutar de una experiencia de navegaci\u00f3n c\u00f3moda, una carga r\u00e1pida y transacciones seguras. La aplicaci\u00f3n ofrece un mayor nivel de comodidad en un casino m\u00f3vil gracias a su interfaz intuitiva y a la amplia variedad de juegos disponibles.<\/p>\n<div class=\"banner-wrap\" aria-label=\"Banner\"><img src=\"https:\/\/goldzino.org\/wp-content\/uploads\/2025\/10\/Goldzino-Banner-Desktop.webp\" class=\"w-100 d-none d-lg-block img-pc main-banner-img\" alt=\"Goldzino Bonus\" fetchpriority=\"high\" decoding=\"async\"><img src=\"https:\/\/goldzino.org\/wp-content\/uploads\/2025\/10\/Gold-zino-Mobile-Banner.webp\" class=\"w-100 d-none d-md-block d-lg-none main-banner-img\" alt=\"Goldzino Bonus\" fetchpriority=\"high\" decoding=\"async\"><img src=\"https:\/\/goldzino.org\/wp-content\/uploads\/2025\/10\/Gold-zino-Mobile-Banner.webp\" class=\"w-100 d-md-none\" alt=\"Goldzino Bonus\" fetchpriority=\"high\" decoding=\"async\"><div class=\"banner-description\">\n<div class=\"banner-title\">Bonos de Bienvenida<\/div>\n<p class=\"banner-header-title\">1500\u20ac<\/p>\n<div class=\"banner-header-AdditionalText\">+ 250 Giros Gratis<\/div>\n<button data-item=\"homepage_banner_link\" class=\"goto m-button m-gradient-border m-button--primary m-button--large banner-button btn-orange\">\n            <div class=\"m-button-content\">\n                <span>Reg\u00edstrate Ahora<\/span>\n                <span><\/span>\n            <\/div>\n        <\/button>\n<\/div>\n<div class=\"WelcomePack\">\n<p><img decoding=\"async\" src=\"https:\/\/goldzino.org\/wp-content\/uploads\/2025\/10\/welcome-crown.svg\" alt=\"crown\" \/><\/p>\n<div class=\"WelcomePack-Info\">Cashback Semanal hasta 25%<\/div>\n<p><img decoding=\"async\" src=\"https:\/\/goldzino.org\/wp-content\/uploads\/2025\/10\/welcome-crown.svg\" alt=\"crown\" \/><\/p>\n<\/div>\n<\/div>\n<h2>Juega sobre la marcha con Gold Zino<\/h2>\n<p>La aplicaci\u00f3n Goldzino est\u00e1 dise\u00f1ada para satisfacer las necesidades de aquellos jugadores que desean utilizar dispositivos m\u00f3viles para jugar a juegos de casino. Adem\u00e1s, tanto en un smartphone como en una tableta, la aplicaci\u00f3n es r\u00e1pida, segura y f\u00e1cil de usar a la hora de jugar. Combina la funcionalidad completa de un ordenador de sobremesa con la versatilidad de un dispositivo m\u00f3vil, y nunca ha sido tan f\u00e1cil jugar a tragaperras online, juegos de mesa, casino en vivo, etc.<\/p>\n<p>La flexibilidad de la aplicaci\u00f3n hace que todas las funciones, como los dep\u00f3sitos y retiradas, sean compatibles con dispositivos m\u00f3viles. Es ligera y se carga r\u00e1pidamente, lo que implica que los jugadores no tienen que sacrificar calidad por comodidad. El software m\u00f3vil de Gold Zino te permite disfrutar de una experiencia interactiva, ya sea en casa, en el trayecto al trabajo o de vacaciones.<\/p>\n<p>La aplicaci\u00f3n Goldzino est\u00e1 dise\u00f1ada especialmente para que nuestros jugadores fieles y nuevos disfruten de un proceso seguro, flexible y con numerosas funciones en dispositivos m\u00f3viles o de escritorio. Nuestro dise\u00f1o prioriza la facilidad de uso, el acceso r\u00e1pido y una amplia selecci\u00f3n de juegos. Estamos totalmente seguros de ser la opci\u00f3n l\u00edder para los entusiastas de los casinos en l\u00ednea.<\/p>\n<table>\n<tbody>\n<tr>\n<td>Beneficios<\/td>\n<td>Descripci\u00f3n<\/td>\n<\/tr>\n<tr>\n<td>Compatibilidad m\u00f3vil<\/td>\n<td>Permite jugar en tel\u00e9fonos inteligentes y tabletas.<\/td>\n<\/tr>\n<tr>\n<td>R\u00e1pido y seguro<\/td>\n<td>Garantiza un acceso r\u00e1pido.<\/td>\n<\/tr>\n<tr>\n<td>Todas las funciones est\u00e1n aqu\u00ed.<\/td>\n<td>Incluye todas las funciones de escritorio: dep\u00f3sitos, retiros y juegos.<\/td>\n<\/tr>\n<tr>\n<td>Ligero y r\u00e1pido<\/td>\n<td>Cargas sin perjudicar la calidad<\/td>\n<\/tr>\n<tr>\n<td>Interactivo<\/td>\n<td>Proporciona comodidad y confort.<\/td>\n<\/tr>\n<tr>\n<td>Seguro<\/td>\n<td>Dise\u00f1ado espec\u00edficamente para jugar de forma segura.<\/td>\n<\/tr>\n<tr>\n<td>Montones de juegos<\/td>\n<td>Tragamonedas en l\u00ednea, juegos de mesa, casino en vivo y m\u00e1s.<\/td>\n<\/tr>\n<tr>\n<td>Interfaz y dise\u00f1o intuitivos, colores<\/td>\n<td>Da prioridad a la facilidad de uso y al acceso r\u00e1pido.<\/td>\n<\/tr>\n<tr>\n<td>Vers\u00e1til<\/td>\n<td>Juega en dispositivos m\u00f3viles y ordenadores de sobremesa.<\/td>\n<\/tr>\n<\/tbody>\n<\/table>\n<p><div style=\"clear: both\"><\/div><div class=\"d-flex justify-content-center\"><button data-item=\"decouvrez_link\" data-group=\"website_links\" class=\"goto fw-bold rounded-pill btn btn-orange\" aria-label=\"Descargar la aplicaci\u00f3n Goldzino\" >Descargar la aplicaci\u00f3n Goldzino<\/button><\/div><div class=\"scrollable-content-wrap my-5\"><div class=\"scrollable-content-inner\"><h2>Descarga la aplicaci\u00f3n en Android<\/h2>\n<p>Goldzino ofrece una alternativa sencilla para acceder a nuestro casino m\u00f3vil en dispositivos Android sin necesidad de descargar archivos APK. En su lugar, los jugadores pueden utilizar una aplicaci\u00f3n web progresiva (PWA), que no ocupa espacio de almacenamiento pero ofrece todas las funciones. Se trata de un m\u00e9todo seguro y eficaz que cuenta con actualizaciones autom\u00e1ticas y un rendimiento m\u00e1ximo.<\/p>\n<h3>Aplicaci\u00f3n Goldzino como PWA<\/h3>\n<p>La principal forma de jugar a nuestros juegos de casino es a trav\u00e9s de PWA. Sabemos que los usuarios de Android suelen pensar en instalar el Gold Zino APK, pero nosotros hemos ido m\u00e1s all\u00e1. Nuestra PWA Goldzino es m\u00e1s r\u00e1pida y f\u00e1cil de usar. En la p\u00e1gina oficial de Gold Zino, se encuentra un bot\u00f3n especial para la \u00abAplicaci\u00f3n Casino Goldzino\u00bb en el pie de p\u00e1gina. Al pulsar este bot\u00f3n, se iniciar\u00e1 el proceso de instalaci\u00f3n y los jugadores podr\u00e1n instalar la aplicaci\u00f3n en sus dispositivos.<\/p>\n<p>El icono de la aplicaci\u00f3n Goldzino aparecer\u00e1 en la pantalla de inicio tras la instalaci\u00f3n y permitir\u00e1 al usuario acceder inmediatamente al casino m\u00f3vil. Las noticias y <a href=\"https:\/\/goldzino.org\/es\/bonus\/\">promociones<\/a>, as\u00ed como las actualizaciones, ayudan a mantener a los jugadores al d\u00eda para que no se pierdan ninguna oferta especial ni el lanzamiento de nuevos juegos.<\/p>\n<p><img loading=\"lazy\" decoding=\"async\" class=\"alignnone wp-image-1470 size-full\" src=\"https:\/\/goldzino.org\/wp-content\/uploads\/2025\/10\/Gold-Zino-Android.webp\" alt=\"Goldzino Android App\" width=\"1248\" height=\"536\" srcset=\"https:\/\/goldzino.org\/wp-content\/uploads\/2025\/10\/Gold-Zino-Android.webp 1248w, https:\/\/goldzino.org\/wp-content\/uploads\/2025\/10\/Gold-Zino-Android-300x129.webp 300w, https:\/\/goldzino.org\/wp-content\/uploads\/2025\/10\/Gold-Zino-Android-1024x440.webp 1024w, https:\/\/goldzino.org\/wp-content\/uploads\/2025\/10\/Gold-Zino-Android-768x330.webp 768w\" sizes=\"auto, (max-width: 1248px) 100vw, 1248px\" \/><\/p>\n<\/div><\/div><div style=\"clear: both\"><\/div><div class=\"d-flex justify-content-center\"><button data-item=\"decouvrez_link\" data-group=\"website_links\" class=\"goto fw-bold rounded-pill btn btn-orange\" aria-label=\"Descargar Goldzino\" >Descargar Goldzino<\/button><\/div><div class=\"scrollable-content-wrap my-5\"><div class=\"scrollable-content-inner\"><h2>Gold Zino Aplicaci\u00f3n para iOS<\/h2>\n<p>Entre nuestros usuarios de iOS, tenemos dos opciones muy pr\u00e1cticas disponibles: nuestra aplicaci\u00f3n web progresiva (PWA) y un acceso directo en la pantalla de inicio para un acceso m\u00e1s r\u00e1pido: solo tienes que hacer clic y se cargar\u00e1 autom\u00e1ticamente el casino. Ambas opciones est\u00e1n pensadas para ofrecerte una experiencia de juego r\u00e1pida, segura y de calidad sin tener que buscar todos esos archivos APK, descargarlos y ocupar tu memoria. Con el uso del cifrado SSL contempor\u00e1neo, toda tu informaci\u00f3n personal y de transacciones permanece intacta. En Goldzino, esperamos que puedas apreciar al m\u00e1ximo esta \u00fatil innovaci\u00f3n.<\/p>\n<p>Nuestra PWA es gratuita para todos los jugadores del sitio Goldzino, y puedes acceder a ella tras un sencillo proceso de configuraci\u00f3n. El enfoque no implica un almacenamiento adicional de tu memoria, lo que contribuye a que sea una soluci\u00f3n inofensiva y eficaz. Adem\u00e1s, nuestra PWA se puede actualizar autom\u00e1ticamente para que todos nuestros apostantes dispongan siempre de las \u00faltimas funciones y mejoras. As\u00ed es como se obtiene:<\/p>\n<ol>\n<li>Despl\u00e1zate hacia abajo hasta el final de nuestra p\u00e1gina <a href=\"https:\/\/goldzino.org\/es\/\">Goldzino Casino<\/a>, hasta el final.<\/li>\n<li>Ver\u00e1s un peque\u00f1o banner con el bot\u00f3n \u00abInstalar\u00bb.<\/li>\n<li>Al hacer clic, podr\u00e1s ver nuestra PWA. F\u00e1cil y c\u00f3modo.<\/li>\n<li>Si lo pulsas, est\u00e1s en el juego.<\/li>\n<\/ol>\n<h3>C\u00f3mo crear un icono de acceso directo en iOS<\/h3>\n<p>Existe una variante alternativa para tener nuestro casino siempre a mano. Nuestros usuarios pueden crear un icono de acceso directo en su p\u00e1gina de inicio para acceder a \u00e9l con un solo clic. Para ello, hay que abrir Safari, ir a la p\u00e1gina web oficial de Goldzino Casino, pulsar el bot\u00f3n Compartir y seleccionar A\u00f1adir a la pantalla de inicio. A partir de ese momento, tendr\u00e1 el aspecto de una aplicaci\u00f3n nativa, la navegaci\u00f3n ser\u00e1 f\u00e1cil y todas las funciones del casino estar\u00e1n disponibles.<\/p>\n<p><img loading=\"lazy\" decoding=\"async\" class=\"alignnone wp-image-1471 size-full\" src=\"https:\/\/goldzino.org\/wp-content\/uploads\/2025\/10\/Gold-Zino-iOS.webp\" alt=\"Gold Zino iOS App\" width=\"1248\" height=\"536\" srcset=\"https:\/\/goldzino.org\/wp-content\/uploads\/2025\/10\/Gold-Zino-iOS.webp 1248w, https:\/\/goldzino.org\/wp-content\/uploads\/2025\/10\/Gold-Zino-iOS-300x129.webp 300w, https:\/\/goldzino.org\/wp-content\/uploads\/2025\/10\/Gold-Zino-iOS-1024x440.webp 1024w, https:\/\/goldzino.org\/wp-content\/uploads\/2025\/10\/Gold-Zino-iOS-768x330.webp 768w\" sizes=\"auto, (max-width: 1248px) 100vw, 1248px\" \/><\/p>\n<\/div><\/div><div style=\"clear: both\"><\/div><div class=\"d-flex justify-content-center\"><button data-item=\"decouvrez_link\" data-group=\"website_links\" class=\"goto fw-bold rounded-pill btn btn-orange\" aria-label=\"Descargar la aplicaci\u00f3n Goldzino\" >Descargar la aplicaci\u00f3n Goldzino<\/button><\/div><div class=\"scrollable-content-wrap my-5\"><div class=\"scrollable-content-inner\"><h2>Goldzino Casino aplicaci\u00f3n para Windows y Mac<\/h2>\n<p>\u00a1Tenemos algunos jugadores en nuestra plataforma que son fan\u00e1ticos de los juegos de mesa tradicionales! Tambi\u00e9n tienen la opci\u00f3n de Goldzino, donde pueden acceder a una plataforma basada en la web que se puede jugar a trav\u00e9s de cualquier navegador en Windows o macOS. Nuestra plataforma moderna y multifuncional sigue siendo totalmente pr\u00e1ctica, funciona sin importar las circunstancias y es segura, por lo que podr\u00e1s jugar a tus t\u00edtulos favoritos sin ning\u00fan inconveniente.<\/p>\n<h3>Acceso directo en tu navegador o escritorio<\/h3>\n<p>Se recomienda a\u00f1adir accesos directos para facilitar el acceso, y nuestro acceso directo Gold Zino es un problema para a\u00f1adir a tu PC. En los navegadores web, como Google Chrome, Firefox, Opera y otros, cuando pulsas el bot\u00f3n de los tres puntos y eliges la opci\u00f3n de crear un acceso directo, aparecer\u00e1 un icono en tu barra de tareas o escritorio. Esta peque\u00f1a maniobra te permite acceder f\u00e1cilmente a nuestra plataforma Goldzino casino, lo que hace posible una transici\u00f3n ininterrumpida del escritorio al m\u00f3vil sin ning\u00fan proceso de verificaci\u00f3n.<\/p>\n<p>Te alegrar\u00e1 saber que nuestra variante de escritorio Gold Zino puede ejecutar todo tipo de juegos: cartas, ruleta, p\u00f3quer, tragamonedas en l\u00ednea y ollas m\u00e1gicas, juegos de casino en vivo, as\u00ed como juegos de choque. El modo de demostraci\u00f3n tambi\u00e9n funciona muy bien. Todo funciona muy r\u00e1pido, todas las opciones del casino est\u00e1n disponibles y facilita los dep\u00f3sitos, retiradas y el juego sin preocupaciones, a tu conveniencia.<\/p>\n<p><img loading=\"lazy\" decoding=\"async\" class=\"alignnone size-full wp-image-2194\" src=\"https:\/\/goldzino.org\/wp-content\/uploads\/2025\/10\/Gold-Zino-PC-ES.webp\" alt=\"Gold Zino PC\" width=\"1248\" height=\"536\" srcset=\"https:\/\/goldzino.org\/wp-content\/uploads\/2025\/10\/Gold-Zino-PC-ES.webp 1248w, https:\/\/goldzino.org\/wp-content\/uploads\/2025\/10\/Gold-Zino-PC-ES-300x129.webp 300w, https:\/\/goldzino.org\/wp-content\/uploads\/2025\/10\/Gold-Zino-PC-ES-1024x440.webp 1024w, https:\/\/goldzino.org\/wp-content\/uploads\/2025\/10\/Gold-Zino-PC-ES-768x330.webp 768w\" sizes=\"auto, (max-width: 1248px) 100vw, 1248px\" \/><\/p>\n<\/div><\/div><div style=\"clear: both\"><\/div><div class=\"d-flex justify-content-center\"><button data-item=\"decouvrez_link\" data-group=\"website_links\" class=\"goto fw-bold rounded-pill btn btn-orange\" aria-label=\"Descargar Goldzino\" >Descargar Goldzino<\/button><\/div><div class=\"scrollable-content-wrap my-5\"><div class=\"scrollable-content-inner\"><h2>Preguntas frecuentes<\/h2>\n<h3>\u00bfLa versi\u00f3n m\u00f3vil de Goldzino Casino tiene servicio de atenci\u00f3n al cliente?<\/h3>\n<p>Nuestra moderna y funcional aplicaci\u00f3n Goldzino cuenta con un excelente y entusiasta equipo de asistencia, con el que puede ponerse en contacto a trav\u00e9s del chat en vivo y el correo electr\u00f3nico cuando surjan problemas. Nuestro servicio de atenci\u00f3n al cliente trabaja las 24 horas del d\u00eda y sabemos todo lo necesario para ofrecerte una atenci\u00f3n profesional en muchos idiomas. El servicio de asistencia est\u00e1 disponible para responder a todas las preguntas tan pronto como un jugador experimente dificultades t\u00e9cnicas o tenga problemas con la verificaci\u00f3n.<\/p>\n<h3>\u00bfTengo que registrarme para crear una cuenta y poder utilizar la aplicaci\u00f3n Gold Zino?<\/h3>\n<p>En realidad, el <a href=\"https:\/\/goldzino.org\/es\/inicio-de-sesion-y-registro\/\">registro<\/a> no es obligatorio, pero es muy recomendable. Si solo quieres probar nuestros juegos de demostraci\u00f3n, no es necesario que te registres. Sin embargo, para disfrutar de todas las funciones de Goldzino Casino, como jugar a algunos de los juegos, competir contra otros apostantes, a\u00f1adir fondos y retirar dinero, es necesario tener una cuenta normal. El registro es un proceso r\u00e1pido que solo te llevar\u00e1 un par de minutos y te proporcionar\u00e1 una plataforma segura para empezar a jugar.<\/p>\n<h3>\u00bfLa aplicaci\u00f3n de Goldzino Casino tiene todos los juegos?<\/h3>\n<p>La aplicaci\u00f3n Gold Zino cuenta con una enorme biblioteca de libros, juegos de mesa, premios instant\u00e1neos y juegos de cartas, tragamonedas y los mejores t\u00edtulos de cualquier g\u00e9nero. Por ahora, tenemos m\u00e1s de 6000 juegos y a\u00f1adimos m\u00e1s cada d\u00eda. Todos nuestros juegos son compatibles con dispositivos m\u00f3viles y permitimos a los jugadores apostar con la misma calidad y disfrutar plenamente de la experiencia de juego que en la versi\u00f3n de escritorio.<\/p>\n<h3>\u00bfC\u00f3mo puedo actualizar la aplicaci\u00f3n Goldzino Casino?<\/h3>\n<p>No es necesario que hagas nada por tu parte. En la pr\u00e1ctica, la actualizaci\u00f3n es autom\u00e1tica, ya que est\u00e1 dise\u00f1ada para ello: c\u00f3moda y r\u00e1pida, sin necesidad de realizar otras acciones ni preocuparte por si est\u00e1s al d\u00eda con las \u00faltimas novedades o no. Goldzino Casino cuenta con las \u00faltimas funciones, parches de seguridad y juegos, que se actualizan autom\u00e1ticamente para que funcionen lo mejor posible en todo momento.<\/p>\n<\/div><\/div><\/p>\n","protected":false},"excerpt":{"rendered":"<p>Aplicaci\u00f3n Goldzino Casino La Goldzino app en Espa\u00f1a ofrece una plataforma de juegos m\u00f3viles de alta gama, donde los jugadores pueden disfrutar de sus juegos de casino favoritos en cualquier lugar y en cualquier momento. La aplicaci\u00f3n Goldzino est\u00e1 dise\u00f1ada para ser compatible con todos los dispositivos, de modo que el usuario pueda disfrutar de [&hellip;]<\/p>\n","protected":false},"author":1,"featured_media":0,"parent":0,"menu_order":0,"comment_status":"closed","ping_status":"closed","template":"template-builder.php","meta":{"_acf_changed":false,"inline_featured_image":false,"footnotes":""},"class_list":["post-1510","page","type-page","status-publish","hentry"],"acf":[],"yoast_head":"<!-- This site is optimized with the Yoast SEO plugin v27.3 - https:\/\/yoast.com\/product\/yoast-seo-wordpress\/ -->\n<title>Goldzino Casino App | Descarga para iOS y Android<\/title>\n<meta name=\"description\" content=\"\u00a1Lleva el casino contigo! Descarga la app de Gold Zino Casino en tu dispositivo Android o iOS para acceder al instante y f\u00e1cilmente a todos tus juegos favoritos dondequiera que est\u00e9s.\" \/>\n<meta name=\"robots\" content=\"index, follow, max-snippet:-1, max-image-preview:large, max-video-preview:-1\" \/>\n<link rel=\"canonical\" href=\"https:\/\/goldzino.org\/es\/aplicacion\/\" \/>\n<meta property=\"og:locale\" content=\"es_ES\" \/>\n<meta property=\"og:type\" content=\"article\" \/>\n<meta property=\"og:title\" content=\"Goldzino Casino App | Descarga para iOS y Android\" \/>\n<meta property=\"og:description\" content=\"\u00a1Lleva el casino contigo! Descarga la app de Gold Zino Casino en tu dispositivo Android o iOS para acceder al instante y f\u00e1cilmente a todos tus juegos favoritos dondequiera que est\u00e9s.\" \/>\n<meta property=\"og:url\" content=\"https:\/\/goldzino.org\/es\/aplicacion\/\" \/>\n<meta property=\"og:site_name\" content=\"goldzino\" \/>\n<meta property=\"article:modified_time\" content=\"2025-11-27T13:15:31+00:00\" \/>\n<meta name=\"twitter:card\" content=\"summary_large_image\" \/>\n<meta name=\"twitter:label1\" content=\"Est. reading time\" \/>\n\t<meta name=\"twitter:data1\" content=\"3 minutos\" \/>\n<script type=\"application\/ld+json\" class=\"yoast-schema-graph\">{\"@context\":\"https:\\\/\\\/schema.org\",\"@graph\":[{\"@type\":\"WebPage\",\"@id\":\"https:\\\/\\\/goldzino.org\\\/es\\\/aplicacion\\\/\",\"url\":\"https:\\\/\\\/goldzino.org\\\/es\\\/aplicacion\\\/\",\"name\":\"Goldzino Casino App | Descarga para iOS y Android\",\"isPartOf\":{\"@id\":\"https:\\\/\\\/goldzino.org\\\/es\\\/#website\"},\"datePublished\":\"2025-10-23T06:01:26+00:00\",\"dateModified\":\"2025-11-27T13:15:31+00:00\",\"description\":\"\u00a1Lleva el casino contigo! Descarga la app de Gold Zino Casino en tu dispositivo Android o iOS para acceder al instante y f\u00e1cilmente a todos tus juegos favoritos dondequiera que est\u00e9s.\",\"breadcrumb\":{\"@id\":\"https:\\\/\\\/goldzino.org\\\/es\\\/aplicacion\\\/#breadcrumb\"},\"inLanguage\":\"es\",\"potentialAction\":[{\"@type\":\"ReadAction\",\"target\":[\"https:\\\/\\\/goldzino.org\\\/es\\\/aplicacion\\\/\"]}]},{\"@type\":\"BreadcrumbList\",\"@id\":\"https:\\\/\\\/goldzino.org\\\/es\\\/aplicacion\\\/#breadcrumb\",\"itemListElement\":[{\"@type\":\"ListItem\",\"position\":1,\"name\":\"GoldZino\",\"item\":\"https:\\\/\\\/goldzino.org\\\/es\\\/\"},{\"@type\":\"ListItem\",\"position\":2,\"name\":\"Aplicaci\u00f3n\"}]},{\"@type\":\"WebSite\",\"@id\":\"https:\\\/\\\/goldzino.org\\\/es\\\/#website\",\"url\":\"https:\\\/\\\/goldzino.org\\\/es\\\/\",\"name\":\"GoldZino\",\"description\":\"\",\"publisher\":{\"@id\":\"https:\\\/\\\/goldzino.org\\\/es\\\/#organization\"},\"potentialAction\":[{\"@type\":\"SearchAction\",\"target\":{\"@type\":\"EntryPoint\",\"urlTemplate\":\"https:\\\/\\\/goldzino.org\\\/es\\\/?s={search_term_string}\"},\"query-input\":{\"@type\":\"PropertyValueSpecification\",\"valueRequired\":true,\"valueName\":\"search_term_string\"}}],\"inLanguage\":\"es\"},{\"@type\":\"Organization\",\"@id\":\"https:\\\/\\\/goldzino.org\\\/es\\\/#organization\",\"name\":\"GoldZino\",\"url\":\"https:\\\/\\\/goldzino.org\\\/es\\\/\",\"logo\":{\"@type\":\"ImageObject\",\"inLanguage\":\"es\",\"@id\":\"https:\\\/\\\/goldzino.org\\\/es\\\/#\\\/schema\\\/logo\\\/image\\\/\",\"url\":\"https:\\\/\\\/goldzino.org\\\/wp-content\\\/uploads\\\/2025\\\/08\\\/80u1FaquEZeR6OUTeJCc.png\",\"contentUrl\":\"https:\\\/\\\/goldzino.org\\\/wp-content\\\/uploads\\\/2025\\\/08\\\/80u1FaquEZeR6OUTeJCc.png\",\"width\":209,\"height\":46,\"caption\":\"GoldZino\"},\"image\":{\"@id\":\"https:\\\/\\\/goldzino.org\\\/es\\\/#\\\/schema\\\/logo\\\/image\\\/\"}}]}<\/script>\n<!-- \/ Yoast SEO plugin. -->","yoast_head_json":{"title":"Goldzino Casino App | Descarga para iOS y Android","description":"\u00a1Lleva el casino contigo! Descarga la app de Gold Zino Casino en tu dispositivo Android o iOS para acceder al instante y f\u00e1cilmente a todos tus juegos favoritos dondequiera que est\u00e9s.","robots":{"index":"index","follow":"follow","max-snippet":"max-snippet:-1","max-image-preview":"max-image-preview:large","max-video-preview":"max-video-preview:-1"},"canonical":"https:\/\/goldzino.org\/es\/aplicacion\/","og_locale":"es_ES","og_type":"article","og_title":"Goldzino Casino App | Descarga para iOS y Android","og_description":"\u00a1Lleva el casino contigo! Descarga la app de Gold Zino Casino en tu dispositivo Android o iOS para acceder al instante y f\u00e1cilmente a todos tus juegos favoritos dondequiera que est\u00e9s.","og_url":"https:\/\/goldzino.org\/es\/aplicacion\/","og_site_name":"goldzino","article_modified_time":"2025-11-27T13:15:31+00:00","twitter_card":"summary_large_image","twitter_misc":{"Est. reading time":"3 minutos"},"schema":{"@context":"https:\/\/schema.org","@graph":[{"@type":"WebPage","@id":"https:\/\/goldzino.org\/es\/aplicacion\/","url":"https:\/\/goldzino.org\/es\/aplicacion\/","name":"Goldzino Casino App | Descarga para iOS y Android","isPartOf":{"@id":"https:\/\/goldzino.org\/es\/#website"},"datePublished":"2025-10-23T06:01:26+00:00","dateModified":"2025-11-27T13:15:31+00:00","description":"\u00a1Lleva el casino contigo! Descarga la app de Gold Zino Casino en tu dispositivo Android o iOS para acceder al instante y f\u00e1cilmente a todos tus juegos favoritos dondequiera que est\u00e9s.","breadcrumb":{"@id":"https:\/\/goldzino.org\/es\/aplicacion\/#breadcrumb"},"inLanguage":"es","potentialAction":[{"@type":"ReadAction","target":["https:\/\/goldzino.org\/es\/aplicacion\/"]}]},{"@type":"BreadcrumbList","@id":"https:\/\/goldzino.org\/es\/aplicacion\/#breadcrumb","itemListElement":[{"@type":"ListItem","position":1,"name":"GoldZino","item":"https:\/\/goldzino.org\/es\/"},{"@type":"ListItem","position":2,"name":"Aplicaci\u00f3n"}]},{"@type":"WebSite","@id":"https:\/\/goldzino.org\/es\/#website","url":"https:\/\/goldzino.org\/es\/","name":"GoldZino","description":"","publisher":{"@id":"https:\/\/goldzino.org\/es\/#organization"},"potentialAction":[{"@type":"SearchAction","target":{"@type":"EntryPoint","urlTemplate":"https:\/\/goldzino.org\/es\/?s={search_term_string}"},"query-input":{"@type":"PropertyValueSpecification","valueRequired":true,"valueName":"search_term_string"}}],"inLanguage":"es"},{"@type":"Organization","@id":"https:\/\/goldzino.org\/es\/#organization","name":"GoldZino","url":"https:\/\/goldzino.org\/es\/","logo":{"@type":"ImageObject","inLanguage":"es","@id":"https:\/\/goldzino.org\/es\/#\/schema\/logo\/image\/","url":"https:\/\/goldzino.org\/wp-content\/uploads\/2025\/08\/80u1FaquEZeR6OUTeJCc.png","contentUrl":"https:\/\/goldzino.org\/wp-content\/uploads\/2025\/08\/80u1FaquEZeR6OUTeJCc.png","width":209,"height":46,"caption":"GoldZino"},"image":{"@id":"https:\/\/goldzino.org\/es\/#\/schema\/logo\/image\/"}}]}},"_links":{"self":[{"href":"https:\/\/goldzino.org\/es\/wp-json\/wp\/v2\/pages\/1510","targetHints":{"allow":["GET"]}}],"collection":[{"href":"https:\/\/goldzino.org\/es\/wp-json\/wp\/v2\/pages"}],"about":[{"href":"https:\/\/goldzino.org\/es\/wp-json\/wp\/v2\/types\/page"}],"author":[{"embeddable":true,"href":"https:\/\/goldzino.org\/es\/wp-json\/wp\/v2\/users\/1"}],"replies":[{"embeddable":true,"href":"https:\/\/goldzino.org\/es\/wp-json\/wp\/v2\/comments?post=1510"}],"version-history":[{"count":4,"href":"https:\/\/goldzino.org\/es\/wp-json\/wp\/v2\/pages\/1510\/revisions"}],"predecessor-version":[{"id":2203,"href":"https:\/\/goldzino.org\/es\/wp-json\/wp\/v2\/pages\/1510\/revisions\/2203"}],"wp:attachment":[{"href":"https:\/\/goldzino.org\/es\/wp-json\/wp\/v2\/media?parent=1510"}],"curies":[{"name":"wp","href":"https:\/\/api.w.org\/{rel}","templated":true}]}}