{"id":1567,"date":"2025-10-23T07:08:55","date_gmt":"2025-10-23T06:08:55","guid":{"rendered":"https:\/\/goldzino.org\/registo-e-login\/"},"modified":"2025-11-27T13:33:44","modified_gmt":"2025-11-27T13:33:44","slug":"anmeldung-und-registrierung","status":"publish","type":"page","link":"https:\/\/goldzino.org\/de\/anmeldung-und-registrierung\/","title":{"rendered":"Anmeldung und Registrierung"},"content":{"rendered":"<h1>Goldzino Anmeldung und Registrierung<\/h1>\n<p>Die Registrierung auf unserer Plattform beginnt in der Regel mit einem schnellen Goldzino Login Prozess \u2013 keine komplizierten Schritte, genau wie bei jeder anderen Website, bei der Sie sich registrieren. Goldzino Casino bietet sicheren Zugang zu einer Vielzahl von Titeln, aber der Bonus kann erst nach der Registrierung aktiviert werden. Unsere Nutzer k\u00f6nnen ihre Lieblingsspiele ohne Verz\u00f6gerung genie\u00dfen. Jeder Spieler kann die Registrierungs- und Anmeldeverfahren abschlie\u00dfen und sein Konto selbstst\u00e4ndig verwalten.<\/p>\n<p><div class=\"banner-wrap\" aria-label=\"Banner\"><img src=\"https:\/\/goldzino.org\/wp-content\/uploads\/2025\/10\/Goldzino-Banner-Desktop.webp\" class=\"w-100 d-none d-lg-block img-pc main-banner-img\" alt=\"Goldzino Bonus\" fetchpriority=\"high\" decoding=\"async\"><img src=\"https:\/\/goldzino.org\/wp-content\/uploads\/2025\/10\/Gold-zino-Mobile-Banner.webp\" class=\"w-100 d-none d-md-block d-lg-none main-banner-img\" alt=\"Goldzino Bonus\" fetchpriority=\"high\" decoding=\"async\"><img src=\"https:\/\/goldzino.org\/wp-content\/uploads\/2025\/10\/Gold-zino-Mobile-Banner.webp\" class=\"w-100 d-md-none\" alt=\"Goldzino Bonus\" fetchpriority=\"high\" decoding=\"async\"><div class=\"banner-description\">\n<div class=\"banner-title\">Willkommensboni<\/div>\n<p class=\"banner-header-title\">1500\u20ac<\/p>\n<div class=\"banner-header-AdditionalText\">+ 250 Freispiele<\/div>\n<button data-item=\"homepage_banner_link\" class=\"goto m-button m-gradient-border m-button--primary m-button--large banner-button btn-orange\">\n            <div class=\"m-button-content\">\n                <span>Jetzt registrieren<\/span>\n                <span><\/span>\n            <\/div>\n        <\/button>\n<\/div>\n<div class=\"WelcomePack\">\n<p><img decoding=\"async\" src=\"https:\/\/goldzino.org\/wp-content\/uploads\/2025\/10\/welcome-crown.svg\" alt=\"crown\" \/><\/p>\n<div class=\"WelcomePack-Info\">W\u00f6chentliches Cashback bis zu 25 %<\/div>\n<p><img decoding=\"async\" src=\"https:\/\/goldzino.org\/wp-content\/uploads\/2025\/10\/welcome-crown.svg\" alt=\"crown\" \/><\/p>\n<\/div>\n<\/div><div class=\"scrollable-content-wrap my-5\"><div class=\"scrollable-content-inner\"><h2>Goldzino Anmeldung Prozess<\/h2>\n<p>Durch die Erstellung eines Kontos bei Goldzino erhalten unsere gesch\u00e4tzten Nutzer Zugang zu einer freundlichen Community von Gleichgesinnten, die die gleichen Interessen haben und die gleichen Spiele spielen. Au\u00dferdem steht Ihnen unsere personalisierte Kontoverwaltung zur Verf\u00fcgung, und Sie k\u00f6nnen unsere <a href=\"https:\/\/goldzino.org\/de\/aktionen\/\">exklusiven Boni<\/a> freischalten und Ihre Level verbessern, um die Chance zu erhalten, VIP zu werden. Ein aktives Goldzino Casino Konto hilft Spielern dabei, Geld einzuzahlen, an Aktionen teilzunehmen, ihre Spiel- und Bonusgeschichte zu verfolgen und ihre KYC-Sicherheitsdokumente zu verifizieren. Die Registrierung ist bewusst schnell und unkompliziert gestaltet, damit alle unsere Nutzer Zugang zu den Funktionen unserer Plattform haben.<\/p>\n<h3>Richten Sie Ihr Goldzino Casino Konto<\/h3>\n<p>Die Einrichtung eines Kontos ist bei Goldzino Casino immer ganz einfach. Die Schritte zum Goldzino-Login sind logisch aufgebaut. \u00dcberzeugen Sie sich selbst:<\/p>\n<ol>\n<li>Auf unserer Goldzino Hauptseite finden Sie oben rechts die hellen Schaltfl\u00e4chen \u201eAnmelden\u201d und \u201eRegistrieren\u201d.<\/li>\n<li>F\u00fcllen Sie das kurze Anmeldeformular aus. Wir fragen nur nach Ihrer E-Mail-Adresse und einem sicheren, gut durchdachten Passwort.<\/li>\n<li>Lesen Sie unsere Gold Zino-Gesch\u00e4ftsbedingungen sorgf\u00e4ltig durch und klicken Sie das K\u00e4stchen an.<\/li>\n<li>Wenn Sie unseren Werbe-Newsletter erhalten m\u00f6chten, kreuzen Sie bitte auch das K\u00e4stchen an.<\/li>\n<li>Schlie\u00dfen Sie den Registrierungsvorgang ab, indem Sie zu Ihrem Posteingang gehen.<\/li>\n<li>Gehen Sie zu Ihrem Posteingang und suchen Sie nach der E-Mail von uns. Wenn Sie sie in Ihrem Posteingang nicht finden k\u00f6nnen, \u00fcberpr\u00fcfen Sie bitte den Spam-Ordner.<\/li>\n<li>Aktivieren Sie Ihr Gold Zino Konto.<\/li>\n<\/ol>\n<h2>Goldzino Zugriff auf das Konto und Verwaltung<\/h2>\n<p>Die Anmeldung bei Ihrem <a href=\"https:\/\/goldzino.org\/de\/\">Goldzino Casino<\/a> Konto ist ganz einfach, und Sie haben \u00fcber Ihr Konto die volle Kontrolle \u00fcber Ihr Spiel.<\/p>\n<table>\n<tbody>\n<tr>\n<td>Schritte<\/td>\n<td>Details<\/td>\n<\/tr>\n<tr>\n<td>Finden Sie die Schaltfl\u00e4che \u201eAnmelden\u201c<\/td>\n<td>Gleiche Schaltfl\u00e4che neben der Registerkarte \u201eRegistrierung\u201c<\/td>\n<\/tr>\n<tr>\n<td>E-Mail eingeben<\/td>\n<td>Verwenden Sie die E-Mail-Adresse, die Sie bei der Registrierung angegeben haben.<\/td>\n<\/tr>\n<tr>\n<td>Passwort eingeben<\/td>\n<td>Verwenden Sie das bei der Registrierung erstellte Passwort.<\/td>\n<\/tr>\n<tr>\n<td>Klicken Sie erneut auf \u201eAnmelden\u201c.<\/td>\n<td>Um auf Ihr Konto zuzugreifen<\/td>\n<\/tr>\n<\/tbody>\n<\/table>\n<p>Wenn Sie Ihr Konto-Dashboard sehen, k\u00f6nnen Sie Geld einzahlen und abheben, den Kontoverlauf \u00fcberpr\u00fcfen, Kontoeinstellungen \u00e4ndern und bei Bedarf pers\u00f6nliche Daten verwalten. Au\u00dferdem ist unsere Plattform mehrsprachig, sodass sich unsere Nutzer aus verschiedenen Teilen der Welt leicht auf der Website zurechtfinden k\u00f6nnen. \u00c4ndern Sie einfach die Sprache der Website, und sie wird automatisch in eine Ihrer bevorzugten Sprachen \u00fcbersetzt.<\/p>\n<p>Die Verwaltung eines Kontos umfasst das Hinzuf\u00fcgen von Sicherheitselementen wie Zwei-Faktor-Authentifizierung und Sitzungsverwaltungsfunktionen, um verantwortungsbewusstes Spielen und die Kontrolle \u00fcber die Zeit, die Sie auf unserer Plattform verbringen, zu gew\u00e4hrleisten. Dar\u00fcber hinaus k\u00f6nnen unsere Nutzer ihre pers\u00f6nlichen Daten \u00e4ndern, Einzahlungslimits festlegen und direkt \u00fcber ihr Konto an Werbeangeboten teilnehmen.<\/p>\n<h3>Haben Sie Ihre Goldzino Anmeldedaten vergessen?<\/h3>\n<p>Es wird empfohlen, die Anmeldedaten mit Ihrem Passwort-Speicher in Ihrem Browser oder einer vertrauensw\u00fcrdigen Drittanbieteranwendung zu speichern. Wer es traditionell mag, notiert sich einfach die Zugangsdaten, um sie beim Anmelden am PC oder in der <a href=\"https:\/\/goldzino.org\/de\/app\/\">App<\/a> wieder einzugeben.<\/p>\n<p>Aber solche Dinge passieren nun einmal. Sollten Sie Ihre Goldzino-Anmeldedaten verlegen oder vergessen, hilft Ihnen unsere Website sicherlich bei der Wiederherstellung; sie bietet eine L\u00f6sung:<\/p>\n<ol>\n<li>Wenn Sie Ihr Passwort vergessen haben, k\u00f6nnen Sie auf den Link \u201ePasswort vergessen?\u201c klicken, den Sie auf der Anmeldeseite etwas weiter unten als Banner finden.<\/li>\n<li>Bitte geben Sie Ihre zuvor registrierte E-Mail-Adresse an.<\/li>\n<li>Sobald die Anweisungen zum Zur\u00fccksetzen Ihres Passworts an Ihre E-Mail-Adresse gesendet wurden, m\u00fcssen Sie diese befolgen, um Ihr Passwort sicher zur\u00fcckzusetzen.<\/li>\n<li>Wenn Sie keinen Zugriff mehr auf Ihre E-Mails haben oder diese verloren gegangen sind oder wenn Sie Probleme beim Einloggen haben, wie z. B. Blockierungen oder Verbindungsprobleme, k\u00f6nnen Sie sich per Live-Chat oder E-Mail an unser Goldzino Support-Team wenden.<\/li>\n<\/ol>\n<p>Unser freundliches Support-Team ist immer bereit, Ihre Login-Probleme schnell zu l\u00f6sen. Z\u00f6gern Sie also nicht, auf den kleinen Support-Button auf unserer Gold Zino Website zu klicken.<\/p>\n<h2>\u00dcberpr\u00fcfen Sie Ihr Gold Zino Konto<\/h2>\n<p>In bestimmten F\u00e4llen m\u00fcssen wir Ihr Konto verifizieren. Der Umgang mit echtem Geld (Boni und Einzahlungen) erfordert zus\u00e4tzlichen Schutz, und wir tun alles in unserer Macht Stehende, um sicherzustellen, dass Ihr Konto und Ihr Geld sicher und gesch\u00fctzt sind. Unser Verifizierungsprozess ist f\u00fcr alle, die \u00fcber den Demo-Modus hinaus spielen m\u00f6chten, obligatorisch. Wir bei Goldzino halten uns an die gesetzlichen Vorschriften. Unser Prozess umfasst:<\/p>\n<ul>\n<li>Vorlage eines Ausweisdokuments. Zum Beispiel Ihr Reisepass oder F\u00fchrerschein.<\/li>\n<li>Ein Nachweis \u00fcber den Wohnsitz. Dies k\u00f6nnen Stromrechnungen oder Kontoausz\u00fcge sein.<\/li>\n<\/ul>\n<p>Alle Ihre echten Scans von Dokumenten sollten \u00fcber den Bereich zur Kontoverifizierung in Ihrem Profil gesendet werden.<\/p>\n<p>Danach wird unser Goldzino Casino mehrsprachiges Support-Team Ihre Dokumente schnell bearbeiten; Sie m\u00fcssen nicht lange warten, da die meisten Prozesse modernisiert und hochtechnologisch sind. Au\u00dferdem erh\u00f6ht die Verifizierung die Einzahlungslimits und er\u00f6ffnet Ihnen mehr M\u00f6glichkeiten f\u00fcr Ihr Spiel.<\/p>\n<h2>FAQ<\/h2>\n<h3>Wie verifiziere ich mein Konto?<\/h3>\n<p>Die Best\u00e4tigung erfolgt durch die Vorlage g\u00fcltiger Ausweisdokumente \u00fcber Ihr pers\u00f6nliches Konto auf unserer Gold Zino Plattform. Unser Goldzino Casino Support-Team pr\u00fcft alle von Ihnen eingereichten Dokumente, um sicherzustellen, dass die verifizierte Identit\u00e4t den gesetzlichen Normen entspricht und die Sicherheit aller Konten und unseres Casinos gew\u00e4hrleistet ist.<\/p>\n<h3>Kann ich mein Passwort oder meine E-Mail-Adresse aktualisieren?<\/h3>\n<p>Sollten Sie Ihr Passwort einmal vergessen haben, klicken Sie im Bereich Goldzino-Login auf die Option \u201ePasswort vergessen?\u201c. Bei Problemen mit Ihrer E-Mail k\u00f6nnen Sie sich \u00fcber den Live-Chat an unseren Kundendienst wenden oder ihm eine E-Mail senden \u2013 wir sind immer online. M\u00f6glicherweise werden Sie gebeten, Ihre Identit\u00e4t nachzuweisen, um die Wiederherstellung Ihres Kontos zu erleichtern.<\/p>\n<h3>Was mache ich, wenn mein Konto gesperrt ist?<\/h3>\n<p>Wenn Sie versuchen, sich bei Goldzino anzumelden, kann es vorkommen, dass Ihr Konto aus Sicherheitsgr\u00fcnden oder aufgrund ungew\u00f6hnlicher Kontoaktivit\u00e4ten gesperrt oder suspendiert wird. Wir gehen sehr sorgf\u00e4ltig mit F\u00e4llen von Betrug, Bonusmissbrauch und illegalen Machenschaften um. Wenden Sie sich daher bitte per Live-Chat oder E-Mail an unseren Kundendienst. Unsere Mitarbeiter helfen Ihnen dabei, Ihr Konto wieder freizuschalten, indem sie Ihre Identit\u00e4t \u00fcberpr\u00fcfen oder andere erforderliche Schritte unternehmen. Sie brauchen sich keine Sorgen zu machen.<\/p>\n<h3>Wie kann ich mein Konto deaktivieren?<\/h3>\n<p>Jeder unserer Spieler kann sein Gold Zino Konto schlie\u00dfen, indem er uns einfach eine entsprechende Nachricht \u00fcber die Einstellungen seines Kontos sendet oder sich an unseren Kundendienst wendet. Wir werden die erforderlichen Ma\u00dfnahmen gem\u00e4\u00df den Allgemeinen Gesch\u00e4ftsbedingungen der Plattform ergreifen, um die Sicherheit Ihres Goldzino Casino Kontos zu gew\u00e4hrleisten.<\/p>\n<\/div><\/div><\/p>\n","protected":false},"excerpt":{"rendered":"<p>Goldzino Anmeldung und Registrierung Die Registrierung auf unserer Plattform beginnt in der Regel mit einem schnellen Goldzino Login Prozess \u2013 keine komplizierten Schritte, genau wie bei jeder anderen Website, bei der Sie sich registrieren. Goldzino Casino bietet sicheren Zugang zu einer Vielzahl von Titeln, aber der Bonus kann erst nach der Registrierung aktiviert werden. Unsere [&hellip;]<\/p>\n","protected":false},"author":1,"featured_media":0,"parent":0,"menu_order":0,"comment_status":"closed","ping_status":"closed","template":"template-builder.php","meta":{"_acf_changed":false,"inline_featured_image":false,"footnotes":""},"class_list":["post-1567","page","type-page","status-publish","hentry"],"acf":[],"yoast_head":"<!-- This site is optimized with the Yoast SEO plugin v27.3 - https:\/\/yoast.com\/product\/yoast-seo-wordpress\/ -->\n<title>Goldzino Login und Kontoregistrierung<\/title>\n<meta name=\"description\" content=\"Legen Sie in Sekunden los. Erstellen Sie Ihr Gold Zino-Login f\u00fcr sofortigen Zugriff oder melden Sie sich an, um Ihr Profil zu verwalten, die Verifizierung abzuschlie\u00dfen und sicher zu spielen.\" \/>\n<meta name=\"robots\" content=\"index, follow, max-snippet:-1, max-image-preview:large, max-video-preview:-1\" \/>\n<link rel=\"canonical\" href=\"https:\/\/goldzino.org\/de\/anmeldung-und-registrierung\/\" \/>\n<meta property=\"og:locale\" content=\"de_DE\" \/>\n<meta property=\"og:type\" content=\"article\" \/>\n<meta property=\"og:title\" content=\"Goldzino Login und Kontoregistrierung\" \/>\n<meta property=\"og:description\" content=\"Legen Sie in Sekunden los. Erstellen Sie Ihr Gold Zino-Login f\u00fcr sofortigen Zugriff oder melden Sie sich an, um Ihr Profil zu verwalten, die Verifizierung abzuschlie\u00dfen und sicher zu spielen.\" \/>\n<meta property=\"og:url\" content=\"https:\/\/goldzino.org\/de\/anmeldung-und-registrierung\/\" \/>\n<meta property=\"og:site_name\" content=\"goldzino\" \/>\n<meta property=\"article:modified_time\" content=\"2025-11-27T13:33:44+00:00\" \/>\n<meta name=\"twitter:card\" content=\"summary_large_image\" \/>\n<meta name=\"twitter:label1\" content=\"Gesch\u00e4tzte Lesezeit\" \/>\n\t<meta name=\"twitter:data1\" content=\"1\u00a0Minute\" \/>\n<script type=\"application\/ld+json\" class=\"yoast-schema-graph\">{\"@context\":\"https:\\\/\\\/schema.org\",\"@graph\":[{\"@type\":\"WebPage\",\"@id\":\"https:\\\/\\\/goldzino.org\\\/de\\\/anmeldung-und-registrierung\\\/\",\"url\":\"https:\\\/\\\/goldzino.org\\\/de\\\/anmeldung-und-registrierung\\\/\",\"name\":\"Goldzino Login und Kontoregistrierung\",\"isPartOf\":{\"@id\":\"https:\\\/\\\/goldzino.org\\\/de\\\/#website\"},\"datePublished\":\"2025-10-23T06:08:55+00:00\",\"dateModified\":\"2025-11-27T13:33:44+00:00\",\"description\":\"Legen Sie in Sekunden los. Erstellen Sie Ihr Gold Zino-Login f\u00fcr sofortigen Zugriff oder melden Sie sich an, um Ihr Profil zu verwalten, die Verifizierung abzuschlie\u00dfen und sicher zu spielen.\",\"breadcrumb\":{\"@id\":\"https:\\\/\\\/goldzino.org\\\/de\\\/anmeldung-und-registrierung\\\/#breadcrumb\"},\"inLanguage\":\"de\",\"potentialAction\":[{\"@type\":\"ReadAction\",\"target\":[\"https:\\\/\\\/goldzino.org\\\/de\\\/anmeldung-und-registrierung\\\/\"]}]},{\"@type\":\"BreadcrumbList\",\"@id\":\"https:\\\/\\\/goldzino.org\\\/de\\\/anmeldung-und-registrierung\\\/#breadcrumb\",\"itemListElement\":[{\"@type\":\"ListItem\",\"position\":1,\"name\":\"GoldZino\",\"item\":\"https:\\\/\\\/goldzino.org\\\/de\\\/\"},{\"@type\":\"ListItem\",\"position\":2,\"name\":\"Anmeldung und Registrierung\"}]},{\"@type\":\"WebSite\",\"@id\":\"https:\\\/\\\/goldzino.org\\\/de\\\/#website\",\"url\":\"https:\\\/\\\/goldzino.org\\\/de\\\/\",\"name\":\"GoldZino\",\"description\":\"\",\"publisher\":{\"@id\":\"https:\\\/\\\/goldzino.org\\\/de\\\/#organization\"},\"potentialAction\":[{\"@type\":\"SearchAction\",\"target\":{\"@type\":\"EntryPoint\",\"urlTemplate\":\"https:\\\/\\\/goldzino.org\\\/de\\\/?s={search_term_string}\"},\"query-input\":{\"@type\":\"PropertyValueSpecification\",\"valueRequired\":true,\"valueName\":\"search_term_string\"}}],\"inLanguage\":\"de\"},{\"@type\":\"Organization\",\"@id\":\"https:\\\/\\\/goldzino.org\\\/de\\\/#organization\",\"name\":\"GoldZino\",\"url\":\"https:\\\/\\\/goldzino.org\\\/de\\\/\",\"logo\":{\"@type\":\"ImageObject\",\"inLanguage\":\"de\",\"@id\":\"https:\\\/\\\/goldzino.org\\\/de\\\/#\\\/schema\\\/logo\\\/image\\\/\",\"url\":\"https:\\\/\\\/goldzino.org\\\/wp-content\\\/uploads\\\/2025\\\/08\\\/80u1FaquEZeR6OUTeJCc.png\",\"contentUrl\":\"https:\\\/\\\/goldzino.org\\\/wp-content\\\/uploads\\\/2025\\\/08\\\/80u1FaquEZeR6OUTeJCc.png\",\"width\":209,\"height\":46,\"caption\":\"GoldZino\"},\"image\":{\"@id\":\"https:\\\/\\\/goldzino.org\\\/de\\\/#\\\/schema\\\/logo\\\/image\\\/\"}}]}<\/script>\n<!-- \/ Yoast SEO plugin. -->","yoast_head_json":{"title":"Goldzino Login und Kontoregistrierung","description":"Legen Sie in Sekunden los. Erstellen Sie Ihr Gold Zino-Login f\u00fcr sofortigen Zugriff oder melden Sie sich an, um Ihr Profil zu verwalten, die Verifizierung abzuschlie\u00dfen und sicher zu spielen.","robots":{"index":"index","follow":"follow","max-snippet":"max-snippet:-1","max-image-preview":"max-image-preview:large","max-video-preview":"max-video-preview:-1"},"canonical":"https:\/\/goldzino.org\/de\/anmeldung-und-registrierung\/","og_locale":"de_DE","og_type":"article","og_title":"Goldzino Login und Kontoregistrierung","og_description":"Legen Sie in Sekunden los. Erstellen Sie Ihr Gold Zino-Login f\u00fcr sofortigen Zugriff oder melden Sie sich an, um Ihr Profil zu verwalten, die Verifizierung abzuschlie\u00dfen und sicher zu spielen.","og_url":"https:\/\/goldzino.org\/de\/anmeldung-und-registrierung\/","og_site_name":"goldzino","article_modified_time":"2025-11-27T13:33:44+00:00","twitter_card":"summary_large_image","twitter_misc":{"Gesch\u00e4tzte Lesezeit":"1\u00a0Minute"},"schema":{"@context":"https:\/\/schema.org","@graph":[{"@type":"WebPage","@id":"https:\/\/goldzino.org\/de\/anmeldung-und-registrierung\/","url":"https:\/\/goldzino.org\/de\/anmeldung-und-registrierung\/","name":"Goldzino Login und Kontoregistrierung","isPartOf":{"@id":"https:\/\/goldzino.org\/de\/#website"},"datePublished":"2025-10-23T06:08:55+00:00","dateModified":"2025-11-27T13:33:44+00:00","description":"Legen Sie in Sekunden los. Erstellen Sie Ihr Gold Zino-Login f\u00fcr sofortigen Zugriff oder melden Sie sich an, um Ihr Profil zu verwalten, die Verifizierung abzuschlie\u00dfen und sicher zu spielen.","breadcrumb":{"@id":"https:\/\/goldzino.org\/de\/anmeldung-und-registrierung\/#breadcrumb"},"inLanguage":"de","potentialAction":[{"@type":"ReadAction","target":["https:\/\/goldzino.org\/de\/anmeldung-und-registrierung\/"]}]},{"@type":"BreadcrumbList","@id":"https:\/\/goldzino.org\/de\/anmeldung-und-registrierung\/#breadcrumb","itemListElement":[{"@type":"ListItem","position":1,"name":"GoldZino","item":"https:\/\/goldzino.org\/de\/"},{"@type":"ListItem","position":2,"name":"Anmeldung und Registrierung"}]},{"@type":"WebSite","@id":"https:\/\/goldzino.org\/de\/#website","url":"https:\/\/goldzino.org\/de\/","name":"GoldZino","description":"","publisher":{"@id":"https:\/\/goldzino.org\/de\/#organization"},"potentialAction":[{"@type":"SearchAction","target":{"@type":"EntryPoint","urlTemplate":"https:\/\/goldzino.org\/de\/?s={search_term_string}"},"query-input":{"@type":"PropertyValueSpecification","valueRequired":true,"valueName":"search_term_string"}}],"inLanguage":"de"},{"@type":"Organization","@id":"https:\/\/goldzino.org\/de\/#organization","name":"GoldZino","url":"https:\/\/goldzino.org\/de\/","logo":{"@type":"ImageObject","inLanguage":"de","@id":"https:\/\/goldzino.org\/de\/#\/schema\/logo\/image\/","url":"https:\/\/goldzino.org\/wp-content\/uploads\/2025\/08\/80u1FaquEZeR6OUTeJCc.png","contentUrl":"https:\/\/goldzino.org\/wp-content\/uploads\/2025\/08\/80u1FaquEZeR6OUTeJCc.png","width":209,"height":46,"caption":"GoldZino"},"image":{"@id":"https:\/\/goldzino.org\/de\/#\/schema\/logo\/image\/"}}]}},"_links":{"self":[{"href":"https:\/\/goldzino.org\/de\/wp-json\/wp\/v2\/pages\/1567","targetHints":{"allow":["GET"]}}],"collection":[{"href":"https:\/\/goldzino.org\/de\/wp-json\/wp\/v2\/pages"}],"about":[{"href":"https:\/\/goldzino.org\/de\/wp-json\/wp\/v2\/types\/page"}],"author":[{"embeddable":true,"href":"https:\/\/goldzino.org\/de\/wp-json\/wp\/v2\/users\/1"}],"replies":[{"embeddable":true,"href":"https:\/\/goldzino.org\/de\/wp-json\/wp\/v2\/comments?post=1567"}],"version-history":[{"count":3,"href":"https:\/\/goldzino.org\/de\/wp-json\/wp\/v2\/pages\/1567\/revisions"}],"predecessor-version":[{"id":2280,"href":"https:\/\/goldzino.org\/de\/wp-json\/wp\/v2\/pages\/1567\/revisions\/2280"}],"wp:attachment":[{"href":"https:\/\/goldzino.org\/de\/wp-json\/wp\/v2\/media?parent=1567"}],"curies":[{"name":"wp","href":"https:\/\/api.w.org\/{rel}","templated":true}]}}