{"id":1502,"date":"2025-10-23T07:01:26","date_gmt":"2025-10-23T06:01:26","guid":{"rendered":"https:\/\/goldzino.org\/aplicacao\/"},"modified":"2025-11-27T13:10:14","modified_gmt":"2025-11-27T13:10:14","slug":"app","status":"publish","type":"page","link":"https:\/\/goldzino.org\/de\/app\/","title":{"rendered":"App"},"content":{"rendered":"<h1>Goldzino Casino App<\/h1>\n<p>Die Goldzino App bietet eine hochwertige mobile Gaming-Plattform, auf der Spieler ihre Lieblings-Casinospiele \u00fcberall und jederzeit genie\u00dfen k\u00f6nnen. Die Goldzino App ist so konzipiert, dass sie mit allen Ger\u00e4ten kompatibel ist, sodass der Benutzer eine komfortable Navigation, schnelle Ladezeiten und sichere Transaktionen genie\u00dfen kann. Die App bietet mit ihrer intuitiven Benutzeroberfl\u00e4che und einer gro\u00dfen Auswahl an verf\u00fcgbaren Spielen ein verbessertes Ma\u00df an Komfort in einem mobilen Casino.<\/p>\n<div class=\"banner-wrap\" aria-label=\"Banner\"><img src=\"https:\/\/goldzino.org\/wp-content\/uploads\/2025\/10\/Goldzino-Banner-Desktop.webp\" class=\"w-100 d-none d-lg-block img-pc main-banner-img\" alt=\"Goldzino Bonus\" fetchpriority=\"high\" decoding=\"async\"><img src=\"https:\/\/goldzino.org\/wp-content\/uploads\/2025\/10\/Gold-zino-Mobile-Banner.webp\" class=\"w-100 d-none d-md-block d-lg-none main-banner-img\" alt=\"Goldzino Bonus\" fetchpriority=\"high\" decoding=\"async\"><img src=\"https:\/\/goldzino.org\/wp-content\/uploads\/2025\/10\/Gold-zino-Mobile-Banner.webp\" class=\"w-100 d-md-none\" alt=\"Goldzino Bonus\" fetchpriority=\"high\" decoding=\"async\"><div class=\"banner-description\">\n<div class=\"banner-title\">Willkommensboni<\/div>\n<p class=\"banner-header-title\">1500\u20ac<\/p>\n<div class=\"banner-header-AdditionalText\">+ 250 Freispiele<\/div>\n<button data-item=\"homepage_banner_link\" class=\"goto m-button m-gradient-border m-button--primary m-button--large banner-button btn-orange\">\n            <div class=\"m-button-content\">\n                <span>Jetzt registrieren<\/span>\n                <span><\/span>\n            <\/div>\n        <\/button>\n<\/div>\n<div class=\"WelcomePack\">\n<p><img decoding=\"async\" src=\"https:\/\/goldzino.org\/wp-content\/uploads\/2025\/10\/welcome-crown.svg\" alt=\"crown\" \/><\/p>\n<div class=\"WelcomePack-Info\">W\u00f6chentliches Cashback bis zu 25 %<\/div>\n<p><img decoding=\"async\" src=\"https:\/\/goldzino.org\/wp-content\/uploads\/2025\/10\/welcome-crown.svg\" alt=\"crown\" \/><\/p>\n<\/div>\n<\/div>\n<h2>Spielen Sie unterwegs mit Gold Zino<\/h2>\n<p>Die Goldzino Anwendung wurde f\u00fcr diejenigen unserer Spieler entwickelt, die ihre Casinospiele auf mobilen Ger\u00e4ten spielen m\u00f6chten. Au\u00dferdem ist die Anwendung sowohl auf Smartphones als auch auf Tablets schnell, sicher und benutzerfreundlich, wenn es um das Spielen geht. Sie vereint die vollst\u00e4ndige Funktionalit\u00e4t eines Desktops mit der Vielseitigkeit eines mobilen Ger\u00e4ts, und es war noch nie so einfach, Online-Slots, Tischspiele, Live-Casino usw. zu spielen.<\/p>\n<p>Die Flexibilit\u00e4t der App macht alle Funktionen, wie Ein- und Auszahlungen, mobilfreundlich. Sie ist leichtgewichtig und l\u00e4dt schnell, sodass Spieler keine Abstriche bei der Qualit\u00e4t zugunsten der Bequemlichkeit machen m\u00fcssen. Die mobile Software von Gold Zino erm\u00f6glicht Ihnen ein interaktives Erlebnis, egal ob Sie zu Hause, auf dem Weg zur Arbeit oder im Urlaub sind.<\/p>\n<p>Die Goldzino-App wurde speziell f\u00fcr unsere treuen und neuen Spieler entwickelt, damit sie einen sicheren, flexiblen und funktionsreichen Prozess auf Mobilger\u00e4ten oder Desktops genie\u00dfen k\u00f6nnen. Bei unserem Design stehen Benutzerfreundlichkeit, schneller Zugriff und eine gro\u00dfe Auswahl an Spielen im Vordergrund. Wir sind absolut sicher, dass wir die erste Wahl f\u00fcr Online-Casino-Enthusiasten sind.<\/p>\n<table>\n<tbody>\n<tr>\n<td>Vorteile<\/td>\n<td>Beschreibung<\/td>\n<\/tr>\n<tr>\n<td>Mobilger\u00e4tekompatibilit\u00e4t<\/td>\n<td>Erm\u00f6glicht das Spielen auf Smartphones und Tablets<\/td>\n<\/tr>\n<tr>\n<td>Schnell und sicher<\/td>\n<td>Sorgt f\u00fcr schnellen Zugriff<\/td>\n<\/tr>\n<tr>\n<td>Alle Funktionen sind hier<\/td>\n<td>Beinhaltet alle Desktop-Funktionen \u2013 Einzahlungen, Auszahlungen und Spiele<\/td>\n<\/tr>\n<tr>\n<td>Leicht und schnell<\/td>\n<td>Hohe Belastungen ohne Qualit\u00e4tseinbu\u00dfen<\/td>\n<\/tr>\n<tr>\n<td>Interaktiv<\/td>\n<td>Bietet Bequemlichkeit und Komfort<\/td>\n<\/tr>\n<tr>\n<td>Sicher<\/td>\n<td>Speziell f\u00fcr sicheres Gaming entwickelt<\/td>\n<\/tr>\n<tr>\n<td>Unmengen von Spielen<\/td>\n<td>Online-Slots, Tischspiele, Live-Casino und mehr<\/td>\n<\/tr>\n<tr>\n<td>Benutzerfreundliche Oberfl\u00e4che und Design, Farben<\/td>\n<td>Priorisiert Benutzerfreundlichkeit und schnellen Zugriff<\/td>\n<\/tr>\n<tr>\n<td>Vielseitig<\/td>\n<td>Auf Mobilger\u00e4ten und Desktop-Computern spielen<\/td>\n<\/tr>\n<\/tbody>\n<\/table>\n<p><div style=\"clear: both\"><\/div><div class=\"d-flex justify-content-center\"><button data-item=\"decouvrez_link\" data-group=\"website_links\" class=\"goto fw-bold rounded-pill btn btn-orange\" aria-label=\"Goldzino-App herunterladen\" >Goldzino-App herunterladen<\/button><\/div><div class=\"scrollable-content-wrap my-5\"><div class=\"scrollable-content-inner\"><h2>Holen Sie sich die App f\u00fcr Android<\/h2>\n<p>Goldzino bietet eine einfache Alternative f\u00fcr den Zugriff auf unser mobiles Casino auf Android-Ger\u00e4ten, ohne APK-Dateien herunterladen zu m\u00fcssen. Stattdessen k\u00f6nnen Spieler eine Progressive Web App (PWA) nutzen, die keinen Speicherplatz beansprucht, aber alle Funktionen bietet. Dies ist eine sichere und effektive Methode, die automatische Updates und maximale Leistung bietet.<\/p>\n<h3>Goldzino-App als PWA<\/h3>\n<p>Unsere Casinospiele werden haupts\u00e4chlich \u00fcber PWA gespielt. Wir wissen, dass Android-Nutzer normalerweise daran denken w\u00fcrden, die Gold Zino APK zu installieren, aber wir sind noch einen Schritt weiter gegangen. Unsere Goldzino PWA ist schneller und benutzerfreundlicher. Auf der offiziellen Seite von Gold Zino finden Sie in der Fu\u00dfzeile eine spezielle Schaltfl\u00e4che f\u00fcr die \u201eCasino Goldzino App\u201d. Durch Dr\u00fccken dieser Schaltfl\u00e4che wird der Installationsvorgang gestartet und die Spieler k\u00f6nnen die App auf ihren Ger\u00e4ten installieren.<\/p>\n<p>Das Symbol der Goldzino-App wird nach der Installation auf dem Startbildschirm angezeigt und erm\u00f6glicht dem Benutzer den sofortigen Zugriff auf das mobile Casino. Nachrichten und <a href=\"https:\/\/goldzino.org\/de\/aktionen\/\">Werbeaktionen<\/a> sowie Updates helfen dabei, die Spieler auf dem Laufenden zu halten, damit sie keine Sonderangebote oder Ver\u00f6ffentlichungen neuer Spiele verpassen.<\/p>\n<p><img loading=\"lazy\" decoding=\"async\" class=\"alignnone wp-image-1470 size-full\" src=\"https:\/\/goldzino.org\/wp-content\/uploads\/2025\/10\/Gold-Zino-Android.webp\" alt=\"Goldzino Android App\" width=\"1248\" height=\"536\" srcset=\"https:\/\/goldzino.org\/wp-content\/uploads\/2025\/10\/Gold-Zino-Android.webp 1248w, https:\/\/goldzino.org\/wp-content\/uploads\/2025\/10\/Gold-Zino-Android-300x129.webp 300w, https:\/\/goldzino.org\/wp-content\/uploads\/2025\/10\/Gold-Zino-Android-1024x440.webp 1024w, https:\/\/goldzino.org\/wp-content\/uploads\/2025\/10\/Gold-Zino-Android-768x330.webp 768w\" sizes=\"auto, (max-width: 1248px) 100vw, 1248px\" \/><\/p>\n<\/div><\/div><div style=\"clear: both\"><\/div><div class=\"d-flex justify-content-center\"><button data-item=\"decouvrez_link\" data-group=\"website_links\" class=\"goto fw-bold rounded-pill btn btn-orange\" aria-label=\"Goldzino herunterladen\" >Goldzino herunterladen<\/button><\/div><div class=\"scrollable-content-wrap my-5\"><div class=\"scrollable-content-inner\"><h2>Gold Zino iOS-Anwendung<\/h2>\n<p>F\u00fcr unsere iOS-Nutzer haben wir zwei \u00e4u\u00dferst praktische Optionen im Angebot: unsere Progressive Web App (PWA) und eine Verkn\u00fcpfung auf dem Startbildschirm f\u00fcr einen schnelleren Zugriff \u2013 Sie klicken einfach darauf und das Casino wird automatisch f\u00fcr Sie geladen. Beide Optionen sollen Ihnen ein schnelles, sicheres und hochwertiges Spielerlebnis bieten, ohne dass Sie sich mit der Suche nach all diesen APK-Dateien, deren Download und der Belastung Ihres Speichers herumschlagen m\u00fcssen. Durch die Verwendung moderner SSL-Verschl\u00fcsselung bleiben alle Ihre pers\u00f6nlichen Daten und Transaktionsinformationen unversehrt. Wir bei Goldzino hoffen, dass Sie diese n\u00fctzliche Innovation in vollem Umfang zu sch\u00e4tzen wissen.<\/p>\n<p>Unsere PWA ist f\u00fcr alle Spieler der Goldzino Website kostenlos und kann nach einer einfachen Einrichtung genutzt werden. Der Ansatz erfordert keinen zus\u00e4tzlichen Speicherplatz, was zu seiner harmlosen und effektiven L\u00f6sung beitr\u00e4gt. Au\u00dferdem kann unsere PWA automatisch aktualisiert werden, sodass alle unsere Wettkunden stets \u00fcber die neuesten Funktionen und Verbesserungen verf\u00fcgen. So erhalten Sie sie:<\/p>\n<ol>\n<li>Scrollen Sie bis zum Ende unserer <a href=\"https:\/\/goldzino.org\/de\/\">Goldzino Casino<\/a> Seite, ganz bis zum Schluss.<\/li>\n<li>Sie sehen das kleine Banner mit der Schaltfl\u00e4che \u201eInstallieren\u201c.<\/li>\n<li>Wenn Sie darauf klicken, gelangen Sie direkt zu unserer PWA. Einfach und bequem.<\/li>\n<li>Wenn Sie darauf dr\u00fccken, sind Sie im Spiel.<\/li>\n<\/ol>\n<h3>So erstellen Sie ein Verkn\u00fcpfungs-Symbol in iOS<\/h3>\n<p>Es gibt eine alternative M\u00f6glichkeit, unser Casino immer griffbereit zu haben. Unsere Nutzer k\u00f6nnen ein Verkn\u00fcpfungssymbol auf ihrer Startseite erstellen, um mit nur einem Klick darauf zuzugreifen. Dazu m\u00fcssen Sie Safari \u00f6ffnen, dann zur offiziellen Goldzino Casino Website gehen, auf die Schaltfl\u00e4che \u201eTeilen\u201d tippen und \u201eZum Startbildschirm hinzuf\u00fcgen\u201d ausw\u00e4hlen. Danach sieht es wie eine native App aus, die Navigation ist einfach und alle Casino-Funktionen sind verf\u00fcgbar.<\/p>\n<p><img loading=\"lazy\" decoding=\"async\" class=\"alignnone wp-image-1471 size-full\" src=\"https:\/\/goldzino.org\/wp-content\/uploads\/2025\/10\/Gold-Zino-iOS.webp\" alt=\"Gold Zino iOS App\" width=\"1248\" height=\"536\" srcset=\"https:\/\/goldzino.org\/wp-content\/uploads\/2025\/10\/Gold-Zino-iOS.webp 1248w, https:\/\/goldzino.org\/wp-content\/uploads\/2025\/10\/Gold-Zino-iOS-300x129.webp 300w, https:\/\/goldzino.org\/wp-content\/uploads\/2025\/10\/Gold-Zino-iOS-1024x440.webp 1024w, https:\/\/goldzino.org\/wp-content\/uploads\/2025\/10\/Gold-Zino-iOS-768x330.webp 768w\" sizes=\"auto, (max-width: 1248px) 100vw, 1248px\" \/><\/p>\n<\/div><\/div><div style=\"clear: both\"><\/div><div class=\"d-flex justify-content-center\"><button data-item=\"decouvrez_link\" data-group=\"website_links\" class=\"goto fw-bold rounded-pill btn btn-orange\" aria-label=\"Goldzino-App herunterladen\" >Goldzino-App herunterladen<\/button><\/div><div class=\"scrollable-content-wrap my-5\"><div class=\"scrollable-content-inner\"><h2>Goldzino Casino Anwendung f\u00fcr Windows und Mac<\/h2>\n<p>Wir haben einige besondere Spieler auf unserer Plattform, die sich ausschlie\u00dflich f\u00fcr traditionelle Desktop-Spiele interessieren! Diese Spieler haben auch die M\u00f6glichkeit, Goldzino zu nutzen, wo sie auf eine webbasierte Plattform zugreifen k\u00f6nnen, die \u00fcber jeden Browser unter Windows oder macOS gespielt werden kann. Unsere multifunktionale, moderne Plattform ist \u00e4u\u00dferst praktisch, funktioniert unter allen Umst\u00e4nden und ist sicher, sodass Sie Ihre Lieblingsspiele ohne Einschr\u00e4nkungen spielen k\u00f6nnen.<\/p>\n<h3>Verkn\u00fcpfung auf Ihrem Browser oder Desktop<\/h3>\n<p>Es wird empfohlen, Verkn\u00fcpfungen hinzuzuf\u00fcgen, um den Zugriff zu erleichtern, und unsere Gold Zino Verkn\u00fcpfung ist ein Problem, das Sie Ihrem PC hinzuf\u00fcgen k\u00f6nnen. In Webbrowsern wie Google Chrome, Firefox, Opera und anderen erscheint ein Symbol in Ihrer Taskleiste oder auf Ihrem Desktop, wenn Sie auf die Schaltfl\u00e4che mit den drei Punkten klicken und die Option zum Erstellen einer Verkn\u00fcpfung ausw\u00e4hlen. Mit diesem kleinen Trick k\u00f6nnen Sie ganz einfach auf unsere Goldzino Casino-Plattform zugreifen, wodurch ein nahtloser \u00dcbergang vom Desktop zum Mobilger\u00e4t ohne Verifizierungsprozess m\u00f6glich ist.<\/p>\n<p>Sie k\u00f6nnen sich freuen, denn unsere Desktop-Variante Gold Zino unterst\u00fctzt alle Arten von Spielen \u2013 Karten, Roulette, Poker, Online-Slots und Magic Pots, Live-Casino-Spiele sowie Crash-Spiele. Der Demo-Modus funktioniert ebenfalls einwandfrei. Alles l\u00e4uft sehr schnell, alle Casino-Optionen sind verf\u00fcgbar und es erm\u00f6glicht sorgenfreie Ein- und Auszahlungen sowie ein unkompliziertes Spielvergn\u00fcgen nach Ihren W\u00fcnschen.<\/p>\n<p><img loading=\"lazy\" decoding=\"async\" class=\"alignnone size-full wp-image-2252\" src=\"https:\/\/goldzino.org\/wp-content\/uploads\/2025\/10\/Gold-Zino-DE.webp\" alt=\"Gold Zino\" width=\"1248\" height=\"536\" srcset=\"https:\/\/goldzino.org\/wp-content\/uploads\/2025\/10\/Gold-Zino-DE.webp 1248w, https:\/\/goldzino.org\/wp-content\/uploads\/2025\/10\/Gold-Zino-DE-300x129.webp 300w, https:\/\/goldzino.org\/wp-content\/uploads\/2025\/10\/Gold-Zino-DE-1024x440.webp 1024w, https:\/\/goldzino.org\/wp-content\/uploads\/2025\/10\/Gold-Zino-DE-768x330.webp 768w\" sizes=\"auto, (max-width: 1248px) 100vw, 1248px\" \/><\/p>\n<\/div><\/div><div style=\"clear: both\"><\/div><div class=\"d-flex justify-content-center\"><button data-item=\"decouvrez_link\" data-group=\"website_links\" class=\"goto fw-bold rounded-pill btn btn-orange\" aria-label=\"Goldzino herunterladen\" >Goldzino herunterladen<\/button><\/div><div class=\"scrollable-content-wrap my-5\"><div class=\"scrollable-content-inner\"><h2>H\u00e4ufig gestellte Fragen<\/h2>\n<h3>Verf\u00fcgt die Goldzino Casino mobile Version \u00fcber einen Kundenservice?<\/h3>\n<p>Unsere moderne und funktionale Goldzino-App verf\u00fcgt \u00fcber ein gro\u00dfartiges und engagiertes Support-Team, das Sie bei Problemen \u00fcber den Live-Chat und per E-Mail kontaktieren k\u00f6nnen. Unser Kundenservice ist rund um die Uhr f\u00fcr Sie da und wir wissen alles, um Ihnen professionelle Betreuung in vielen Sprachen zu bieten. Der Support steht zur Verf\u00fcgung, um alle Fragen zu beantworten, sobald ein Spieler technische Schwierigkeiten hat oder Probleme mit der Verifizierung.<\/p>\n<h3>Muss ich mich f\u00fcr ein Konto anmelden, um die Gold Zino App nutzen zu k\u00f6nnen?<\/h3>\n<p>Die <a href=\"https:\/\/goldzino.org\/de\/anmeldung-und-registrierung\/\">Registrierung<\/a> ist zwar nicht obligatorisch, wird jedoch dringend empfohlen. Wenn Sie nur unsere Demospiele ausprobieren m\u00f6chten, ist keine Registrierung erforderlich. Um jedoch alle Funktionen von Goldzino Casino nutzen zu k\u00f6nnen, wie z. B. das Spielen einiger Spiele, das Antreten gegen andere Spieler, das Einzahlen und Abheben von Geld, ben\u00f6tigen Sie ein normales Konto. Die Registrierung ist schnell erledigt, dauert nur wenige Minuten und bietet Ihnen eine sichere Plattform, um mit dem Spielen zu beginnen.<\/p>\n<h3>Enth\u00e4lt die App von Goldzino Casino alle Spiele?<\/h3>\n<p>Die Gold Zino Anwendung verf\u00fcgt \u00fcber eine riesige Bibliothek mit B\u00fcchern, Tischspielen, Sofortgewinnen und Kartenspielen, Spielautomaten und Top-Titeln aller Genres. Derzeit haben wir mehr als 6.000 Spiele im Angebot und jeden Tag kommen neue hinzu. Alle unsere Spiele sind mobilfreundlich und wir erm\u00f6glichen es Spielern, mit derselben Qualit\u00e4t zu spielen und das Spielerlebnis genauso zu genie\u00dfen wie auf der Desktop-Version.<\/p>\n<h3>Wie kann ich die Goldzino Casino App aktualisieren?<\/h3>\n<p>Sie m\u00fcssen nichts weiter tun. Das Update erfolgt praktisch automatisch, da es so konzipiert ist \u2013 bequem und schnell, ohne dass Sie weitere Ma\u00dfnahmen ergreifen m\u00fcssen und sich unn\u00f6tig Gedanken dar\u00fcber machen m\u00fcssen, ob Sie auf dem neuesten Stand sind oder nicht. Goldzino Casino verf\u00fcgt \u00fcber alle neuesten Funktionen, Sicherheitspatches und Spiele, die automatisch ver\u00f6ffentlicht werden, damit sie jederzeit optimal funktionieren.<\/p>\n<\/div><\/div><\/p>\n","protected":false},"excerpt":{"rendered":"<p>Goldzino Casino App Die Goldzino App bietet eine hochwertige mobile Gaming-Plattform, auf der Spieler ihre Lieblings-Casinospiele \u00fcberall und jederzeit genie\u00dfen k\u00f6nnen. Die Goldzino App ist so konzipiert, dass sie mit allen Ger\u00e4ten kompatibel ist, sodass der Benutzer eine komfortable Navigation, schnelle Ladezeiten und sichere Transaktionen genie\u00dfen kann. Die App bietet mit ihrer intuitiven Benutzeroberfl\u00e4che und [&hellip;]<\/p>\n","protected":false},"author":1,"featured_media":0,"parent":0,"menu_order":0,"comment_status":"closed","ping_status":"closed","template":"template-builder.php","meta":{"_acf_changed":false,"inline_featured_image":false,"footnotes":""},"class_list":["post-1502","page","type-page","status-publish","hentry"],"acf":[],"yoast_head":"<!-- This site is optimized with the Yoast SEO plugin v27.3 - https:\/\/yoast.com\/product\/yoast-seo-wordpress\/ -->\n<title>Goldzino Casino App | Download f\u00fcr iOS &amp; Android<\/title>\n<meta name=\"description\" content=\"Nehmen Sie das Casino mit! Laden Sie die Gold Zino Casino-App auf Ihr Android- oder iOS-Ger\u00e4t herunter, um auch unterwegs sofort und einfach auf alle Ihre Lieblingsspiele zuzugreifen.\" \/>\n<meta name=\"robots\" content=\"index, follow, max-snippet:-1, max-image-preview:large, max-video-preview:-1\" \/>\n<link rel=\"canonical\" href=\"https:\/\/goldzino.org\/de\/app\/\" \/>\n<meta property=\"og:locale\" content=\"de_DE\" \/>\n<meta property=\"og:type\" content=\"article\" \/>\n<meta property=\"og:title\" content=\"Goldzino Casino App | Download f\u00fcr iOS &amp; Android\" \/>\n<meta property=\"og:description\" content=\"Nehmen Sie das Casino mit! Laden Sie die Gold Zino Casino-App auf Ihr Android- oder iOS-Ger\u00e4t herunter, um auch unterwegs sofort und einfach auf alle Ihre Lieblingsspiele zuzugreifen.\" \/>\n<meta property=\"og:url\" content=\"https:\/\/goldzino.org\/de\/app\/\" \/>\n<meta property=\"og:site_name\" content=\"goldzino\" \/>\n<meta property=\"article:modified_time\" content=\"2025-11-27T13:10:14+00:00\" \/>\n<meta name=\"twitter:card\" content=\"summary_large_image\" \/>\n<meta name=\"twitter:label1\" content=\"Gesch\u00e4tzte Lesezeit\" \/>\n\t<meta name=\"twitter:data1\" content=\"2\u00a0Minuten\" \/>\n<script type=\"application\/ld+json\" class=\"yoast-schema-graph\">{\"@context\":\"https:\\\/\\\/schema.org\",\"@graph\":[{\"@type\":\"WebPage\",\"@id\":\"https:\\\/\\\/goldzino.org\\\/de\\\/app\\\/\",\"url\":\"https:\\\/\\\/goldzino.org\\\/de\\\/app\\\/\",\"name\":\"Goldzino Casino App | Download f\u00fcr iOS & Android\",\"isPartOf\":{\"@id\":\"https:\\\/\\\/goldzino.org\\\/de\\\/#website\"},\"datePublished\":\"2025-10-23T06:01:26+00:00\",\"dateModified\":\"2025-11-27T13:10:14+00:00\",\"description\":\"Nehmen Sie das Casino mit! Laden Sie die Gold Zino Casino-App auf Ihr Android- oder iOS-Ger\u00e4t herunter, um auch unterwegs sofort und einfach auf alle Ihre Lieblingsspiele zuzugreifen.\",\"breadcrumb\":{\"@id\":\"https:\\\/\\\/goldzino.org\\\/de\\\/app\\\/#breadcrumb\"},\"inLanguage\":\"de\",\"potentialAction\":[{\"@type\":\"ReadAction\",\"target\":[\"https:\\\/\\\/goldzino.org\\\/de\\\/app\\\/\"]}]},{\"@type\":\"BreadcrumbList\",\"@id\":\"https:\\\/\\\/goldzino.org\\\/de\\\/app\\\/#breadcrumb\",\"itemListElement\":[{\"@type\":\"ListItem\",\"position\":1,\"name\":\"GoldZino\",\"item\":\"https:\\\/\\\/goldzino.org\\\/de\\\/\"},{\"@type\":\"ListItem\",\"position\":2,\"name\":\"App\"}]},{\"@type\":\"WebSite\",\"@id\":\"https:\\\/\\\/goldzino.org\\\/de\\\/#website\",\"url\":\"https:\\\/\\\/goldzino.org\\\/de\\\/\",\"name\":\"GoldZino\",\"description\":\"\",\"publisher\":{\"@id\":\"https:\\\/\\\/goldzino.org\\\/de\\\/#organization\"},\"potentialAction\":[{\"@type\":\"SearchAction\",\"target\":{\"@type\":\"EntryPoint\",\"urlTemplate\":\"https:\\\/\\\/goldzino.org\\\/de\\\/?s={search_term_string}\"},\"query-input\":{\"@type\":\"PropertyValueSpecification\",\"valueRequired\":true,\"valueName\":\"search_term_string\"}}],\"inLanguage\":\"de\"},{\"@type\":\"Organization\",\"@id\":\"https:\\\/\\\/goldzino.org\\\/de\\\/#organization\",\"name\":\"GoldZino\",\"url\":\"https:\\\/\\\/goldzino.org\\\/de\\\/\",\"logo\":{\"@type\":\"ImageObject\",\"inLanguage\":\"de\",\"@id\":\"https:\\\/\\\/goldzino.org\\\/de\\\/#\\\/schema\\\/logo\\\/image\\\/\",\"url\":\"https:\\\/\\\/goldzino.org\\\/wp-content\\\/uploads\\\/2025\\\/08\\\/80u1FaquEZeR6OUTeJCc.png\",\"contentUrl\":\"https:\\\/\\\/goldzino.org\\\/wp-content\\\/uploads\\\/2025\\\/08\\\/80u1FaquEZeR6OUTeJCc.png\",\"width\":209,\"height\":46,\"caption\":\"GoldZino\"},\"image\":{\"@id\":\"https:\\\/\\\/goldzino.org\\\/de\\\/#\\\/schema\\\/logo\\\/image\\\/\"}}]}<\/script>\n<!-- \/ Yoast SEO plugin. -->","yoast_head_json":{"title":"Goldzino Casino App | Download f\u00fcr iOS & Android","description":"Nehmen Sie das Casino mit! Laden Sie die Gold Zino Casino-App auf Ihr Android- oder iOS-Ger\u00e4t herunter, um auch unterwegs sofort und einfach auf alle Ihre Lieblingsspiele zuzugreifen.","robots":{"index":"index","follow":"follow","max-snippet":"max-snippet:-1","max-image-preview":"max-image-preview:large","max-video-preview":"max-video-preview:-1"},"canonical":"https:\/\/goldzino.org\/de\/app\/","og_locale":"de_DE","og_type":"article","og_title":"Goldzino Casino App | Download f\u00fcr iOS & Android","og_description":"Nehmen Sie das Casino mit! Laden Sie die Gold Zino Casino-App auf Ihr Android- oder iOS-Ger\u00e4t herunter, um auch unterwegs sofort und einfach auf alle Ihre Lieblingsspiele zuzugreifen.","og_url":"https:\/\/goldzino.org\/de\/app\/","og_site_name":"goldzino","article_modified_time":"2025-11-27T13:10:14+00:00","twitter_card":"summary_large_image","twitter_misc":{"Gesch\u00e4tzte Lesezeit":"2\u00a0Minuten"},"schema":{"@context":"https:\/\/schema.org","@graph":[{"@type":"WebPage","@id":"https:\/\/goldzino.org\/de\/app\/","url":"https:\/\/goldzino.org\/de\/app\/","name":"Goldzino Casino App | Download f\u00fcr iOS & Android","isPartOf":{"@id":"https:\/\/goldzino.org\/de\/#website"},"datePublished":"2025-10-23T06:01:26+00:00","dateModified":"2025-11-27T13:10:14+00:00","description":"Nehmen Sie das Casino mit! Laden Sie die Gold Zino Casino-App auf Ihr Android- oder iOS-Ger\u00e4t herunter, um auch unterwegs sofort und einfach auf alle Ihre Lieblingsspiele zuzugreifen.","breadcrumb":{"@id":"https:\/\/goldzino.org\/de\/app\/#breadcrumb"},"inLanguage":"de","potentialAction":[{"@type":"ReadAction","target":["https:\/\/goldzino.org\/de\/app\/"]}]},{"@type":"BreadcrumbList","@id":"https:\/\/goldzino.org\/de\/app\/#breadcrumb","itemListElement":[{"@type":"ListItem","position":1,"name":"GoldZino","item":"https:\/\/goldzino.org\/de\/"},{"@type":"ListItem","position":2,"name":"App"}]},{"@type":"WebSite","@id":"https:\/\/goldzino.org\/de\/#website","url":"https:\/\/goldzino.org\/de\/","name":"GoldZino","description":"","publisher":{"@id":"https:\/\/goldzino.org\/de\/#organization"},"potentialAction":[{"@type":"SearchAction","target":{"@type":"EntryPoint","urlTemplate":"https:\/\/goldzino.org\/de\/?s={search_term_string}"},"query-input":{"@type":"PropertyValueSpecification","valueRequired":true,"valueName":"search_term_string"}}],"inLanguage":"de"},{"@type":"Organization","@id":"https:\/\/goldzino.org\/de\/#organization","name":"GoldZino","url":"https:\/\/goldzino.org\/de\/","logo":{"@type":"ImageObject","inLanguage":"de","@id":"https:\/\/goldzino.org\/de\/#\/schema\/logo\/image\/","url":"https:\/\/goldzino.org\/wp-content\/uploads\/2025\/08\/80u1FaquEZeR6OUTeJCc.png","contentUrl":"https:\/\/goldzino.org\/wp-content\/uploads\/2025\/08\/80u1FaquEZeR6OUTeJCc.png","width":209,"height":46,"caption":"GoldZino"},"image":{"@id":"https:\/\/goldzino.org\/de\/#\/schema\/logo\/image\/"}}]}},"_links":{"self":[{"href":"https:\/\/goldzino.org\/de\/wp-json\/wp\/v2\/pages\/1502","targetHints":{"allow":["GET"]}}],"collection":[{"href":"https:\/\/goldzino.org\/de\/wp-json\/wp\/v2\/pages"}],"about":[{"href":"https:\/\/goldzino.org\/de\/wp-json\/wp\/v2\/types\/page"}],"author":[{"embeddable":true,"href":"https:\/\/goldzino.org\/de\/wp-json\/wp\/v2\/users\/1"}],"replies":[{"embeddable":true,"href":"https:\/\/goldzino.org\/de\/wp-json\/wp\/v2\/comments?post=1502"}],"version-history":[{"count":3,"href":"https:\/\/goldzino.org\/de\/wp-json\/wp\/v2\/pages\/1502\/revisions"}],"predecessor-version":[{"id":2261,"href":"https:\/\/goldzino.org\/de\/wp-json\/wp\/v2\/pages\/1502\/revisions\/2261"}],"wp:attachment":[{"href":"https:\/\/goldzino.org\/de\/wp-json\/wp\/v2\/media?parent=1502"}],"curies":[{"name":"wp","href":"https:\/\/api.w.org\/{rel}","templated":true}]}}